{"id":532,"date":"2023-08-03T13:16:56","date_gmt":"2023-08-03T11:16:56","guid":{"rendered":"https:\/\/www.dr-koch.de\/wissen\/?page_id=532"},"modified":"2023-11-14T09:44:40","modified_gmt":"2023-11-14T08:44:40","slug":"hydration-faszien-und-ernaehrung-teil-1-3","status":"publish","type":"page","link":"https:\/\/www.dr-koch.de\/wissen\/hydration-faszien-und-ernaehrung-teil-1-3\/","title":{"rendered":"Hydration &#8211; Faszien und Ern\u00e4hrung Teil 1\/3"},"content":{"rendered":"\r\n<p><img decoding=\"async\" title=\"relexa-home-emo\" src=\"https:\/\/www.dr-koch.de\/wissen\/wp-content\/uploads\/2023\/07\/relexa-home-emo.jpg\" alt=\"relexa-home-emo\" width=\"1920\" height=\"830\" \/><\/p>\r\n<h1>Hydration<\/h1>\r\n<p>Faszien und Ern\u00e4hrung Teil 1\/3<\/p>\r\n<p>Faszien und Ern\u00e4hrung! In unserer neuen 3-teiligen Serie zeigt\u00a0<strong>Dr. Kathrin Vergin<\/strong>, welche Rolle die Ern\u00e4hrung auf unsere Faszien hat und wie wir unsere Faszien und damit unser Bindegewebe optimal und gesund unterst\u00fctzen k\u00f6nnen.<\/p>\r\n<p>Dr. Kathrin Vergin arbeitet als\u00a0<strong>Ern\u00e4hrungsexpertin<\/strong>\u00a0und\u00a0<strong>Food-Coach<\/strong>\u00a0in Hamburg und hat mit mehr als 10 Jahren Erfahrung auf dem Gebiet der Lebensmittelanalyse und mit mehrj\u00e4hriger Erfahrung als Coach drei verschiedene Schwerpunkthemen im Bereich Faszien und Ern\u00e4hrung zusammengestellt.<\/p>\r\n<p>Den Auftakt bildet dabei das Thema: \u201eHydration&#8220;<\/p>\r\n<p><img decoding=\"async\" title=\"faszien-und-ernaehrung-naehrstoffe-vitamine-02_600x600\" src=\"https:\/\/www.dr-koch.de\/wissen\/wp-content\/uploads\/2023\/08\/faszien-und-ernaehrung-naehrstoffe-vitamine-02_600x600.jpg\" alt=\"faszien-und-ernaehrung-naehrstoffe-vitamine-02_600x600\" width=\"1200\" height=\"800\" \/><\/p>\r\n<h2>Faszien und Hydration<\/h2>\r\n<p>Faszien, oder auch Bindegewebe genannt, werden nicht nur durch Faktoren der genetischen Konstitution oder dem Ausma\u00df einer biomechanischen Stimulation beeinflusst, sondern auch durch ihr biomechanisches Milieu. Das bedeutet \u00fcbersetzt: Diese Faktoren haben einen Einfluss darauf, ob sich unsere Faszien steif, spr\u00f6de oder elastisch anf\u00fchlen. Dabei spielen die Bindegewebszellen, die sogenannten Fibroblasten, eine entscheidende Rolle. Denn sie sorgen daf\u00fcr, dass sich das k\u00f6rperweite kollagene Fasernetz erhalten und erneuern kann.<\/p>\r\n<p>Damit sich unsere Faszien also elastisch und geschmeidig anf\u00fchlen ben\u00f6tigen sie nicht nur Pflege von au\u00dfen, wie z.B. beim\u00a0<strong>Training mit der Faszienrolle<\/strong>, sondern auch Pflege und Unterst\u00fctzung von innen. Und zwar mit der\u00a0<strong>richtigen Ern\u00e4hrung<\/strong>.<\/p>\r\n<p>Unsere Faszien sind so ausgelegt, dass sie in einer \u201esauren&#8220; Umgebung zu einem harten Netz oder bei einer zuckerreichen Ern\u00e4hrung spr\u00f6de und br\u00fcchig werden k\u00f6nnen. Daher hat unsere Ern\u00e4hrung einen entscheidenden, aber bisher nicht so pr\u00e4senten Einfluss auf unsere Faszien. Um unser Bindegewebe optimal zu unterst\u00fctzen und zu erneuern, kann die Art und Weise wie wir uns ern\u00e4hren, oder auch welche Getr\u00e4nke wir zu uns nehmen, dabei unterst\u00fctzen unsere\u00a0<strong>Gesundheit, Leistungsf\u00e4higkeit oder Regeneration<\/strong>\u00a0zu steigern.<\/p>\r\n<h2>Wasser und Faszien<\/h2>\r\n<p>Unser K\u00f6rper besteht zu 50-60% aus Wasser und unser Fasziengewebe fast bis zu 80%. Dabei erscheint es in erster Linie ganz logisch, dass sich eine ausreichende Fl\u00fcssigkeitszufuhr, also Hydration, positiv auf ein elastisches Gewebe auswirkt. Legen wir einmal den t\u00e4glichen Fl\u00fcssigkeitsverlust mit rund 1,7 bis 2,0 Liter pro Tag gegen\u00fcber (Verlust z.B. \u00fcber Urin, Schwei\u00df oder die Haut), so wird deutlich, dass wir diesen Verlust nicht nur erstmal ausgleichen, sondern f\u00fcr eine Hydration der Organe und des Bindegewebes auch noch steigern sollten. Optimal w\u00e4ren dabei eine Fl\u00fcssigkeitsaufnahme von ca.\u00a0<strong>2,0 bis 2,5 Liter<\/strong>\u00a0pro Tag (ohne Sport).<\/p>\r\n<p>Hierbei sei auch der Hinweis gegeben, dass auch beim Training mit der Faszienrolle, Fl\u00fcssigkeit verloren geht, denn dabei wird Fl\u00fcssigkeit aus dem Gewebe abtransportiert. Unsere Faszien speichern n\u00e4mlich rund \u00bc des gesamten K\u00f6rperwassers! Daher auch gerade nach einer ausgiebigen Einheit mit der Relexa wieder ausreichend Fl\u00fcssigkeit aufnehmen! So erreicht man eine optimale Versorgung und Behandlung von innen und au\u00dfen.<\/p>\r\n<p><img decoding=\"async\" title=\"faszien-und-hydration-vergin\" src=\"https:\/\/www.dr-koch.de\/wissen\/wp-content\/uploads\/2023\/08\/faszien-und-hydration-vergin.jpg\" alt=\"faszien-und-hydration-vergin\" width=\"1200\" height=\"800\" \/><\/p>\r\n<p>Will man sein Bindegewebe optimal mit Fl\u00fcssigkeit versorgen, steht dabei nat\u00fcrlich Wasser, am besten ein<strong>\u00a0stilles Mineralwasser<\/strong>, ganz oben auf der Priorit\u00e4tenliste. Je besser die Qualit\u00e4t des Wassers dabei ist, desto besser wird das Bindegewebe versorgt. Doch was ist eine gute Qualit\u00e4t? Generell gilt: Wasser mit einem h\u00f6heren\u00a0<strong>Mineralstoffgehalt<\/strong>, sollte Wasser mit einem niedrigen Mineralstoffgehalt vorgezogen werden! Die Mineralien sorgen daf\u00fcr, dass wir Wasser im K\u00f6rper binden k\u00f6nnen und stellen somit die Funktionen der Muskulatur sicher. Zudem werden Sehnen, Knochen, Knorpel, Gelenke und B\u00e4nder optimal unterst\u00fctzt. Da alle diese Bestandteile unseres K\u00f6rpers erst durch unsere Faszien zu einer Einheit werden, liegt eine optimale Versorgung unseres K\u00f6rpers durch Ern\u00e4hrung n\u00e4her als man zun\u00e4chst vermutet.<\/p>\r\n<h2>Mineralien und Vitalstoffe<\/h2>\r\n<p>Die elementarsten Bestandteile in unserem Mineralwasser sind Magnesium und Kalzium.\u00a0<strong>Magnesium<\/strong>\u00a0ist ein fester Bestandteil unseres Gewebes. Bei der Versorgung mit einem weniger hochwertigen Mineralwasser kann es vorkommen, dass weitere Mineralien aus dem K\u00f6rper geschwemmt werden. Dabei kann es zu einem Mangel an Mineralien kommen und damit zu einem schlechteren Bindegewebe. Der t\u00e4gliche Bedarf an Magnesium liegt (in einem Alter von 25 bis 51 Jahren) bei 350mg f\u00fcr M\u00e4nner und 300mg f\u00fcr Frauen. Bei\u00a0<strong>Kalzium<\/strong>\u00a0liegt der Bedarf pro Tag bei knapp 1000mg.<\/p>\r\n<p>Damit geh\u00f6rt neben einer gesunden Ern\u00e4hrung (dazu mehr in den n\u00e4chsten Blogbeitr\u00e4gen) auch eine gute Versorgung unserer Faszien mit einem hochwertigen Wasser. Optimal ist dabei ein Verh\u00e4ltnis von 2:1 (also doppelt so viel Kalzium wie Magnesium).<\/p>\r\n<h2>Softgetr\u00e4nke und Zucker<\/h2>\r\n<p><img decoding=\"async\" title=\"Fotolia_71689746_XS\" src=\"https:\/\/www.dr-koch.de\/wissen\/wp-content\/uploads\/2023\/08\/Fotolia_71689746_XS.jpg\" alt=\"Fotolia_71689746_XS\" width=\"846\" height=\"566\" \/><\/p>\r\n<p>Wie oben bereits beschrieben, kann sich ein hoher Zuckergehalt in unserer Nahrung negativ auf unsere Faszien auswirken. Das gilt auch f\u00fcr Getr\u00e4nke. Studien zeigen: Fast zehn Milliarden Liter Softdrinks verbrauchen die Deutschen pro Jahr, das entspricht 120 Liter pro Kopf an Limonaden, Fruchtschorlen, Fruchtsaftgetr\u00e4nken.<\/p>\r\n<p>Wer zum Beispiel einen halben Liter Cola trinkt, nimmt \u00fcber 220 Kilokalorien zu sich und mehr als 54g Zucker, also fast doppelt so viel, wie die Weltgesundheitsorganisation (WHO) f\u00fcr einen ganzen Tag empfiehlt.<\/p>\r\n<p>Oft befassen wir uns nur mit den Gedanken daran, was wir essen. Doch in fast allen Getr\u00e4nken, au\u00dfer Wasser, sind N\u00e4hrstoffe enthalten, die dem K\u00f6rper auf \u00e4hnliche Weise Energie zuf\u00fchren wie feste Speisen. Meist handelt es sich dabei, wie schon zuvor angedeutet, um Zucker. Zucker fehlt es generell an s\u00e4mtlichen Vitaminen oder Vitalstoffen, weshalb er auch oft als \u201eleeres Kohlenhydrat&#8220; bezeichnet wird.<\/p>\r\n<p>&nbsp;<\/p>\r\n<p>Ein erh\u00f6hter oder gar starker Konsum von Zucker steigert nicht nur st\u00e4ndig den\u00a0<strong>Appetit<\/strong>, sondern f\u00f6rdert auch die so unbeliebten\u00a0<strong>Hei\u00dfhungerattacken<\/strong>. Einer der Gr\u00fcnde: Es fehlt uns an wichtigen Vitaminen und Mineralstoffen. Gelangen wir in diesem Bereich in ein Defizit, signalisiert der K\u00f6per uns, dass er mehr braucht. Oft h\u00e4ngt dieser Kreislauf mit einer Gewichtszunahme zusammen. Nach dem Genuss von Zucker (Glukose) &#8211; ob in fester oder fl\u00fcssiger Form &#8211; sch\u00fcttet der K\u00f6rper auch noch Insulin aus. Zuckerhaltige Getr\u00e4nke stimulieren damit den Insulinspiegel sogar noch schneller als feste kohlenhydratreiche Mahlzeiten und f\u00fchren zu h\u00f6heren Insulinspitzen. Selbst mit kleineren Zuckermengen in fl\u00fcssiger Form bleibt der Insulinspiegel st\u00e4ndig hoch &#8211; und damit der\u00a0<strong>Abbau von Fettgewebe<\/strong>\u00a0\u00fcber lange Zeitr\u00e4ume\u00a0<strong>blockiert<\/strong>. Wir nehmen zu.<\/p>\r\n<p>Unsere Faszien bauen in diesem Prozess parallel zahlreiche\u00a0<strong>Kristalle<\/strong>\u00a0in ihre Grundsubstanz ein. Das bedeutet sie werden\u00a0<strong>spr\u00f6de<\/strong>\u00a0und\u00a0<strong>br\u00fcchig<\/strong>. Dadurch kann das Risiko f\u00fcr Verletzungen steigen. Dazu ist die Heilungszeit verk\u00fcrzt. Wir regenerieren langsamer.<\/p>\r\n<h2>Fazit und Empfehlungen<\/h2>\r\n<p>Zusammenfassend ist also die richtige Fl\u00fcssigkeitszufuhr f\u00fcr unsere Faszien wichtiger, als bisher angenommen und hat mehr Einfluss auf ihre Elastizit\u00e4t als erwartet. Wollen wir also unsere Faszien optimal versorgen, dann sind 2,0 bis 2,5 Liter Wasser pro Tag zu empfehlen. Dazu w\u00e4re eine\u00a0<strong>gute Mineralstoffversorgung<\/strong> w\u00fcnschenswert. Doch was wenn einem Wasser, so ganz ohne Geschmack, einfach nicht zusagt? Neben Wasser bietet sich auch unges\u00fc\u00dfter Tee an. Dabei kannst Du z.B. auf gr\u00fcnen Tee, Kamillentee, Rotbusch- oder Ingwertee zur\u00fcckgreifen. Oder Du peppst Dein Wasser einfach mit Ingwer oder Minze auf. Diese Getr\u00e4nke, wie z.B. gr\u00fcner Tee, enthalten zahlreiche <strong>Antioxydanzien oder Polyphenole<\/strong>. Wissenschaftler finden in Experimenten immer wieder neue, positive Einfl\u00fcsse der Polyphenole auf den Menschen. Sie wirken antioxidativ, binden freie Radikale und k\u00f6nnen so verschiedene Alterungsprozesse hemmen. Sie k\u00f6nnen den Blutdruck regulieren, Fettoxidation verhindern, Arteriosklerose vorbeugen und die Blutfettwerte verbessern.<\/p>\r\n<p>&nbsp;<\/p>\r\n<p><img decoding=\"async\" title=\"Fotolia_80303387_XS\" src=\"https:\/\/www.dr-koch.de\/wissen\/wp-content\/uploads\/2023\/08\/Fotolia_80303387_XS.jpg\" alt=\"Fotolia_80303387_XS\" width=\"848\" height=\"566\" \/><\/p>\r\n<p>Zusammenfassend ist also die richtige Fl\u00fcssigkeitszufuhr f\u00fcr unsere Faszien wichtiger, als bisher angenommen und hat mehr Einfluss auf ihre Elastizit\u00e4t als erwartet. Wollen wir also unsere Faszien optimal versorgen, dann sind 2,0 bis 2,5 Liter Wasser pro Tag zu empfehlen. Dazu w\u00e4re eine\u00a0<strong>gute Mineralstoffversorgung<\/strong> w\u00fcnschenswert. Doch was wenn einem Wasser, so ganz ohne Geschmack, einfach nicht zusagt? Neben Wasser bietet sich auch unges\u00fc\u00dfter Tee an. Dabei kannst Du z.B. auf gr\u00fcnen Tee, Kamillentee, Rotbusch- oder Ingwertee zur\u00fcckgreifen. Oder Du peppst Dein Wasser einfach mit Ingwer oder Minze auf. Diese Getr\u00e4nke, wie z.B. gr\u00fcner Tee, enthalten zahlreiche <strong>Antioxydanzien oder Polyphenole<\/strong>. Wissenschaftler finden in Experimenten immer wieder neue, positive Einfl\u00fcsse der Polyphenole auf den Menschen. Sie wirken antioxidativ, binden freie Radikale und k\u00f6nnen so verschiedene Alterungsprozesse hemmen. Sie k\u00f6nnen den Blutdruck regulieren, Fettoxidation verhindern, Arteriosklerose vorbeugen und die Blutfettwerte verbessern.<\/p>\r\n<h2>Ausblick Teil 2\/3:<\/h2>\r\n<p>Was unsere Faszien neben einer guten Hydration noch f\u00fcr eine optimale Erneuerung und St\u00e4rkung ben\u00f6tigen, zeigt Dr. Kathrin Vergin auch in den kommenden zwei Beitr\u00e4gen. In der n\u00e4chsten Folge geht es dabei um das Thema \u201e<strong>\u00dcbers\u00e4uerung<\/strong>&#8222;. Ein S\u00e4ure\u00fcberschuss schadet dem gesamten Organismus, und das Faszien-Gewebe ist hier keinesfalls ausgenommen. Ganz im Gegenteil, denn dieses Gewebe hat aufgrund seines hohen Fl\u00fcssigkeitsanteils einen besonders intensiven Kontakt zu den in der extrazellul\u00e4ren Fl\u00fcssigkeit anfallenden S\u00e4uren. Erfahre mehr dazu in der kommenden Ausgabe.<\/p>\r\n<h2>Passende Produkte<\/h2>\r\n","protected":false},"excerpt":{"rendered":"<p>Hydration Faszien und Ern\u00e4hrung Teil 1\/3 Faszien und Ern\u00e4hrung! In unserer neuen 3-teiligen Serie zeigt\u00a0Dr. Kathrin Vergin, welche Rolle die Ern\u00e4hrung auf unsere Faszien hat und wie wir unsere Faszien und damit unser Bindegewebe optimal und gesund unterst\u00fctzen k\u00f6nnen. Dr. Kathrin Vergin arbeitet als\u00a0Ern\u00e4hrungsexpertin\u00a0und\u00a0Food-Coach\u00a0in Hamburg und hat mit mehr als 10 Jahren Erfahrung auf dem&hellip;<\/p>\n","protected":false},"author":1,"featured_media":0,"parent":0,"menu_order":0,"comment_status":"closed","ping_status":"closed","template":"","meta":{"_acf_changed":false,"inline_featured_image":false,"footnotes":""},"class_list":["post-532","page","type-page","status-publish","hentry"],"acf":[],"yoast_head":"<!-- This site is optimized with the Yoast SEO plugin v26.6 - https:\/\/yoast.com\/wordpress\/plugins\/seo\/ -->\r\n<title>Faszien Ern\u00e4hrung optimieren - f\u00fcr nicht verklebte Faszien<\/title>\r\n<meta name=\"description\" content=\"Optimiere deine Faszien-Ern\u00e4hrung f\u00fcr gesunde, nicht verklebte Faszien. \ud83e\udd66 Entdecke die besten Tipps und Tricks f\u00fcr eine effektive Faszien-Ern\u00e4hrung.\" \/>\r\n<meta name=\"robots\" content=\"index, follow, max-snippet:-1, max-image-preview:large, max-video-preview:-1\" \/>\r\n<link rel=\"canonical\" href=\"https:\/\/www.dr-koch.de\/wissen\/hydration-faszien-und-ernaehrung-teil-1-3\/\" \/>\r\n<meta property=\"og:locale\" content=\"de_DE\" \/>\r\n<meta property=\"og:type\" content=\"article\" \/>\r\n<meta property=\"og:title\" content=\"Faszien Ern\u00e4hrung optimieren - f\u00fcr nicht verklebte Faszien\" \/>\r\n<meta property=\"og:description\" content=\"Optimiere deine Faszien-Ern\u00e4hrung f\u00fcr gesunde, nicht verklebte Faszien. \ud83e\udd66 Entdecke die besten Tipps und Tricks f\u00fcr eine effektive Faszien-Ern\u00e4hrung.\" \/>\r\n<meta property=\"og:url\" content=\"https:\/\/www.dr-koch.de\/wissen\/hydration-faszien-und-ernaehrung-teil-1-3\/\" \/>\r\n<meta property=\"og:site_name\" content=\"Dr. Paul Koch GmbH\" \/>\r\n<meta property=\"article:publisher\" content=\"https:\/\/www.facebook.com\/relexa.fit\/?locale=de_DE\" \/>\r\n<meta property=\"article:modified_time\" content=\"2023-11-14T08:44:40+00:00\" \/>\r\n<meta property=\"og:image\" content=\"https:\/\/www.dr-koch.de\/wissen\/wp-content\/uploads\/2023\/07\/relexa-home-emo.jpg\" \/>\r\n<meta name=\"twitter:card\" content=\"summary_large_image\" \/>\r\n<meta name=\"twitter:label1\" content=\"Gesch\u00e4tzte Lesezeit\" \/>\n\t<meta name=\"twitter:data1\" content=\"9\u00a0Minuten\" \/>\r\n<script type=\"application\/ld+json\" class=\"yoast-schema-graph\">{\"@context\":\"https:\/\/schema.org\",\"@graph\":[{\"@type\":\"WebPage\",\"@id\":\"https:\/\/www.dr-koch.de\/wissen\/hydration-faszien-und-ernaehrung-teil-1-3\/\",\"url\":\"https:\/\/www.dr-koch.de\/wissen\/hydration-faszien-und-ernaehrung-teil-1-3\/\",\"name\":\"Faszien Ern\u00e4hrung optimieren - f\u00fcr nicht verklebte Faszien\",\"isPartOf\":{\"@id\":\"https:\/\/www.dr-koch.de\/wissen\/#website\"},\"primaryImageOfPage\":{\"@id\":\"https:\/\/www.dr-koch.de\/wissen\/hydration-faszien-und-ernaehrung-teil-1-3\/#primaryimage\"},\"image\":{\"@id\":\"https:\/\/www.dr-koch.de\/wissen\/hydration-faszien-und-ernaehrung-teil-1-3\/#primaryimage\"},\"thumbnailUrl\":\"https:\/\/www.dr-koch.de\/wissen\/wp-content\/uploads\/2023\/07\/relexa-home-emo.jpg\",\"datePublished\":\"2023-08-03T11:16:56+00:00\",\"dateModified\":\"2023-11-14T08:44:40+00:00\",\"description\":\"Optimiere deine Faszien-Ern\u00e4hrung f\u00fcr gesunde, nicht verklebte Faszien. \ud83e\udd66 Entdecke die besten Tipps und Tricks f\u00fcr eine effektive Faszien-Ern\u00e4hrung.\",\"breadcrumb\":{\"@id\":\"https:\/\/www.dr-koch.de\/wissen\/hydration-faszien-und-ernaehrung-teil-1-3\/#breadcrumb\"},\"inLanguage\":\"de\",\"potentialAction\":[{\"@type\":\"ReadAction\",\"target\":[\"https:\/\/www.dr-koch.de\/wissen\/hydration-faszien-und-ernaehrung-teil-1-3\/\"]}]},{\"@type\":\"ImageObject\",\"inLanguage\":\"de\",\"@id\":\"https:\/\/www.dr-koch.de\/wissen\/hydration-faszien-und-ernaehrung-teil-1-3\/#primaryimage\",\"url\":\"https:\/\/www.dr-koch.de\/wissen\/wp-content\/uploads\/2023\/07\/relexa-home-emo.jpg\",\"contentUrl\":\"https:\/\/www.dr-koch.de\/wissen\/wp-content\/uploads\/2023\/07\/relexa-home-emo.jpg\",\"width\":1920,\"height\":830},{\"@type\":\"BreadcrumbList\",\"@id\":\"https:\/\/www.dr-koch.de\/wissen\/hydration-faszien-und-ernaehrung-teil-1-3\/#breadcrumb\",\"itemListElement\":[{\"@type\":\"ListItem\",\"position\":1,\"name\":\"Home\",\"item\":\"https:\/\/www.dr-koch.de\/wissen\/\"},{\"@type\":\"ListItem\",\"position\":2,\"name\":\"Hydration &#8211; Faszien und Ern\u00e4hrung Teil 1\/3\"}]},{\"@type\":\"WebSite\",\"@id\":\"https:\/\/www.dr-koch.de\/wissen\/#website\",\"url\":\"https:\/\/www.dr-koch.de\/wissen\/\",\"name\":\"Dr. Paul Koch GmbH\",\"description\":\"\",\"publisher\":{\"@id\":\"https:\/\/www.dr-koch.de\/wissen\/#organization\"},\"potentialAction\":[{\"@type\":\"SearchAction\",\"target\":{\"@type\":\"EntryPoint\",\"urlTemplate\":\"https:\/\/www.dr-koch.de\/wissen\/?s={search_term_string}\"},\"query-input\":{\"@type\":\"PropertyValueSpecification\",\"valueRequired\":true,\"valueName\":\"search_term_string\"}}],\"inLanguage\":\"de\"},{\"@type\":\"Organization\",\"@id\":\"https:\/\/www.dr-koch.de\/wissen\/#organization\",\"name\":\"Dr. Paul Koch GmbH\",\"alternateName\":\"relexa\",\"url\":\"https:\/\/www.dr-koch.de\/wissen\/\",\"logo\":{\"@type\":\"ImageObject\",\"inLanguage\":\"de\",\"@id\":\"https:\/\/www.dr-koch.de\/wissen\/#\/schema\/logo\/image\/\",\"url\":\"https:\/\/www.dr-koch.de\/wissen\/wp-content\/uploads\/2023\/06\/nav-logo-koch.svg\",\"contentUrl\":\"https:\/\/www.dr-koch.de\/wissen\/wp-content\/uploads\/2023\/06\/nav-logo-koch.svg\",\"width\":266,\"height\":60,\"caption\":\"Dr. Paul Koch GmbH\"},\"image\":{\"@id\":\"https:\/\/www.dr-koch.de\/wissen\/#\/schema\/logo\/image\/\"},\"sameAs\":[\"https:\/\/www.facebook.com\/relexa.fit\/?locale=de_DE\",\"https:\/\/www.youtube.com\/channel\/UC9uGb6vJqdZpRrWZDKvKHIw\"]}]}<\/script>\r\n<!-- \/ Yoast SEO plugin. -->","yoast_head_json":{"title":"Faszien Ern\u00e4hrung optimieren - f\u00fcr nicht verklebte Faszien","description":"Optimiere deine Faszien-Ern\u00e4hrung f\u00fcr gesunde, nicht verklebte Faszien. \ud83e\udd66 Entdecke die besten Tipps und Tricks f\u00fcr eine effektive Faszien-Ern\u00e4hrung.","robots":{"index":"index","follow":"follow","max-snippet":"max-snippet:-1","max-image-preview":"max-image-preview:large","max-video-preview":"max-video-preview:-1"},"canonical":"https:\/\/www.dr-koch.de\/wissen\/hydration-faszien-und-ernaehrung-teil-1-3\/","og_locale":"de_DE","og_type":"article","og_title":"Faszien Ern\u00e4hrung optimieren - f\u00fcr nicht verklebte Faszien","og_description":"Optimiere deine Faszien-Ern\u00e4hrung f\u00fcr gesunde, nicht verklebte Faszien. \ud83e\udd66 Entdecke die besten Tipps und Tricks f\u00fcr eine effektive Faszien-Ern\u00e4hrung.","og_url":"https:\/\/www.dr-koch.de\/wissen\/hydration-faszien-und-ernaehrung-teil-1-3\/","og_site_name":"Dr. Paul Koch GmbH","article_publisher":"https:\/\/www.facebook.com\/relexa.fit\/?locale=de_DE","article_modified_time":"2023-11-14T08:44:40+00:00","og_image":[{"url":"https:\/\/www.dr-koch.de\/wissen\/wp-content\/uploads\/2023\/07\/relexa-home-emo.jpg","type":"","width":"","height":""}],"twitter_card":"summary_large_image","twitter_misc":{"Gesch\u00e4tzte Lesezeit":"9\u00a0Minuten"},"schema":{"@context":"https:\/\/schema.org","@graph":[{"@type":"WebPage","@id":"https:\/\/www.dr-koch.de\/wissen\/hydration-faszien-und-ernaehrung-teil-1-3\/","url":"https:\/\/www.dr-koch.de\/wissen\/hydration-faszien-und-ernaehrung-teil-1-3\/","name":"Faszien Ern\u00e4hrung optimieren - f\u00fcr nicht verklebte Faszien","isPartOf":{"@id":"https:\/\/www.dr-koch.de\/wissen\/#website"},"primaryImageOfPage":{"@id":"https:\/\/www.dr-koch.de\/wissen\/hydration-faszien-und-ernaehrung-teil-1-3\/#primaryimage"},"image":{"@id":"https:\/\/www.dr-koch.de\/wissen\/hydration-faszien-und-ernaehrung-teil-1-3\/#primaryimage"},"thumbnailUrl":"https:\/\/www.dr-koch.de\/wissen\/wp-content\/uploads\/2023\/07\/relexa-home-emo.jpg","datePublished":"2023-08-03T11:16:56+00:00","dateModified":"2023-11-14T08:44:40+00:00","description":"Optimiere deine Faszien-Ern\u00e4hrung f\u00fcr gesunde, nicht verklebte Faszien. \ud83e\udd66 Entdecke die besten Tipps und Tricks f\u00fcr eine effektive Faszien-Ern\u00e4hrung.","breadcrumb":{"@id":"https:\/\/www.dr-koch.de\/wissen\/hydration-faszien-und-ernaehrung-teil-1-3\/#breadcrumb"},"inLanguage":"de","potentialAction":[{"@type":"ReadAction","target":["https:\/\/www.dr-koch.de\/wissen\/hydration-faszien-und-ernaehrung-teil-1-3\/"]}]},{"@type":"ImageObject","inLanguage":"de","@id":"https:\/\/www.dr-koch.de\/wissen\/hydration-faszien-und-ernaehrung-teil-1-3\/#primaryimage","url":"https:\/\/www.dr-koch.de\/wissen\/wp-content\/uploads\/2023\/07\/relexa-home-emo.jpg","contentUrl":"https:\/\/www.dr-koch.de\/wissen\/wp-content\/uploads\/2023\/07\/relexa-home-emo.jpg","width":1920,"height":830},{"@type":"BreadcrumbList","@id":"https:\/\/www.dr-koch.de\/wissen\/hydration-faszien-und-ernaehrung-teil-1-3\/#breadcrumb","itemListElement":[{"@type":"ListItem","position":1,"name":"Home","item":"https:\/\/www.dr-koch.de\/wissen\/"},{"@type":"ListItem","position":2,"name":"Hydration &#8211; Faszien und Ern\u00e4hrung Teil 1\/3"}]},{"@type":"WebSite","@id":"https:\/\/www.dr-koch.de\/wissen\/#website","url":"https:\/\/www.dr-koch.de\/wissen\/","name":"Dr. Paul Koch GmbH","description":"","publisher":{"@id":"https:\/\/www.dr-koch.de\/wissen\/#organization"},"potentialAction":[{"@type":"SearchAction","target":{"@type":"EntryPoint","urlTemplate":"https:\/\/www.dr-koch.de\/wissen\/?s={search_term_string}"},"query-input":{"@type":"PropertyValueSpecification","valueRequired":true,"valueName":"search_term_string"}}],"inLanguage":"de"},{"@type":"Organization","@id":"https:\/\/www.dr-koch.de\/wissen\/#organization","name":"Dr. Paul Koch GmbH","alternateName":"relexa","url":"https:\/\/www.dr-koch.de\/wissen\/","logo":{"@type":"ImageObject","inLanguage":"de","@id":"https:\/\/www.dr-koch.de\/wissen\/#\/schema\/logo\/image\/","url":"https:\/\/www.dr-koch.de\/wissen\/wp-content\/uploads\/2023\/06\/nav-logo-koch.svg","contentUrl":"https:\/\/www.dr-koch.de\/wissen\/wp-content\/uploads\/2023\/06\/nav-logo-koch.svg","width":266,"height":60,"caption":"Dr. Paul Koch GmbH"},"image":{"@id":"https:\/\/www.dr-koch.de\/wissen\/#\/schema\/logo\/image\/"},"sameAs":["https:\/\/www.facebook.com\/relexa.fit\/?locale=de_DE","https:\/\/www.youtube.com\/channel\/UC9uGb6vJqdZpRrWZDKvKHIw"]}]}},"_links":{"self":[{"href":"https:\/\/www.dr-koch.de\/wissen\/wp-json\/wp\/v2\/pages\/532","targetHints":{"allow":["GET"]}}],"collection":[{"href":"https:\/\/www.dr-koch.de\/wissen\/wp-json\/wp\/v2\/pages"}],"about":[{"href":"https:\/\/www.dr-koch.de\/wissen\/wp-json\/wp\/v2\/types\/page"}],"author":[{"embeddable":true,"href":"https:\/\/www.dr-koch.de\/wissen\/wp-json\/wp\/v2\/users\/1"}],"replies":[{"embeddable":true,"href":"https:\/\/www.dr-koch.de\/wissen\/wp-json\/wp\/v2\/comments?post=532"}],"version-history":[{"count":5,"href":"https:\/\/www.dr-koch.de\/wissen\/wp-json\/wp\/v2\/pages\/532\/revisions"}],"predecessor-version":[{"id":1137,"href":"https:\/\/www.dr-koch.de\/wissen\/wp-json\/wp\/v2\/pages\/532\/revisions\/1137"}],"wp:attachment":[{"href":"https:\/\/www.dr-koch.de\/wissen\/wp-json\/wp\/v2\/media?parent=532"}],"curies":[{"name":"wp","href":"https:\/\/api.w.org\/{rel}","templated":true}]}}