{"id":516,"date":"2023-08-03T10:27:15","date_gmt":"2023-08-03T08:27:15","guid":{"rendered":"https:\/\/www.dr-koch.de\/wissen\/?page_id=516"},"modified":"2023-11-14T08:58:44","modified_gmt":"2023-11-14T07:58:44","slug":"wirkung-der-faszienrolle","status":"publish","type":"page","link":"https:\/\/www.dr-koch.de\/wissen\/wirkung-der-faszienrolle\/","title":{"rendered":"Faszienrolle Wirkung: das passiert im K\u00f6rper"},"content":{"rendered":"\r\n<p><img decoding=\"async\" title=\"faszientraining-oberschenkel\" src=\"https:\/\/www.dr-koch.de\/wissen\/wp-content\/uploads\/2023\/07\/faszientraining-oberschenkel.jpg\" alt=\"faszientraining-oberschenkel\" width=\"2200\" height=\"951\" \/><\/p>\r\n<h1>Faszienrolle Wirkung<\/h1>\r\n<p>das passiert im K\u00f6rper<\/p>\r\n<p><img decoding=\"async\" src=\"https:\/\/i.ytimg.com\/vi\/GZoFDVLU4eU\/maxresdefault.jpg\" alt=\"youtube-video-thumbnail\" \/><\/p>\r\n<h2>Was sollte ich \u00fcber die Wirkung von Faszienrollen wissen?<\/h2>\r\n<p>Die Faszienrolle ist ein Fitnessprodukt das man zur Selbstmassage, zur Therapie, aber auch zum k\u00f6rperlichen Training einsetzen kann. Die Hauptanwendung das Abrollen, die Selbstmassage, das Rollout der verschiedenen K\u00f6rperpartien. Die Nutzung ist einfach, unkompliziert und nahezu ungef\u00e4hrlich. F\u00fcr einen regelm\u00e4\u00dfigen Einsatz sollte man sich aber vorher informieren. Bei Vorerkrankungen auf jeden Fall einem Arzt oder entsprechenden Therapeuten sprechen. Es gibt verschiedene H\u00e4rtegrade, Gr\u00f6\u00dfen und Formen der Faszienrolle. Die Rolle sollte zun\u00e4chst vor allem zu meinem Ziel und zu meiner subjektiven Wahrnehmung passen. H\u00e4rter ist nicht besser und weicher auf keinen Fall schlechter. Je nach Zustand des Gewebes, ist das Abrollen der Faszien und verschiedenen K\u00f6rperpartien mehr oder weniger schmerzhaft. Die Schmerzeinteilung lautet:<\/p>\r\n<ol>\r\n<li>Mama Mia<\/li>\r\n<li>Du alter Schwede<\/li>\r\n<li>Um Gottes Willen<\/li>\r\n<\/ol>\r\n<p>Bis \u201eDu alter Schwede&#8220; ist alles ok. Wenn es ein Gef\u00fchl von \u201eUm Gottes Willen&#8220; bekommt solltest Du an der Stelle mit dem Rollen aufh\u00f6ren oder zun\u00e4chst mit einem Trainer oder Therapeuten sprechen. Die Faszienrolle wirkt immer mit einem Lebendigkeitsimpuls f\u00fcr den ganzen K\u00f6rper. Jeder sollte so eine Rolle regelm\u00e4\u00dfig in seinem Alltag einsetzen und die positiven Effekte f\u00fcr sich nutzen.<\/p>\r\n<p><img decoding=\"async\" title=\"8300000\" src=\"https:\/\/www.dr-koch.de\/wissen\/wp-content\/uploads\/2023\/07\/8300000.jpg\" alt=\"8300000\" width=\"800\" height=\"800\" \/><\/p>\r\n<h2>Faszienrolle Wirkung bei Cellulite<\/h2>\r\n<p>Bindegewebe mit Cellulitis leidet unter einer Unterversorgung bzw. mangelndem Stoffwechsel. Somit hilft an diesen Stellen alles, was den Stoffwechsel anregt. Das kann die Faszienrolle leisten. Aufgrund ihrer gro\u00dfen Fl\u00e4che, reicht der Reiz allerdings nicht aus, um eine Zellerneuerung anzuregen. Das k\u00f6nnte man z.B. mit einem Faszienball erreichen. Studien haben gezeigt, dass man f\u00fcr eine nachhaltige Zellerneuerung bis zu 3 Jahren trainieren muss. Zus\u00e4tzlich sollte man sich auch noch Gedanken \u00fcber sein Ern\u00e4hrungs- und Trinkverhalten machen.<\/p>\r\n<h2>Faszienrolle Wirkung bei Schmerzen<\/h2>\r\n<p>Die Wirkung der Faszienrolle bei orthop\u00e4dischen Schmerzen ist bei angepasstem Einsatz immer positiv. Eine Verbesserung des Stoffwechsels leitet immer einen Heilproze\u00df bzw. Zustandsverbesserung ein. Die Sensoren werden durch das Rollout desensibilisiert und lassen im Anschlu\u00df wieder ein nat\u00fcrliches Bewegungsverhalten in der entsprechenden K\u00f6rperregion zu. Aus einem nat\u00fcrlichen Bewegungsablauf entsteht Entlastung zum richtigen Zeitpunkt und damit Reduktion von Schmerz.<\/p>\r\n<p><img decoding=\"async\" title=\"faszien-erklaert-uebung_1280x1280\" src=\"https:\/\/www.dr-koch.de\/wissen\/wp-content\/uploads\/2023\/08\/faszien-erklaert-uebung_1280x1280.png\" alt=\"faszien-erklaert-uebung_1280x1280\" width=\"1280\" height=\"553\" \/><\/p>\r\n<h2>Faszienrolle Wirkung bei Regeneration<\/h2>\r\n<p>Regeneration im Gewebe bedeutet immer Abtransport von Stoffwechselabfallprodukten und aufl\u00f6sen von Spannungen. F\u00fcr diese beiden Aufgaben ist die Faszienrolle ideal geeignet. Spannungen k\u00f6nnen durch langsames und gezieltes Rollen gel\u00f6st werden. Der Stoffwechsel wird zu z\u00fcgiges Rollen angeregt. Hierf\u00fcr sollte man ca. 8 &#8211; 12 hin und her rollen.<\/p>\r\n<h2>Faszienrolle Wirkung bei R\u00fcckenbeschwerden<\/h2>\r\n<p>Bei den klassischen R\u00fcckenbeschwerden, die wir aus dem Alltag kennen ist die Faszienrolle ein idealer Partner. Um die Fehlspannung auszugleichen reicht es sich regelm\u00e4\u00dfig \u00fcber den ganzen K\u00f6rper abzurollen. Wenn die Schmerzen chronisch sind sollte man vorher mit einem Faszientrainer oder Therapeuten sprechen. Der positive Effekt auf den Schmerz ist garantiert.<\/p>\r\n<h2>Fazit<\/h2>\r\n<p>Fazit: Jeder Haushalt sollte eine Faszienrolle besitzen. Unser bewegungsarmer oder bewegungsmonotoner Alltag f\u00fcr zu mangelndem Spannungsausgleich in unseren Faszien. Die anschlie\u00dfenden Verspannungen f\u00fchren zu eine eingeschr\u00e4nkten Beweglichkeit und schlie\u00dflich zu Schmerz. Die Faszienrolle vermeidet und verbessert diesen Zustand.<\/p>\r\n<p><img decoding=\"async\" title=\"faszien-erklaert-emo1\" src=\"https:\/\/www.dr-koch.de\/wissen\/wp-content\/uploads\/2023\/07\/faszien-erklaert-emo1.jpg\" alt=\"faszien-erklaert-emo1\" width=\"1920\" height=\"830\" \/><\/p>\r\n<h2>\u00dcbungen mit der Faszienrolle<\/h2>\r\n<p><img decoding=\"async\" src=\"https:\/\/www.dr-koch.de\/wissen\/wp-content\/uploads\/2023\/07\/Hintere-Oberschenkel-1024x683.jpg\" sizes=\"(max-width: 1024px) 100vw, 1024px\" srcset=\"https:\/\/www.dr-koch.de\/wissen\/wp-content\/uploads\/2023\/07\/Hintere-Oberschenkel-1024x683.jpg 1024w, https:\/\/www.dr-koch.de\/wissen\/wp-content\/uploads\/2023\/07\/Hintere-Oberschenkel-300x200.jpg 300w, https:\/\/www.dr-koch.de\/wissen\/wp-content\/uploads\/2023\/07\/Hintere-Oberschenkel-768x512.jpg 768w, https:\/\/www.dr-koch.de\/wissen\/wp-content\/uploads\/2023\/07\/Hintere-Oberschenkel-1536x1025.jpg 1536w, https:\/\/www.dr-koch.de\/wissen\/wp-content\/uploads\/2023\/07\/Hintere-Oberschenkel.jpg 1920w\" alt=\"\" width=\"1024\" height=\"683\" \/><\/p>\r\n<h3>\u00dcbung f\u00fcr den hinteren Oberschenkel | relexa Faszienrolle<\/h3>\r\n<!--\r\n        \tBy <a href=\"https:\/\/www.dr-koch.de\/wissen\/index.php\/author\/wpadmin\/\">wpadmin<\/a>\r\n        \t | \r\n        \t12 Juli 2023\r\n        -->\r\n<ul>\r\n<li>Setze Dich zun\u00e4chst auf den Boden<\/li>\r\n<li>Lege die relexa Faszienrolle unter einen der Oberschenkel<\/li>\r\n<li>Mit beiden Armen nach hinten abst\u00fctzen und das Ges\u00e4\u00df anheben<\/li>\r\n<li>Nun mit dem gesamten Oberschenkel \u00fcber die Massagerolle vor- und zur\u00fcckrollen<\/li>\r\n<li>Danach wechsel die Seite und wiederholen die \u00dcbung mit dem anderen Oberschenkel<\/li>\r\n<li>Zur Verst\u00e4rkung der Intensit\u00e4t kannst Du ein Bein \u00fcber das andere legen.<\/li>\r\n<\/ul>\r\n<!--\r\n        \t<a href='https:\/\/www.dr-koch.de\/wissen\/index.php\/uebungen\/uebung-fuer-den-hinteren-oberschenkel\/' title='Mehr lesen...'>Mehr lesen...<\/a>\r\n        -->\r\n<p><img decoding=\"async\" src=\"https:\/\/www.dr-koch.de\/wissen\/wp-content\/uploads\/2023\/07\/oberer-ruecken-stehend-683x1024.jpg\" sizes=\"(max-width: 683px) 100vw, 683px\" srcset=\"https:\/\/www.dr-koch.de\/wissen\/wp-content\/uploads\/2023\/07\/oberer-ruecken-stehend-683x1024.jpg 683w, https:\/\/www.dr-koch.de\/wissen\/wp-content\/uploads\/2023\/07\/oberer-ruecken-stehend-200x300.jpg 200w, https:\/\/www.dr-koch.de\/wissen\/wp-content\/uploads\/2023\/07\/oberer-ruecken-stehend-768x1151.jpg 768w, https:\/\/www.dr-koch.de\/wissen\/wp-content\/uploads\/2023\/07\/oberer-ruecken-stehend-1025x1536.jpg 1025w, https:\/\/www.dr-koch.de\/wissen\/wp-content\/uploads\/2023\/07\/oberer-ruecken-stehend-1367x2048.jpg 1367w, https:\/\/www.dr-koch.de\/wissen\/wp-content\/uploads\/2023\/07\/oberer-ruecken-stehend-scaled.jpg 1708w\" alt=\"\" width=\"683\" height=\"1024\" \/><\/p>\r\n<h3>Fl\u00e4chige R\u00fccken\u00fcbung stehend \u2013 oberer R\u00fccken | relexa Faszienrolle<\/h3>\r\n<!--\r\n        \tBy <a href=\"https:\/\/www.dr-koch.de\/wissen\/index.php\/author\/wpadmin\/\">wpadmin<\/a>\r\n        \t | \r\n        \t14 Juni 2023\r\n        -->\r\n<p>Mit dieser Massagerollen-\u00dcbung im Stehen flexibilisierst und st\u00e4rkst Du Deine R\u00fcckenmuskulatur im oberen R\u00fcckenbereich:<\/p>\r\n<ul>\r\n<li>Stelle Dich f\u00fcr diese R\u00fccken-\u00dcbung zun\u00e4chst vor eine leere Wandfl\u00e4che<\/li>\r\n<li>Winkel Deine Beine an bzw. gehe leicht in die Knie<\/li>\r\n<li>Klemme die Massagerolle waagerecht zwischen Deinen R\u00fccken und die Wand<\/li>\r\n<li>Positioniere die Rolle dabei in H\u00f6he der Schulterbl\u00e4tter<\/li>\r\n<li>Bewege die Rolle auf und ab, indem Du abwechselnd in die Knie gehst und die Beine streckst<\/li>\r\n<\/ul>\r\n<p>So massierst Du die Bereiche zwischen Brustwirbels\u00e4ule, Schulter und Nacken. Die Intensit\u00e4t dieser \u00dcbung kannst Du variieren, indem Du den Abstand Deiner F\u00fc\u00dfe zur Wand ver\u00e4nderst<\/p>\r\n<!--\r\n        \t<a href='https:\/\/www.dr-koch.de\/wissen\/index.php\/uebungen\/flaechige-rueckenuebung-stehend\/' title='Mehr lesen...'>Mehr lesen...<\/a>\r\n        -->\r\n<p><img decoding=\"async\" src=\"https:\/\/www.dr-koch.de\/wissen\/wp-content\/uploads\/2023\/07\/Seitlicher-Oberschenkel-1024x683.jpg\" sizes=\"(max-width: 1024px) 100vw, 1024px\" srcset=\"https:\/\/www.dr-koch.de\/wissen\/wp-content\/uploads\/2023\/07\/Seitlicher-Oberschenkel-1024x683.jpg 1024w, https:\/\/www.dr-koch.de\/wissen\/wp-content\/uploads\/2023\/07\/Seitlicher-Oberschenkel-300x200.jpg 300w, https:\/\/www.dr-koch.de\/wissen\/wp-content\/uploads\/2023\/07\/Seitlicher-Oberschenkel-768x512.jpg 768w, https:\/\/www.dr-koch.de\/wissen\/wp-content\/uploads\/2023\/07\/Seitlicher-Oberschenkel-1536x1025.jpg 1536w, https:\/\/www.dr-koch.de\/wissen\/wp-content\/uploads\/2023\/07\/Seitlicher-Oberschenkel.jpg 1920w\" alt=\"\" width=\"1024\" height=\"683\" \/><\/p>\r\n<h3>Seitlicher Oberschenkel | relexa Faszienrolle<\/h3>\r\n<!--\r\n        \tBy <a href=\"https:\/\/www.dr-koch.de\/wissen\/index.php\/author\/wpadmin\/\">wpadmin<\/a>\r\n        \t | \r\n        \t12 Juli 2023\r\n        -->\r\n<p>Wirkung: Massiert u.a. das Iliotibialband. Das sehr schmerzhafte Ilio-Tibiale Band-Syndrom (ITBS), auch L\u00e4uferknie genannt, kann mit\u00a0Massagerolle \u00dcbungen\u00a0sehr gut therapiert bzw. diesem vorgebeugt werden.<\/p>\r\n<ul>\r\n<li>Lege Dich mit einem Oberschenkel seitlich auf die relexa Massagerolle<\/li>\r\n<li>Die Arme st\u00fctzen bzw. stabilisieren den Oberk\u00f6rper<\/li>\r\n<li>Stelle das andere Bein vor sich auf den Boden<\/li>\r\n<li>Rolle den Oberschenkel jetzt auf der Massagerolle vor und zur\u00fcck \u2013 von der H\u00fcfte bis zum Knie<\/li>\r\n<\/ul>\r\n<p>Achte dabei ganz besonders auf eine stabile K\u00f6rperposition und auf die komplette Massage des gesamten Oberschenkels, denn die Massage des meist zun\u00e4chst recht schmerzhaften Iliotibialbandes f\u00fchrt h\u00e4ufig zu kleinen Ausweichbewegungen.<\/p>\r\n<!--\r\n        \t<a href='https:\/\/www.dr-koch.de\/wissen\/index.php\/uebungen\/seitlicher-oberschenkel\/' title='Mehr lesen...'>Mehr lesen...<\/a>\r\n        -->\r\n<p><img decoding=\"async\" src=\"https:\/\/www.dr-koch.de\/wissen\/wp-content\/uploads\/2023\/07\/Waden-1024x683.jpg\" sizes=\"(max-width: 1024px) 100vw, 1024px\" srcset=\"https:\/\/www.dr-koch.de\/wissen\/wp-content\/uploads\/2023\/07\/Waden-1024x683.jpg 1024w, https:\/\/www.dr-koch.de\/wissen\/wp-content\/uploads\/2023\/07\/Waden-300x200.jpg 300w, https:\/\/www.dr-koch.de\/wissen\/wp-content\/uploads\/2023\/07\/Waden-768x512.jpg 768w, https:\/\/www.dr-koch.de\/wissen\/wp-content\/uploads\/2023\/07\/Waden-1536x1025.jpg 1536w, https:\/\/www.dr-koch.de\/wissen\/wp-content\/uploads\/2023\/07\/Waden.jpg 1920w\" alt=\"\" width=\"1024\" height=\"683\" \/><\/p>\r\n<h3>Rollout f\u00fcr die Waden | relexa Faszienrolle<\/h3>\r\n<!--\r\n        \tBy <a href=\"https:\/\/www.dr-koch.de\/wissen\/index.php\/author\/wpadmin\/\">wpadmin<\/a>\r\n        \t | \r\n        \t12 Juli 2023\r\n        -->\r\n<ul>\r\n<li>Setze Dich zun\u00e4chst auf den Boden und positioniere die relexa quer unter die Wadenmitte eines Beines<\/li>\r\n<li>St\u00fctze Dich nun mit beiden H\u00e4nden nach hinten und mit dem freien Bein nach unten ab und hebe Dein Ges\u00e4\u00df an<\/li>\r\n<li>Rolle nun Deine Wade gleichm\u00e4\u00dfig vor und zur\u00fcck \u00fcber die relexa Faszienrolle<\/li>\r\n<li>Halte dabei Bauch, R\u00fccken und Po angespannt<\/li>\r\n<li>Rolle nicht zu weit vom K\u00f6rperschwerpunkt weg, um das Gleichgewicht nicht zu verlieren<\/li>\r\n<\/ul>\r\n<p>Um den ausge\u00fcbten Druck und damit die Massagewirkung dieser \u00dcbung zu steigern, kannst Du ein Bein \u00fcber das andere legen und das Waden-Rollout in dieser Haltung ausf\u00fchren. Dadurch werden Bauch- und R\u00fcckenmuskulatur noch weiter gest\u00e4rkt.<\/p>\r\n<!--\r\n        \t<a href='https:\/\/www.dr-koch.de\/wissen\/index.php\/uebungen\/die-waden-grunduebung\/' title='Mehr lesen...'>Mehr lesen...<\/a>\r\n        -->\r\n<h2>Passende Produkte<\/h2>\r\n<h2>FAQ<\/h2>\r\n<h3>Inwieweit konnte die Wirksamkeit der Faszienrolle in Studien nachgewiesen werden?<\/h3>\r\n<p>Es gab schon einige Studien zur Wirkung der Rolle. Je nachdem wie ich die Rolle einsetze verfolge ich auch unterschiedliche Ziele mit einer Faszienrolle. Insofern gibt es die eine Wirkung der Rolle nicht und somit auch nicht die eine Studie. Das Verschieben von Gewebsfl\u00fcssigkeiten, also das Anregen des Stoffwechsels konnte durch Studien belegt werden. Ebenfalls konnte man nachweisen, dass die koordinative Leistungsf\u00e4higkeit nach einem Rollout deutlich besser war als vorher. Aktuell wird die Wirkung der Rolle weiter untersucht.<\/p>\r\n<h3>Welche Faszienrolle f\u00fcr optimale Wirkung?<\/h3>\r\n<p>Die Wahl der Faszienrolle hat immer mit dem gew\u00fcnschten Ziel zu tun. Grunds\u00e4tzlich k\u00f6nnte man sagen, dass das subjektive Empfinden zun\u00e4chst der wichtigste Faktor in der Auswahl der Rolle spielt. Gr\u00f6\u00dfere Menschen sollten auf jeden Fall eine breitere Rolle w\u00e4hlen. Empfindlichere Menschen eine weichere Rolle. Bei einem unangenehmen Druck durch die Dornforts\u00e4tze der Wirbels\u00e4ule ist eine Rolle mit einer entsprechenden Aussparung zu empfehlen.<\/p>\r\n<h3>Wie wirkt eine Faszienrolle auf die Faszie?<\/h3>\r\n<p>Unsere Faszien sind best\u00fcckt mit Rezeptoren, die z.B. f\u00fcr unsere Orientierung im Raum aber auch f\u00fcr die Wahrnehmung von Schmerz verantwortlich sind. Die Rolle bespielt diese Rezeptoren mit einer Bewegungsinformation. Anschlie\u00dfend regulieren sie die Spannung und desensibilisieren sich f\u00fcr Schmerz. Die Faszienrolle kann bei hohem Druck Gewebsfl\u00fcssigkeiten verschieben und dadurch den Stoffwechsel anregen. Das L\u00f6sen von Bindegewebsverklebungen ist m\u00f6glich.<\/p>\r\n<h3>Wirkt das Training mit der Faszienrolle gut gegen R\u00fcckenbeschwerden?<\/h3>\r\n<p>Grunds\u00e4tzlich wirkt sich nahezu jedes Bewegungsprogramm positiv auf R\u00fcckenbeschwerden aus. Mit der Faszienrolle erreichen wir je nach Rollgeschwindigkeit unter anderem eine Detonisierung des Gewebes, was h\u00e4ufig zu einem schnellen Nachlassen der Beschwerden f\u00fchrt. Regelm\u00e4\u00dfiges Rollen hat garantiert einen positiven Effekt auf die Pr\u00e4vention von R\u00fcckenbeschwerden.<\/p>\r\n<h3>Welche Wirkung hat der der H\u00e4rtegrad der Faszienrolle?<\/h3>\r\n<p>Der H\u00e4rtegrad der Rolle hat haupts\u00e4chlich einen Einflu\u00df auf die subjektive Wahrnehmung. Menschen mit einem weicheren Bindegewebe sollten eher auch eine weichere Rolle benutzen. Bei Menschen die sehr schwer k\u00f6rperlich arbeiten, z.B. im Forst, ist zumindest zu Beginn eine h\u00e4rtere Rolle sinnvoll.<\/p>\r\n<h3>Falsche Wirkung der Faszienrolle bei falscher Anwendung?<\/h3>\r\n<p>Eine falsche Wirkung der Rolle gibt es in dem Sinne nicht. Allerdings kann ein zu h\u00e4ufiges und vor allem zu starkes Rollen das Gewebe auch sch\u00e4digen. Die gew\u00fcnschten Effekte setzen nicht ein. Im schlimmsten Fall gibt eine Verschlechterung der Situation.<\/p>\r\n","protected":false},"excerpt":{"rendered":"<p>Faszienrolle Wirkung das passiert im K\u00f6rper Was sollte ich \u00fcber die Wirkung von Faszienrollen wissen? Die Faszienrolle ist ein Fitnessprodukt das man zur Selbstmassage, zur Therapie, aber auch zum k\u00f6rperlichen Training einsetzen kann. Die Hauptanwendung das Abrollen, die Selbstmassage, das Rollout der verschiedenen K\u00f6rperpartien. Die Nutzung ist einfach, unkompliziert und nahezu ungef\u00e4hrlich. F\u00fcr einen regelm\u00e4\u00dfigen&hellip;<\/p>\n","protected":false},"author":1,"featured_media":0,"parent":0,"menu_order":0,"comment_status":"closed","ping_status":"closed","template":"","meta":{"_acf_changed":false,"inline_featured_image":false,"footnotes":""},"class_list":["post-516","page","type-page","status-publish","hentry"],"acf":[],"yoast_head":"<!-- This site is optimized with the Yoast SEO plugin v26.6 - https:\/\/yoast.com\/wordpress\/plugins\/seo\/ -->\r\n<title>Wirkung der Faszienrolle: Effektive Selbstmassage<\/title>\r\n<meta name=\"description\" content=\"Entdecke die Wirkung der Faszienrolle: Effektive Selbstmassage f\u00fcr mehr Beweglichkeit. \ud83c\udf1f Verbessere deine Flexibilit\u00e4t und l\u00f6se Verspannungen.\" \/>\r\n<meta name=\"robots\" content=\"index, follow, max-snippet:-1, max-image-preview:large, max-video-preview:-1\" \/>\r\n<link rel=\"canonical\" href=\"https:\/\/www.dr-koch.de\/wissen\/wirkung-der-faszienrolle\/\" \/>\r\n<meta property=\"og:locale\" content=\"de_DE\" \/>\r\n<meta property=\"og:type\" content=\"article\" \/>\r\n<meta property=\"og:title\" content=\"Wirkung der Faszienrolle: Effektive Selbstmassage\" \/>\r\n<meta property=\"og:description\" content=\"Entdecke die Wirkung der Faszienrolle: Effektive Selbstmassage f\u00fcr mehr Beweglichkeit. \ud83c\udf1f Verbessere deine Flexibilit\u00e4t und l\u00f6se Verspannungen.\" \/>\r\n<meta property=\"og:url\" content=\"https:\/\/www.dr-koch.de\/wissen\/wirkung-der-faszienrolle\/\" \/>\r\n<meta property=\"og:site_name\" content=\"Dr. Paul Koch GmbH\" \/>\r\n<meta property=\"article:publisher\" content=\"https:\/\/www.facebook.com\/relexa.fit\/?locale=de_DE\" \/>\r\n<meta property=\"article:modified_time\" content=\"2023-11-14T07:58:44+00:00\" \/>\r\n<meta property=\"og:image\" content=\"https:\/\/www.dr-koch.de\/wissen\/wp-content\/uploads\/2023\/07\/faszientraining-oberschenkel.jpg\" \/>\r\n<meta name=\"twitter:card\" content=\"summary_large_image\" \/>\r\n<meta name=\"twitter:label1\" content=\"Gesch\u00e4tzte Lesezeit\" \/>\n\t<meta name=\"twitter:data1\" content=\"9\u00a0Minuten\" \/>\r\n<script type=\"application\/ld+json\" class=\"yoast-schema-graph\">{\"@context\":\"https:\/\/schema.org\",\"@graph\":[{\"@type\":\"WebPage\",\"@id\":\"https:\/\/www.dr-koch.de\/wissen\/wirkung-der-faszienrolle\/\",\"url\":\"https:\/\/www.dr-koch.de\/wissen\/wirkung-der-faszienrolle\/\",\"name\":\"Wirkung der Faszienrolle: Effektive Selbstmassage\",\"isPartOf\":{\"@id\":\"https:\/\/www.dr-koch.de\/wissen\/#website\"},\"primaryImageOfPage\":{\"@id\":\"https:\/\/www.dr-koch.de\/wissen\/wirkung-der-faszienrolle\/#primaryimage\"},\"image\":{\"@id\":\"https:\/\/www.dr-koch.de\/wissen\/wirkung-der-faszienrolle\/#primaryimage\"},\"thumbnailUrl\":\"https:\/\/www.dr-koch.de\/wissen\/wp-content\/uploads\/2023\/07\/faszientraining-oberschenkel.jpg\",\"datePublished\":\"2023-08-03T08:27:15+00:00\",\"dateModified\":\"2023-11-14T07:58:44+00:00\",\"description\":\"Entdecke die Wirkung der Faszienrolle: Effektive Selbstmassage f\u00fcr mehr Beweglichkeit. \ud83c\udf1f Verbessere deine Flexibilit\u00e4t und l\u00f6se Verspannungen.\",\"breadcrumb\":{\"@id\":\"https:\/\/www.dr-koch.de\/wissen\/wirkung-der-faszienrolle\/#breadcrumb\"},\"inLanguage\":\"de\",\"potentialAction\":[{\"@type\":\"ReadAction\",\"target\":[\"https:\/\/www.dr-koch.de\/wissen\/wirkung-der-faszienrolle\/\"]}]},{\"@type\":\"ImageObject\",\"inLanguage\":\"de\",\"@id\":\"https:\/\/www.dr-koch.de\/wissen\/wirkung-der-faszienrolle\/#primaryimage\",\"url\":\"https:\/\/www.dr-koch.de\/wissen\/wp-content\/uploads\/2023\/07\/faszientraining-oberschenkel.jpg\",\"contentUrl\":\"https:\/\/www.dr-koch.de\/wissen\/wp-content\/uploads\/2023\/07\/faszientraining-oberschenkel.jpg\",\"width\":2200,\"height\":951},{\"@type\":\"BreadcrumbList\",\"@id\":\"https:\/\/www.dr-koch.de\/wissen\/wirkung-der-faszienrolle\/#breadcrumb\",\"itemListElement\":[{\"@type\":\"ListItem\",\"position\":1,\"name\":\"Home\",\"item\":\"https:\/\/www.dr-koch.de\/wissen\/\"},{\"@type\":\"ListItem\",\"position\":2,\"name\":\"Faszienrolle Wirkung: das passiert im K\u00f6rper\"}]},{\"@type\":\"WebSite\",\"@id\":\"https:\/\/www.dr-koch.de\/wissen\/#website\",\"url\":\"https:\/\/www.dr-koch.de\/wissen\/\",\"name\":\"Dr. Paul Koch GmbH\",\"description\":\"\",\"publisher\":{\"@id\":\"https:\/\/www.dr-koch.de\/wissen\/#organization\"},\"potentialAction\":[{\"@type\":\"SearchAction\",\"target\":{\"@type\":\"EntryPoint\",\"urlTemplate\":\"https:\/\/www.dr-koch.de\/wissen\/?s={search_term_string}\"},\"query-input\":{\"@type\":\"PropertyValueSpecification\",\"valueRequired\":true,\"valueName\":\"search_term_string\"}}],\"inLanguage\":\"de\"},{\"@type\":\"Organization\",\"@id\":\"https:\/\/www.dr-koch.de\/wissen\/#organization\",\"name\":\"Dr. Paul Koch GmbH\",\"alternateName\":\"relexa\",\"url\":\"https:\/\/www.dr-koch.de\/wissen\/\",\"logo\":{\"@type\":\"ImageObject\",\"inLanguage\":\"de\",\"@id\":\"https:\/\/www.dr-koch.de\/wissen\/#\/schema\/logo\/image\/\",\"url\":\"https:\/\/www.dr-koch.de\/wissen\/wp-content\/uploads\/2023\/06\/nav-logo-koch.svg\",\"contentUrl\":\"https:\/\/www.dr-koch.de\/wissen\/wp-content\/uploads\/2023\/06\/nav-logo-koch.svg\",\"width\":266,\"height\":60,\"caption\":\"Dr. Paul Koch GmbH\"},\"image\":{\"@id\":\"https:\/\/www.dr-koch.de\/wissen\/#\/schema\/logo\/image\/\"},\"sameAs\":[\"https:\/\/www.facebook.com\/relexa.fit\/?locale=de_DE\",\"https:\/\/www.youtube.com\/channel\/UC9uGb6vJqdZpRrWZDKvKHIw\"]}]}<\/script>\r\n<!-- \/ Yoast SEO plugin. -->","yoast_head_json":{"title":"Wirkung der Faszienrolle: Effektive Selbstmassage","description":"Entdecke die Wirkung der Faszienrolle: Effektive Selbstmassage f\u00fcr mehr Beweglichkeit. \ud83c\udf1f Verbessere deine Flexibilit\u00e4t und l\u00f6se Verspannungen.","robots":{"index":"index","follow":"follow","max-snippet":"max-snippet:-1","max-image-preview":"max-image-preview:large","max-video-preview":"max-video-preview:-1"},"canonical":"https:\/\/www.dr-koch.de\/wissen\/wirkung-der-faszienrolle\/","og_locale":"de_DE","og_type":"article","og_title":"Wirkung der Faszienrolle: Effektive Selbstmassage","og_description":"Entdecke die Wirkung der Faszienrolle: Effektive Selbstmassage f\u00fcr mehr Beweglichkeit. \ud83c\udf1f Verbessere deine Flexibilit\u00e4t und l\u00f6se Verspannungen.","og_url":"https:\/\/www.dr-koch.de\/wissen\/wirkung-der-faszienrolle\/","og_site_name":"Dr. Paul Koch GmbH","article_publisher":"https:\/\/www.facebook.com\/relexa.fit\/?locale=de_DE","article_modified_time":"2023-11-14T07:58:44+00:00","og_image":[{"url":"https:\/\/www.dr-koch.de\/wissen\/wp-content\/uploads\/2023\/07\/faszientraining-oberschenkel.jpg","type":"","width":"","height":""}],"twitter_card":"summary_large_image","twitter_misc":{"Gesch\u00e4tzte Lesezeit":"9\u00a0Minuten"},"schema":{"@context":"https:\/\/schema.org","@graph":[{"@type":"WebPage","@id":"https:\/\/www.dr-koch.de\/wissen\/wirkung-der-faszienrolle\/","url":"https:\/\/www.dr-koch.de\/wissen\/wirkung-der-faszienrolle\/","name":"Wirkung der Faszienrolle: Effektive Selbstmassage","isPartOf":{"@id":"https:\/\/www.dr-koch.de\/wissen\/#website"},"primaryImageOfPage":{"@id":"https:\/\/www.dr-koch.de\/wissen\/wirkung-der-faszienrolle\/#primaryimage"},"image":{"@id":"https:\/\/www.dr-koch.de\/wissen\/wirkung-der-faszienrolle\/#primaryimage"},"thumbnailUrl":"https:\/\/www.dr-koch.de\/wissen\/wp-content\/uploads\/2023\/07\/faszientraining-oberschenkel.jpg","datePublished":"2023-08-03T08:27:15+00:00","dateModified":"2023-11-14T07:58:44+00:00","description":"Entdecke die Wirkung der Faszienrolle: Effektive Selbstmassage f\u00fcr mehr Beweglichkeit. \ud83c\udf1f Verbessere deine Flexibilit\u00e4t und l\u00f6se Verspannungen.","breadcrumb":{"@id":"https:\/\/www.dr-koch.de\/wissen\/wirkung-der-faszienrolle\/#breadcrumb"},"inLanguage":"de","potentialAction":[{"@type":"ReadAction","target":["https:\/\/www.dr-koch.de\/wissen\/wirkung-der-faszienrolle\/"]}]},{"@type":"ImageObject","inLanguage":"de","@id":"https:\/\/www.dr-koch.de\/wissen\/wirkung-der-faszienrolle\/#primaryimage","url":"https:\/\/www.dr-koch.de\/wissen\/wp-content\/uploads\/2023\/07\/faszientraining-oberschenkel.jpg","contentUrl":"https:\/\/www.dr-koch.de\/wissen\/wp-content\/uploads\/2023\/07\/faszientraining-oberschenkel.jpg","width":2200,"height":951},{"@type":"BreadcrumbList","@id":"https:\/\/www.dr-koch.de\/wissen\/wirkung-der-faszienrolle\/#breadcrumb","itemListElement":[{"@type":"ListItem","position":1,"name":"Home","item":"https:\/\/www.dr-koch.de\/wissen\/"},{"@type":"ListItem","position":2,"name":"Faszienrolle Wirkung: das passiert im K\u00f6rper"}]},{"@type":"WebSite","@id":"https:\/\/www.dr-koch.de\/wissen\/#website","url":"https:\/\/www.dr-koch.de\/wissen\/","name":"Dr. Paul Koch GmbH","description":"","publisher":{"@id":"https:\/\/www.dr-koch.de\/wissen\/#organization"},"potentialAction":[{"@type":"SearchAction","target":{"@type":"EntryPoint","urlTemplate":"https:\/\/www.dr-koch.de\/wissen\/?s={search_term_string}"},"query-input":{"@type":"PropertyValueSpecification","valueRequired":true,"valueName":"search_term_string"}}],"inLanguage":"de"},{"@type":"Organization","@id":"https:\/\/www.dr-koch.de\/wissen\/#organization","name":"Dr. Paul Koch GmbH","alternateName":"relexa","url":"https:\/\/www.dr-koch.de\/wissen\/","logo":{"@type":"ImageObject","inLanguage":"de","@id":"https:\/\/www.dr-koch.de\/wissen\/#\/schema\/logo\/image\/","url":"https:\/\/www.dr-koch.de\/wissen\/wp-content\/uploads\/2023\/06\/nav-logo-koch.svg","contentUrl":"https:\/\/www.dr-koch.de\/wissen\/wp-content\/uploads\/2023\/06\/nav-logo-koch.svg","width":266,"height":60,"caption":"Dr. Paul Koch GmbH"},"image":{"@id":"https:\/\/www.dr-koch.de\/wissen\/#\/schema\/logo\/image\/"},"sameAs":["https:\/\/www.facebook.com\/relexa.fit\/?locale=de_DE","https:\/\/www.youtube.com\/channel\/UC9uGb6vJqdZpRrWZDKvKHIw"]}]}},"_links":{"self":[{"href":"https:\/\/www.dr-koch.de\/wissen\/wp-json\/wp\/v2\/pages\/516","targetHints":{"allow":["GET"]}}],"collection":[{"href":"https:\/\/www.dr-koch.de\/wissen\/wp-json\/wp\/v2\/pages"}],"about":[{"href":"https:\/\/www.dr-koch.de\/wissen\/wp-json\/wp\/v2\/types\/page"}],"author":[{"embeddable":true,"href":"https:\/\/www.dr-koch.de\/wissen\/wp-json\/wp\/v2\/users\/1"}],"replies":[{"embeddable":true,"href":"https:\/\/www.dr-koch.de\/wissen\/wp-json\/wp\/v2\/comments?post=516"}],"version-history":[{"count":7,"href":"https:\/\/www.dr-koch.de\/wissen\/wp-json\/wp\/v2\/pages\/516\/revisions"}],"predecessor-version":[{"id":1135,"href":"https:\/\/www.dr-koch.de\/wissen\/wp-json\/wp\/v2\/pages\/516\/revisions\/1135"}],"wp:attachment":[{"href":"https:\/\/www.dr-koch.de\/wissen\/wp-json\/wp\/v2\/media?parent=516"}],"curies":[{"name":"wp","href":"https:\/\/api.w.org\/{rel}","templated":true}]}}