{"id":512,"date":"2023-08-03T09:59:37","date_gmt":"2023-08-03T07:59:37","guid":{"rendered":"https:\/\/www.dr-koch.de\/wissen\/?page_id=512"},"modified":"2023-11-14T09:18:41","modified_gmt":"2023-11-14T08:18:41","slug":"die-geschichte-des-faszientrainings","status":"publish","type":"page","link":"https:\/\/www.dr-koch.de\/wissen\/die-geschichte-des-faszientrainings\/","title":{"rendered":"Die Geschichte des Faszientrainings"},"content":{"rendered":"\r\n<p><img decoding=\"async\" title=\"faszientraining-bauch-po-emo\" src=\"https:\/\/www.dr-koch.de\/wissen\/wp-content\/uploads\/2023\/07\/faszientraining-bauch-po-emo.jpg\" alt=\"faszientraining-bauch-po-emo\" width=\"2200\" height=\"951\" \/><\/p>\r\n<h1>Die Geschichte des Faszientrainings<\/h1>\r\n<h2>Die Geschichte des Faszientrainings<\/h2>\r\n<p>Der ein oder andere kennt das Faszientraining seit zwei bis drei Jahren. Tats\u00e4chlich gibt es das Faszientraining schon\u00a0viele Jahre.<\/p>\r\n<p>2007 startete die effektive Forschung um die Faszie &#8211; genauer gesagt auf dem ersten\u00a0Faszienkongress 2007\u00a0an der Harvard Medical School in Boston. Zuvor wurden Faszien als Bindegewebe beschrieben. Heute spricht die Wissenschaft sozusagen von einer\u00a0zweiten Haut\u00a0in unserem K\u00f6rper. Eine Haut, die den Muskel umgibt und sich gegen\u00fcber diesem verk\u00fcrzen kann.<\/p>\r\n<p>Der Faszienbegriff beinhaltet alle faserigen Bindegewebe, deren Morphologie durch Zugspannung bestimmt wird &#8211; egal ob es eine Sehne oder die Kapsel ist. Die Achillessehne ist demnach eine verl\u00e4ngerte fasziale Muskelh\u00fclle. Man unterscheidet\u00a0\u201eoberfl\u00e4chliche Faszien&#8220;, die sich direkt unter der Haut und Unterhaut befinden und stark dehnf\u00e4hig sind, von sogenannten\u00a0\u201etiefen Faszien&#8220;, die sich unter einer Fettschicht befinden, die weniger dehnbar und nicht so stark durchblutet ist. Diese sind beispielsweise f\u00fcr die Schmerzweiterleitung verantwortlich.<\/p>\r\n<p>Die dritte Form der Faszien sind die\u00a0Organfaszien\u00a0&#8211; sie verh\u00fcllen die Organe und sind weniger dehnf\u00e4hig bei einer gleichbleibenden Spannung. Sie sind verantwortlich f\u00fcr die St\u00fctzfunktion und den Schutz der Organe.<\/p>\r\n<p>Im Jahre 2012 erschien der erste Artikel \u00fcber ein spezifisches Faszientraining. Die beiden Autoren\u00a0Robert Schleip\u00a0und\u00a0Divo Gitta M\u00fcller\u00a0pr\u00e4sentierten die Grundprinzipien des Trainingskonzeptes. Jahre sp\u00e4ter entstand daraus die Methode des Fascial Fitness.<\/p>\r\n<p><img decoding=\"async\" title=\"relexa-faszien_einfach_erklaert-anatomie-mensch_1280x1280\" src=\"https:\/\/www.dr-koch.de\/wissen\/wp-content\/uploads\/2023\/08\/relexa-faszien_einfach_erklaert-anatomie-mensch_1280x1280.jpg\" alt=\"relexa-faszien_einfach_erklaert-anatomie-mensch_1280x1280\" width=\"1200\" height=\"800\" \/><\/p>\r\n<p>Die beiden deutschen Sportp\u00e4dagogen Markus Rossmann und Stefan Dennenmoser beeinflussten mit ihren Studien ebenso die Entwicklung des Fascial Fitness. Man stellte fest, dass die Faszien eine ver\u00e4nderliche Grundmatrix bilden &#8211; demnach formen sie unseren K\u00f6rper und tragen zu unserem Erscheinungsbild bei. Schlie\u00dflich wurden die\u00a0Faszienrollen\u00a0immer h\u00e4ufiger Patienten von Physiotherapeuten f\u00fcr den Hausgebrauch empfohlen.<\/p>\r\n<p>Auch im Fu\u00dfball war das Thema Faszientraining 2007 angekommen. Trainer J\u00fcrgen Klinsmann trainierte seine\u00a0Nationalmannschaft\u00a0in den USA mit den Faszienrollen.<\/p>\r\n<p>Heute sind die &#8222;Wunderrollen&#8220; bei Fu\u00dfball, Handball, Leichtathletik und vielen weiteren Sportarten im Einsatz und werden sogar vom Bundesverband der deutschen R\u00fcckenschulen empfohlen.<\/p>\r\n<h2>\u00dcbungsbeispiele<\/h2>\r\n<p><iframe loading=\"lazy\" title=\"aktivierendes Rollen der Wirbels\u00e4ule\" src=\"https:\/\/www.youtube.com\/embed\/CM3-G7dVVhw?feature=oembed\" width=\"715\" height=\"402\" frameborder=\"0\" allowfullscreen=\"allowfullscreen\"><\/iframe><\/p>\r\n<h3>Aktivierung Wirbels\u00e4ule<\/h3>\r\n<!--\r\n        \tBy <a href=\"https:\/\/www.dr-koch.de\/wissen\/index.php\/author\/wpadmin\/\">wpadmin<\/a>\r\n        \t | \r\n        \t5 September 2023\r\n        -->\r\n<p>Zur Aktivierung der Wirbels\u00e4ule wird eine relexa Faszienrolle in der Mitte des R\u00fcckens angesetzt (\u00dcbung am besten im Liegen durchf\u00fchren) und nach oben bis \u00fcber die Schulterbl\u00e4tter gerollt. \u00dcber den unteren Bereich der Wirbels\u00e4ule (Lendenwirbels\u00e4ule) kann \u201eim Sitzen\u201c gerollt werden.<\/p>\r\n<!--\r\n        \t<a href='https:\/\/www.dr-koch.de\/wissen\/index.php\/uebungen\/aktivierung-wirbelsaeule\/' title='Mehr lesen...'>Mehr lesen...<\/a>\r\n        -->\r\n<p><iframe loading=\"lazy\" title=\"Aktivierung der Oberarme\" src=\"https:\/\/www.youtube.com\/embed\/pH7JDtcyyX8?feature=oembed\" width=\"715\" height=\"402\" frameborder=\"0\" allowfullscreen=\"allowfullscreen\"><\/iframe><\/p>\r\n<h3>Aktivierung Oberarme<\/h3>\r\n<!--\r\n        \tBy <a href=\"https:\/\/www.dr-koch.de\/wissen\/index.php\/author\/wpadmin\/\">wpadmin<\/a>\r\n        \t | \r\n        \t5 September 2023\r\n        -->\r\n<p>Die Aktivierung der Oberarme kann im Stehen an einer Wand erfolgen. Dazu mit dem Oberarm an einer relexa Faszienrolle gegen eine glatte Wand lehnen und mit wenig Druck die Oberarme ausrollen, in dem man in die Knie geht.<\/p>\r\n<!--\r\n        \t<a href='https:\/\/www.dr-koch.de\/wissen\/index.php\/uebungen\/aktivierung-oberarme\/' title='Mehr lesen...'>Mehr lesen...<\/a>\r\n        -->\r\n<p><iframe loading=\"lazy\" title=\"aktivierendes Rollen der Oberschenkelr\u00fcckseite\" src=\"https:\/\/www.youtube.com\/embed\/gYltffGcp9w?feature=oembed\" width=\"715\" height=\"402\" frameborder=\"0\" allowfullscreen=\"allowfullscreen\"><\/iframe><\/p>\r\n<h3>Aktivierung Oberschenkel hinten<\/h3>\r\n<!--\r\n        \tBy <a href=\"https:\/\/www.dr-koch.de\/wissen\/index.php\/author\/wpadmin\/\">wpadmin<\/a>\r\n        \t | \r\n        \t5 September 2023\r\n        -->\r\n<p>Die Oberschenkel werden einzeln gerollt. Beim Rollen im Sitzen m\u00f6glichst entspannt bleiben und so weit wie m\u00f6glich von der Kniekehle nach oben rollen.<\/p>\r\n<!--\r\n        \t<a href='https:\/\/www.dr-koch.de\/wissen\/index.php\/uebungen\/aktivierung-oberschenkel-hinten\/' title='Mehr lesen...'>Mehr lesen...<\/a>\r\n        -->\r\n<p><iframe loading=\"lazy\" title=\"Aktivierung der Wade\" src=\"https:\/\/www.youtube.com\/embed\/p_wTBTS1gZo?feature=oembed\" width=\"715\" height=\"402\" frameborder=\"0\" allowfullscreen=\"allowfullscreen\"><\/iframe><\/p>\r\n<h3>Aktivierung Wade<\/h3>\r\n<!--\r\n        \tBy <a href=\"https:\/\/www.dr-koch.de\/wissen\/index.php\/author\/wpadmin\/\">wpadmin<\/a>\r\n        \t | \r\n        \t5 September 2023\r\n        -->\r\n<p>Beim Aktivieren der Faszien in der Wade ist ein gro\u00dffl\u00e4chiges Faszienprodukt, wie die relexa Faszienrolle 2in1 und comfort. Wichtig ist eine gute St\u00fctzposition des K\u00f6rpers auf dem Boden und sich mit den H\u00e4nden unter den Schultern abzust\u00fctzen. Ziel ist, m\u00f6glichst viel K\u00f6rperfl\u00e4che z\u00fcgig abzurollen und gleichm\u00e4\u00dfig zu atmen.<\/p>\r\n<!--\r\n        \t<a href='https:\/\/www.dr-koch.de\/wissen\/index.php\/uebungen\/aktivierung-wade\/' title='Mehr lesen...'>Mehr lesen...<\/a>\r\n        -->\r\n<h2>Passende Produkte<\/h2>\r\n","protected":false},"excerpt":{"rendered":"<p>Die Geschichte des Faszientrainings Die Geschichte des Faszientrainings Der ein oder andere kennt das Faszientraining seit zwei bis drei Jahren. Tats\u00e4chlich gibt es das Faszientraining schon\u00a0viele Jahre. 2007 startete die effektive Forschung um die Faszie &#8211; genauer gesagt auf dem ersten\u00a0Faszienkongress 2007\u00a0an der Harvard Medical School in Boston. Zuvor wurden Faszien als Bindegewebe beschrieben. Heute&hellip;<\/p>\n","protected":false},"author":1,"featured_media":0,"parent":0,"menu_order":0,"comment_status":"closed","ping_status":"closed","template":"","meta":{"_acf_changed":false,"inline_featured_image":false,"footnotes":""},"class_list":["post-512","page","type-page","status-publish","hentry"],"acf":[],"yoast_head":"<!-- This site is optimized with the Yoast SEO plugin v26.6 - https:\/\/yoast.com\/wordpress\/plugins\/seo\/ -->\r\n<title>Faszientraining: Geschichte, Wissen und effektive \u00dcbungen<\/title>\r\n<meta name=\"description\" content=\"Faszientraining - Erfahren Sie alles \u00fcber die Geschichte, das Wissen \ud83d\udcda und effektive \u00dcbungen f\u00fcr gezieltes Training Ihrer Faszien. Jetzt loslegen!\" \/>\r\n<meta name=\"robots\" content=\"index, follow, max-snippet:-1, max-image-preview:large, max-video-preview:-1\" \/>\r\n<link rel=\"canonical\" href=\"https:\/\/www.dr-koch.de\/wissen\/die-geschichte-des-faszientrainings\/\" \/>\r\n<meta property=\"og:locale\" content=\"de_DE\" \/>\r\n<meta property=\"og:type\" content=\"article\" \/>\r\n<meta property=\"og:title\" content=\"Faszientraining: Geschichte, Wissen und effektive \u00dcbungen\" \/>\r\n<meta property=\"og:description\" content=\"Faszientraining - Erfahren Sie alles \u00fcber die Geschichte, das Wissen \ud83d\udcda und effektive \u00dcbungen f\u00fcr gezieltes Training Ihrer Faszien. Jetzt loslegen!\" \/>\r\n<meta property=\"og:url\" content=\"https:\/\/www.dr-koch.de\/wissen\/die-geschichte-des-faszientrainings\/\" \/>\r\n<meta property=\"og:site_name\" content=\"Dr. Paul Koch GmbH\" \/>\r\n<meta property=\"article:publisher\" content=\"https:\/\/www.facebook.com\/relexa.fit\/?locale=de_DE\" \/>\r\n<meta property=\"article:modified_time\" content=\"2023-11-14T08:18:41+00:00\" \/>\r\n<meta property=\"og:image\" content=\"https:\/\/www.dr-koch.de\/wissen\/wp-content\/uploads\/2023\/07\/faszientraining-bauch-po-emo.jpg\" \/>\r\n<meta name=\"twitter:card\" content=\"summary_large_image\" \/>\r\n<meta name=\"twitter:label1\" content=\"Gesch\u00e4tzte Lesezeit\" \/>\n\t<meta name=\"twitter:data1\" content=\"4\u00a0Minuten\" \/>\r\n<script type=\"application\/ld+json\" class=\"yoast-schema-graph\">{\"@context\":\"https:\/\/schema.org\",\"@graph\":[{\"@type\":\"WebPage\",\"@id\":\"https:\/\/www.dr-koch.de\/wissen\/die-geschichte-des-faszientrainings\/\",\"url\":\"https:\/\/www.dr-koch.de\/wissen\/die-geschichte-des-faszientrainings\/\",\"name\":\"Faszientraining: Geschichte, Wissen und effektive \u00dcbungen\",\"isPartOf\":{\"@id\":\"https:\/\/www.dr-koch.de\/wissen\/#website\"},\"primaryImageOfPage\":{\"@id\":\"https:\/\/www.dr-koch.de\/wissen\/die-geschichte-des-faszientrainings\/#primaryimage\"},\"image\":{\"@id\":\"https:\/\/www.dr-koch.de\/wissen\/die-geschichte-des-faszientrainings\/#primaryimage\"},\"thumbnailUrl\":\"https:\/\/www.dr-koch.de\/wissen\/wp-content\/uploads\/2023\/07\/faszientraining-bauch-po-emo.jpg\",\"datePublished\":\"2023-08-03T07:59:37+00:00\",\"dateModified\":\"2023-11-14T08:18:41+00:00\",\"description\":\"Faszientraining - Erfahren Sie alles \u00fcber die Geschichte, das Wissen \ud83d\udcda und effektive \u00dcbungen f\u00fcr gezieltes Training Ihrer Faszien. Jetzt loslegen!\",\"breadcrumb\":{\"@id\":\"https:\/\/www.dr-koch.de\/wissen\/die-geschichte-des-faszientrainings\/#breadcrumb\"},\"inLanguage\":\"de\",\"potentialAction\":[{\"@type\":\"ReadAction\",\"target\":[\"https:\/\/www.dr-koch.de\/wissen\/die-geschichte-des-faszientrainings\/\"]}]},{\"@type\":\"ImageObject\",\"inLanguage\":\"de\",\"@id\":\"https:\/\/www.dr-koch.de\/wissen\/die-geschichte-des-faszientrainings\/#primaryimage\",\"url\":\"https:\/\/www.dr-koch.de\/wissen\/wp-content\/uploads\/2023\/07\/faszientraining-bauch-po-emo.jpg\",\"contentUrl\":\"https:\/\/www.dr-koch.de\/wissen\/wp-content\/uploads\/2023\/07\/faszientraining-bauch-po-emo.jpg\",\"width\":2200,\"height\":951},{\"@type\":\"BreadcrumbList\",\"@id\":\"https:\/\/www.dr-koch.de\/wissen\/die-geschichte-des-faszientrainings\/#breadcrumb\",\"itemListElement\":[{\"@type\":\"ListItem\",\"position\":1,\"name\":\"Home\",\"item\":\"https:\/\/www.dr-koch.de\/wissen\/\"},{\"@type\":\"ListItem\",\"position\":2,\"name\":\"Die Geschichte des Faszientrainings\"}]},{\"@type\":\"WebSite\",\"@id\":\"https:\/\/www.dr-koch.de\/wissen\/#website\",\"url\":\"https:\/\/www.dr-koch.de\/wissen\/\",\"name\":\"Dr. Paul Koch GmbH\",\"description\":\"\",\"publisher\":{\"@id\":\"https:\/\/www.dr-koch.de\/wissen\/#organization\"},\"potentialAction\":[{\"@type\":\"SearchAction\",\"target\":{\"@type\":\"EntryPoint\",\"urlTemplate\":\"https:\/\/www.dr-koch.de\/wissen\/?s={search_term_string}\"},\"query-input\":{\"@type\":\"PropertyValueSpecification\",\"valueRequired\":true,\"valueName\":\"search_term_string\"}}],\"inLanguage\":\"de\"},{\"@type\":\"Organization\",\"@id\":\"https:\/\/www.dr-koch.de\/wissen\/#organization\",\"name\":\"Dr. Paul Koch GmbH\",\"alternateName\":\"relexa\",\"url\":\"https:\/\/www.dr-koch.de\/wissen\/\",\"logo\":{\"@type\":\"ImageObject\",\"inLanguage\":\"de\",\"@id\":\"https:\/\/www.dr-koch.de\/wissen\/#\/schema\/logo\/image\/\",\"url\":\"https:\/\/www.dr-koch.de\/wissen\/wp-content\/uploads\/2023\/06\/nav-logo-koch.svg\",\"contentUrl\":\"https:\/\/www.dr-koch.de\/wissen\/wp-content\/uploads\/2023\/06\/nav-logo-koch.svg\",\"width\":266,\"height\":60,\"caption\":\"Dr. Paul Koch GmbH\"},\"image\":{\"@id\":\"https:\/\/www.dr-koch.de\/wissen\/#\/schema\/logo\/image\/\"},\"sameAs\":[\"https:\/\/www.facebook.com\/relexa.fit\/?locale=de_DE\",\"https:\/\/www.youtube.com\/channel\/UC9uGb6vJqdZpRrWZDKvKHIw\"]}]}<\/script>\r\n<!-- \/ Yoast SEO plugin. -->","yoast_head_json":{"title":"Faszientraining: Geschichte, Wissen und effektive \u00dcbungen","description":"Faszientraining - Erfahren Sie alles \u00fcber die Geschichte, das Wissen \ud83d\udcda und effektive \u00dcbungen f\u00fcr gezieltes Training Ihrer Faszien. Jetzt loslegen!","robots":{"index":"index","follow":"follow","max-snippet":"max-snippet:-1","max-image-preview":"max-image-preview:large","max-video-preview":"max-video-preview:-1"},"canonical":"https:\/\/www.dr-koch.de\/wissen\/die-geschichte-des-faszientrainings\/","og_locale":"de_DE","og_type":"article","og_title":"Faszientraining: Geschichte, Wissen und effektive \u00dcbungen","og_description":"Faszientraining - Erfahren Sie alles \u00fcber die Geschichte, das Wissen \ud83d\udcda und effektive \u00dcbungen f\u00fcr gezieltes Training Ihrer Faszien. Jetzt loslegen!","og_url":"https:\/\/www.dr-koch.de\/wissen\/die-geschichte-des-faszientrainings\/","og_site_name":"Dr. Paul Koch GmbH","article_publisher":"https:\/\/www.facebook.com\/relexa.fit\/?locale=de_DE","article_modified_time":"2023-11-14T08:18:41+00:00","og_image":[{"url":"https:\/\/www.dr-koch.de\/wissen\/wp-content\/uploads\/2023\/07\/faszientraining-bauch-po-emo.jpg","type":"","width":"","height":""}],"twitter_card":"summary_large_image","twitter_misc":{"Gesch\u00e4tzte Lesezeit":"4\u00a0Minuten"},"schema":{"@context":"https:\/\/schema.org","@graph":[{"@type":"WebPage","@id":"https:\/\/www.dr-koch.de\/wissen\/die-geschichte-des-faszientrainings\/","url":"https:\/\/www.dr-koch.de\/wissen\/die-geschichte-des-faszientrainings\/","name":"Faszientraining: Geschichte, Wissen und effektive \u00dcbungen","isPartOf":{"@id":"https:\/\/www.dr-koch.de\/wissen\/#website"},"primaryImageOfPage":{"@id":"https:\/\/www.dr-koch.de\/wissen\/die-geschichte-des-faszientrainings\/#primaryimage"},"image":{"@id":"https:\/\/www.dr-koch.de\/wissen\/die-geschichte-des-faszientrainings\/#primaryimage"},"thumbnailUrl":"https:\/\/www.dr-koch.de\/wissen\/wp-content\/uploads\/2023\/07\/faszientraining-bauch-po-emo.jpg","datePublished":"2023-08-03T07:59:37+00:00","dateModified":"2023-11-14T08:18:41+00:00","description":"Faszientraining - Erfahren Sie alles \u00fcber die Geschichte, das Wissen \ud83d\udcda und effektive \u00dcbungen f\u00fcr gezieltes Training Ihrer Faszien. Jetzt loslegen!","breadcrumb":{"@id":"https:\/\/www.dr-koch.de\/wissen\/die-geschichte-des-faszientrainings\/#breadcrumb"},"inLanguage":"de","potentialAction":[{"@type":"ReadAction","target":["https:\/\/www.dr-koch.de\/wissen\/die-geschichte-des-faszientrainings\/"]}]},{"@type":"ImageObject","inLanguage":"de","@id":"https:\/\/www.dr-koch.de\/wissen\/die-geschichte-des-faszientrainings\/#primaryimage","url":"https:\/\/www.dr-koch.de\/wissen\/wp-content\/uploads\/2023\/07\/faszientraining-bauch-po-emo.jpg","contentUrl":"https:\/\/www.dr-koch.de\/wissen\/wp-content\/uploads\/2023\/07\/faszientraining-bauch-po-emo.jpg","width":2200,"height":951},{"@type":"BreadcrumbList","@id":"https:\/\/www.dr-koch.de\/wissen\/die-geschichte-des-faszientrainings\/#breadcrumb","itemListElement":[{"@type":"ListItem","position":1,"name":"Home","item":"https:\/\/www.dr-koch.de\/wissen\/"},{"@type":"ListItem","position":2,"name":"Die Geschichte des Faszientrainings"}]},{"@type":"WebSite","@id":"https:\/\/www.dr-koch.de\/wissen\/#website","url":"https:\/\/www.dr-koch.de\/wissen\/","name":"Dr. Paul Koch GmbH","description":"","publisher":{"@id":"https:\/\/www.dr-koch.de\/wissen\/#organization"},"potentialAction":[{"@type":"SearchAction","target":{"@type":"EntryPoint","urlTemplate":"https:\/\/www.dr-koch.de\/wissen\/?s={search_term_string}"},"query-input":{"@type":"PropertyValueSpecification","valueRequired":true,"valueName":"search_term_string"}}],"inLanguage":"de"},{"@type":"Organization","@id":"https:\/\/www.dr-koch.de\/wissen\/#organization","name":"Dr. Paul Koch GmbH","alternateName":"relexa","url":"https:\/\/www.dr-koch.de\/wissen\/","logo":{"@type":"ImageObject","inLanguage":"de","@id":"https:\/\/www.dr-koch.de\/wissen\/#\/schema\/logo\/image\/","url":"https:\/\/www.dr-koch.de\/wissen\/wp-content\/uploads\/2023\/06\/nav-logo-koch.svg","contentUrl":"https:\/\/www.dr-koch.de\/wissen\/wp-content\/uploads\/2023\/06\/nav-logo-koch.svg","width":266,"height":60,"caption":"Dr. Paul Koch GmbH"},"image":{"@id":"https:\/\/www.dr-koch.de\/wissen\/#\/schema\/logo\/image\/"},"sameAs":["https:\/\/www.facebook.com\/relexa.fit\/?locale=de_DE","https:\/\/www.youtube.com\/channel\/UC9uGb6vJqdZpRrWZDKvKHIw"]}]}},"_links":{"self":[{"href":"https:\/\/www.dr-koch.de\/wissen\/wp-json\/wp\/v2\/pages\/512","targetHints":{"allow":["GET"]}}],"collection":[{"href":"https:\/\/www.dr-koch.de\/wissen\/wp-json\/wp\/v2\/pages"}],"about":[{"href":"https:\/\/www.dr-koch.de\/wissen\/wp-json\/wp\/v2\/types\/page"}],"author":[{"embeddable":true,"href":"https:\/\/www.dr-koch.de\/wissen\/wp-json\/wp\/v2\/users\/1"}],"replies":[{"embeddable":true,"href":"https:\/\/www.dr-koch.de\/wissen\/wp-json\/wp\/v2\/comments?post=512"}],"version-history":[{"count":5,"href":"https:\/\/www.dr-koch.de\/wissen\/wp-json\/wp\/v2\/pages\/512\/revisions"}],"predecessor-version":[{"id":1131,"href":"https:\/\/www.dr-koch.de\/wissen\/wp-json\/wp\/v2\/pages\/512\/revisions\/1131"}],"wp:attachment":[{"href":"https:\/\/www.dr-koch.de\/wissen\/wp-json\/wp\/v2\/media?parent=512"}],"curies":[{"name":"wp","href":"https:\/\/api.w.org\/{rel}","templated":true}]}}