{"id":507,"date":"2023-08-03T09:22:43","date_gmt":"2023-08-03T07:22:43","guid":{"rendered":"https:\/\/www.dr-koch.de\/wissen\/?page_id=507"},"modified":"2023-11-14T09:21:07","modified_gmt":"2023-11-14T08:21:07","slug":"funktion-der-faszien-im-koerper","status":"publish","type":"page","link":"https:\/\/www.dr-koch.de\/wissen\/funktion-der-faszien-im-koerper\/","title":{"rendered":"Funktion der Faszien im K\u00f6rper"},"content":{"rendered":"\r\n<p><img decoding=\"async\" title=\"relexa-home-emo\" src=\"https:\/\/www.dr-koch.de\/wissen\/wp-content\/uploads\/2023\/07\/relexa-home-emo.jpg\" alt=\"relexa-home-emo\" width=\"1920\" height=\"830\" \/><\/p>\r\n<h1>Funktion der Faszien<\/h1>\r\n<h2>Funktion der Faszien im K\u00f6rper<\/h2>\r\n<p>Zun\u00e4chst m\u00f6chte ich Dir erkl\u00e4ren, was die Faszie ist&#8230;<\/p>\r\n<p>Heute m\u00f6chte ich einen Einblick in die\u00a0<strong>Welt der Faszien<\/strong>\u00a0geben.\u00a0Was sind Faszien? Wie verlaufen diese? Und wie kann ich die Verklebungen mit der Relexa Faszienrolle l\u00f6sen?<\/p>\r\n<p>Die Faszie bildet die<strong>\u00a0oberste Schicht der Muskulatur<\/strong>\u00a0und gleichzeitig erlauben es Faszien, einzelne Muskeln voneinander abzugrenzen. Die Faszien selbst bestehen aus einer feinen und bindegewebigen Haut &#8211; einem vielschichtigen Netzwerk aus kollagenen Fasern, Fibroblasten und weiteren Zellen. Sie umh\u00fcllen jeden Muskel, jeden Knochen &#8211; sogar die Organe und Nerven. Sie bestehen aus einem Geflecht aus sich \u00fcberlagernder, nahtlos ineinander \u00fcbergehender H\u00e4ute. Sie haben kein Anfang und kein Ende &#8211; k\u00f6nnen hauchd\u00fcnn oder mehrere Millimeter stark sein. Gleichzeitig sind die Faszien f\u00fcr unser\u00a0<strong>Erscheinungsbild verantwortlich<\/strong>. Sie bilden eine ver\u00e4nderliche Grundmatrix. Je nach Art und Dauer einer Belastung, passt sich diese Grundmatrix dem K\u00f6rper an.<\/p>\r\n<p>K\u00fcchenfreunde kommen \u00fcbrigens h\u00e4ufig mit Faszien in Ber\u00fchrung. Es ist die milchig-wei\u00dfe Haut des Fleischst\u00fcckes (rohes Fleisch). Auch in Fr\u00fcchten wie Apfelsinen und Grapefruits gibt es Faszien &#8211; sie geben der Frucht die Form und trennen gleichzeitig das Gewebe und die H\u00e4ute. Was lernen wir daraus? Faszien sind in\u00a0<strong>nahezu allen Lebewesen<\/strong>\u00a0vorhanden.<\/p>\r\n<p><img decoding=\"async\" title=\"relexa-faszien_einfach_erklaert-verklebte-fazien_1280x1280\" src=\"https:\/\/www.dr-koch.de\/wissen\/wp-content\/uploads\/2023\/08\/relexa-faszien_einfach_erklaert-verklebte-fazien_1280x1280.jpg\" alt=\"relexa-faszien_einfach_erklaert-verklebte-fazien_1280x1280\" width=\"945\" height=\"659\" \/><\/p>\r\n<p>Neben der Trennung der Muskeln haben Faszien viele weitere\u00a0<strong>wichtige Funktionen<\/strong>\u00a0im K\u00f6rper des Menschen. Zum Beispiel wird die Lymphe zwischen den Faszien abgeleitet. Das bedeutet, dass die Fl\u00fcssigkeit sowohl Abbauprodukte aus den Zellen transportiert und Aufbaustoffe zu den Zellen hin bef\u00f6rdert. Wichtig ist, dass es zu keinem Stau der Lymphe durch Verspannungen kommt &#8211; denn dies f\u00fchrt zu den Verklebungen der Faszien. Wer die Relexa bereits im Einsatz hat, wei\u00df wovon ich spreche. Besonders betroffen ist meist der tractus illiotibialis (laterale Oberschenkelseite). Hier schmerzt es so richtig sch\u00f6n, da Substanzen wie das Adenosintriphosphat bei der Muskelanspannung freigesetzt werden. Durch die Fibringerinnung kommt es folglich zur Verklebung der Faszien.<\/p>\r\n<p>\u00dcbrigens: Die Faszien h\u00e4ngen eng zusammen mit unserem vegetativen Nervensystem, welches autonom arbeitet. Dadurch haben sie indirekt zus\u00e4tzlich Auswirkung auf die\u00a0<strong>Atmung, Verdauung und einzelne Organe<\/strong>. Au\u00dferdem spielen die Faszien eine gro\u00dfe Rolle bei der\u00a0<strong>Krafterzeugung<\/strong>. Durch die Dehnspannung der Faszien werden Kr\u00e4fte erzeugt und durch die Faszien selbst im K\u00f6rper weitergeleitet. Die mit den Faszien verbundenen Muskeln verst\u00e4rken hierbei die Kr\u00e4fte um ein Vielfaches. Elastische Faszien haben hier folgenden Vorteil:\u00a0<strong>Je elastischer die Faszien sind, desto mehr Kr\u00e4fte werden erzeugt<\/strong>\u00a0und gleichzeitig \u00fcbertragen. Faszien dienen als Energiespeicher. Daher gilt: Man kann nie genug mit der Relexa Faszienrolle trainieren!<\/p>\r\n<p>Die\u00a0<strong>Faszienrolle verhindert oder l\u00f6st die Verklebungen der Faszie<\/strong>\u00a0und sorgt gleichzeitig f\u00fcr mehr Elastizit\u00e4t. Da alle Faszien untereinander in Verbindung stehen, werden Verspannung und Unbeweglichkeiten in andere K\u00f6rperzonen \u00fcbertragen. Gleichzeitig k\u00f6nnen diejenigen, die ihre Faszien regelm\u00e4\u00dfig trainieren, dem Muskelkater entkommen!<\/p>\r\n<p>Also: Ran an die Relexa und die Faszien in \u201eSchwung bringen&#8220;.<\/p>\r\n<p>Ihre Ilka<\/p>\r\n<h2>Grund\u00fcbungen f\u00fcr die Faszien<\/h2>\r\n<p><img decoding=\"async\" src=\"https:\/\/www.dr-koch.de\/wissen\/wp-content\/uploads\/2023\/07\/Waden-1024x683.jpg\" sizes=\"(max-width: 1024px) 100vw, 1024px\" srcset=\"https:\/\/www.dr-koch.de\/wissen\/wp-content\/uploads\/2023\/07\/Waden-1024x683.jpg 1024w, https:\/\/www.dr-koch.de\/wissen\/wp-content\/uploads\/2023\/07\/Waden-300x200.jpg 300w, https:\/\/www.dr-koch.de\/wissen\/wp-content\/uploads\/2023\/07\/Waden-768x512.jpg 768w, https:\/\/www.dr-koch.de\/wissen\/wp-content\/uploads\/2023\/07\/Waden-1536x1025.jpg 1536w, https:\/\/www.dr-koch.de\/wissen\/wp-content\/uploads\/2023\/07\/Waden.jpg 1920w\" alt=\"\" width=\"1024\" height=\"683\" \/><\/p>\r\n<h3>Rollout f\u00fcr die Waden | relexa Faszienrolle<\/h3>\r\n<!--\r\n        \tBy <a href=\"https:\/\/www.dr-koch.de\/wissen\/author\/wpadmin\/\">wpadmin<\/a>\r\n        \t | \r\n        \t12 Juli 2023\r\n        -->\r\n<ul>\r\n<li>Setze Dich zun\u00e4chst auf den Boden und positioniere die relexa quer unter die Wadenmitte eines Beines<\/li>\r\n<li>St\u00fctze Dich nun mit beiden H\u00e4nden nach hinten und mit dem freien Bein nach unten ab und hebe Dein Ges\u00e4\u00df an<\/li>\r\n<li>Rolle nun Deine Wade gleichm\u00e4\u00dfig vor und zur\u00fcck \u00fcber die relexa Faszienrolle<\/li>\r\n<li>Halte dabei Bauch, R\u00fccken und Po angespannt<\/li>\r\n<li>Rolle nicht zu weit vom K\u00f6rperschwerpunkt weg, um das Gleichgewicht nicht zu verlieren<\/li>\r\n<\/ul>\r\n<p>Um den ausge\u00fcbten Druck und damit die Massagewirkung dieser \u00dcbung zu steigern, kannst Du ein Bein \u00fcber das andere legen und das Waden-Rollout in dieser Haltung ausf\u00fchren. Dadurch werden Bauch- und R\u00fcckenmuskulatur noch weiter gest\u00e4rkt.<\/p>\r\n<!--\r\n        \t<a href='https:\/\/www.dr-koch.de\/wissen\/uebungen\/die-waden-grunduebung\/' title='Mehr lesen...'>Mehr lesen...<\/a>\r\n        -->\r\n<p><img decoding=\"async\" src=\"https:\/\/www.dr-koch.de\/wissen\/wp-content\/uploads\/2023\/06\/20161109_relexa_W_0104-1024x683.jpg\" sizes=\"(max-width: 1024px) 100vw, 1024px\" srcset=\"https:\/\/www.dr-koch.de\/wissen\/wp-content\/uploads\/2023\/06\/20161109_relexa_W_0104-1024x683.jpg 1024w, https:\/\/www.dr-koch.de\/wissen\/wp-content\/uploads\/2023\/06\/20161109_relexa_W_0104-300x200.jpg 300w, https:\/\/www.dr-koch.de\/wissen\/wp-content\/uploads\/2023\/06\/20161109_relexa_W_0104-768x512.jpg 768w, https:\/\/www.dr-koch.de\/wissen\/wp-content\/uploads\/2023\/06\/20161109_relexa_W_0104-1536x1025.jpg 1536w, https:\/\/www.dr-koch.de\/wissen\/wp-content\/uploads\/2023\/06\/20161109_relexa_W_0104.jpg 1920w\" alt=\"\" width=\"1024\" height=\"683\" \/><\/p>\r\n<h3>Fl\u00e4chige R\u00fccken\u00fcbung liegend | relexa Faszienrolle<\/h3>\r\n<!--\r\n        \tBy <a href=\"https:\/\/www.dr-koch.de\/wissen\/author\/wpadmin\/\">wpadmin<\/a>\r\n        \t | \r\n        \t14 Juni 2023\r\n        -->\r\n<p>Diese \u00dcbung kann auch gezielt zur Lockerung der BWS-Muskulatur (Brustwirbels\u00e4ule) eingesetzt werden:<\/p>\r\n<ul>\r\n<li>Zu Beginn setze Dich auf die relexa Massagerolle<\/li>\r\n<li>St\u00fctze Dich nun mit den H\u00e4nden nach hinten ab und rolle langsam \u00fcber die relexa in R\u00fcckenlage<\/li>\r\n<li>Beginne am Stei\u00dfbein (Bereich LWS \u2013 Lendenwirbels\u00e4ule) und rolle auf der Massagerolle bis in H\u00f6he der Schulter<\/li>\r\n<li>Spanne den Bauch dabei fest an<\/li>\r\n<li>Bei Bedarf den Kopf mit beiden H\u00e4nden st\u00fctzen oder die Arme auf der Brust verschr\u00e4nken<\/li>\r\n<\/ul>\r\n<!--\r\n        \t<a href='https:\/\/www.dr-koch.de\/wissen\/uebungen\/flaechige-rueckenuebung-liegend\/' title='Mehr lesen...'>Mehr lesen...<\/a>\r\n        -->\r\n<p><img decoding=\"async\" src=\"https:\/\/www.dr-koch.de\/wissen\/wp-content\/uploads\/2023\/07\/nacken-liegend-1024x683.jpg\" sizes=\"(max-width: 1024px) 100vw, 1024px\" srcset=\"https:\/\/www.dr-koch.de\/wissen\/wp-content\/uploads\/2023\/07\/nacken-liegend-1024x683.jpg 1024w, https:\/\/www.dr-koch.de\/wissen\/wp-content\/uploads\/2023\/07\/nacken-liegend-300x200.jpg 300w, https:\/\/www.dr-koch.de\/wissen\/wp-content\/uploads\/2023\/07\/nacken-liegend-768x512.jpg 768w, https:\/\/www.dr-koch.de\/wissen\/wp-content\/uploads\/2023\/07\/nacken-liegend-1536x1025.jpg 1536w, https:\/\/www.dr-koch.de\/wissen\/wp-content\/uploads\/2023\/07\/nacken-liegend.jpg 1920w\" alt=\"\" width=\"1024\" height=\"683\" \/><\/p>\r\n<h3>Nacken\u00fcbung im Liegen | relexa Faszienrolle<\/h3>\r\n<!--\r\n        \tBy <a href=\"https:\/\/www.dr-koch.de\/wissen\/author\/wpadmin\/\">wpadmin<\/a>\r\n        \t | \r\n        \t12 Juli 2023\r\n        -->\r\n<p>Die Nacken\u00fcbung im Liegen ist das Pendant zur \u00dcbung im Stehen.<\/p>\r\n<ul>\r\n<li>Lege Dich mit dem R\u00fccken auf den Boden.<\/li>\r\n<li>Positioniere die relexa Faszienrolle in Deinem Nacken.<\/li>\r\n<li>Dehne und massiere Deinen Nacken gleichzeitig durch sanfte Kopfbewegungen von links nach rechts<\/li>\r\n<li>Die Intensit\u00e4t der \u00dcbung kannst Du durch Gewichtsverlagerung leicht beeinflussen<\/li>\r\n<\/ul>\r\n<!--\r\n        \t<a href='https:\/\/www.dr-koch.de\/wissen\/uebungen\/nackenuebung-im-liegen\/' title='Mehr lesen...'>Mehr lesen...<\/a>\r\n        -->\r\n<p><img decoding=\"async\" src=\"https:\/\/www.dr-koch.de\/wissen\/wp-content\/uploads\/2023\/07\/Hintere-Oberschenkel-1024x683.jpg\" sizes=\"(max-width: 1024px) 100vw, 1024px\" srcset=\"https:\/\/www.dr-koch.de\/wissen\/wp-content\/uploads\/2023\/07\/Hintere-Oberschenkel-1024x683.jpg 1024w, https:\/\/www.dr-koch.de\/wissen\/wp-content\/uploads\/2023\/07\/Hintere-Oberschenkel-300x200.jpg 300w, https:\/\/www.dr-koch.de\/wissen\/wp-content\/uploads\/2023\/07\/Hintere-Oberschenkel-768x512.jpg 768w, https:\/\/www.dr-koch.de\/wissen\/wp-content\/uploads\/2023\/07\/Hintere-Oberschenkel-1536x1025.jpg 1536w, https:\/\/www.dr-koch.de\/wissen\/wp-content\/uploads\/2023\/07\/Hintere-Oberschenkel.jpg 1920w\" alt=\"\" width=\"1024\" height=\"683\" \/><\/p>\r\n<h3>\u00dcbung f\u00fcr den hinteren Oberschenkel | relexa Faszienrolle<\/h3>\r\n<!--\r\n        \tBy <a href=\"https:\/\/www.dr-koch.de\/wissen\/author\/wpadmin\/\">wpadmin<\/a>\r\n        \t | \r\n        \t12 Juli 2023\r\n        -->\r\n<ul>\r\n<li>Setze Dich zun\u00e4chst auf den Boden<\/li>\r\n<li>Lege die relexa Faszienrolle unter einen der Oberschenkel<\/li>\r\n<li>Mit beiden Armen nach hinten abst\u00fctzen und das Ges\u00e4\u00df anheben<\/li>\r\n<li>Nun mit dem gesamten Oberschenkel \u00fcber die Massagerolle vor- und zur\u00fcckrollen<\/li>\r\n<li>Danach wechsel die Seite und wiederholen die \u00dcbung mit dem anderen Oberschenkel<\/li>\r\n<li>Zur Verst\u00e4rkung der Intensit\u00e4t kannst Du ein Bein \u00fcber das andere legen.<\/li>\r\n<\/ul>\r\n<!--\r\n        \t<a href='https:\/\/www.dr-koch.de\/wissen\/uebungen\/uebung-fuer-den-hinteren-oberschenkel\/' title='Mehr lesen...'>Mehr lesen...<\/a>\r\n        -->\r\n<p><img decoding=\"async\" src=\"https:\/\/www.dr-koch.de\/wissen\/wp-content\/uploads\/2023\/07\/IMG_9538-1024x683.jpg\" sizes=\"(max-width: 1024px) 100vw, 1024px\" srcset=\"https:\/\/www.dr-koch.de\/wissen\/wp-content\/uploads\/2023\/07\/IMG_9538-1024x683.jpg 1024w, https:\/\/www.dr-koch.de\/wissen\/wp-content\/uploads\/2023\/07\/IMG_9538-300x200.jpg 300w, https:\/\/www.dr-koch.de\/wissen\/wp-content\/uploads\/2023\/07\/IMG_9538-768x512.jpg 768w, https:\/\/www.dr-koch.de\/wissen\/wp-content\/uploads\/2023\/07\/IMG_9538-1536x1024.jpg 1536w, https:\/\/www.dr-koch.de\/wissen\/wp-content\/uploads\/2023\/07\/IMG_9538.jpg 1920w\" alt=\"\" width=\"1024\" height=\"683\" \/><\/p>\r\n<h3>Unterarm Rollout | relexa Faszienrolle<\/h3>\r\n<!--\r\n        \tBy <a href=\"https:\/\/www.dr-koch.de\/wissen\/author\/wpadmin\/\">wpadmin<\/a>\r\n        \t | \r\n        \t12 Juli 2023\r\n        -->\r\n<p>Mit dieser \u00dcbung steigerst Du die Elastizit\u00e4t und das Leistungsverm\u00f6gen der Muskulatur sp\u00fcrbar:<\/p>\r\n<ul>\r\n<li>Starte mit Deiner relexa Faszienrolle auf den Boden<\/li>\r\n<li>Rolle nun gleichzeitig Deine Unterarme mit ein wenig Druck aus der Schulter von der Handwurzel bis zum Ellenbogen<\/li>\r\n<li>Durch die relexa Faszienrolle kannst Du beide Unterarme gleichzeitig stimulieren<\/li>\r\n<li>Wenn Du die Unterarme nach jeder Bewegung etwas drehst, kannst Du die ganze Unterarm-Muskulatur massieren<\/li>\r\n<\/ul>\r\n<!--\r\n        \t<a href='https:\/\/www.dr-koch.de\/wissen\/uebungen\/uebung-fuer-den-unterarm\/' title='Mehr lesen...'>Mehr lesen...<\/a>\r\n        -->\r\n<h2>Passende Produkte<\/h2>\r\n","protected":false},"excerpt":{"rendered":"<p>Funktion der Faszien Funktion der Faszien im K\u00f6rper Zun\u00e4chst m\u00f6chte ich Dir erkl\u00e4ren, was die Faszie ist&#8230; Heute m\u00f6chte ich einen Einblick in die\u00a0Welt der Faszien\u00a0geben.\u00a0Was sind Faszien? Wie verlaufen diese? Und wie kann ich die Verklebungen mit der Relexa Faszienrolle l\u00f6sen? Die Faszie bildet die\u00a0oberste Schicht der Muskulatur\u00a0und gleichzeitig erlauben es Faszien, einzelne Muskeln&hellip;<\/p>\n","protected":false},"author":1,"featured_media":0,"parent":0,"menu_order":0,"comment_status":"closed","ping_status":"closed","template":"","meta":{"_acf_changed":false,"inline_featured_image":false,"footnotes":""},"class_list":["post-507","page","type-page","status-publish","hentry"],"acf":[],"yoast_head":"<!-- This site is optimized with the Yoast SEO plugin v26.6 - https:\/\/yoast.com\/wordpress\/plugins\/seo\/ -->\r\n<title>Faszien Funktion: Wichtige Rolle der Faszien im K\u00f6rper<\/title>\r\n<meta name=\"description\" content=\"Faszien Funktion: Erfahre mehr \u00fcber die Bedeutung und Aufgaben der Faszien im menschlichen K\u00f6rper. Optimiere deine Gesundheit jetzt!\" \/>\r\n<meta name=\"robots\" content=\"index, follow, max-snippet:-1, max-image-preview:large, max-video-preview:-1\" \/>\r\n<link rel=\"canonical\" href=\"https:\/\/www.dr-koch.de\/wissen\/funktion-der-faszien-im-koerper\/\" \/>\r\n<meta property=\"og:locale\" content=\"de_DE\" \/>\r\n<meta property=\"og:type\" content=\"article\" \/>\r\n<meta property=\"og:title\" content=\"Faszien Funktion: Wichtige Rolle der Faszien im K\u00f6rper\" \/>\r\n<meta property=\"og:description\" content=\"Faszien Funktion: Erfahre mehr \u00fcber die Bedeutung und Aufgaben der Faszien im menschlichen K\u00f6rper. Optimiere deine Gesundheit jetzt!\" \/>\r\n<meta property=\"og:url\" content=\"https:\/\/www.dr-koch.de\/wissen\/funktion-der-faszien-im-koerper\/\" \/>\r\n<meta property=\"og:site_name\" content=\"Dr. Paul Koch GmbH\" \/>\r\n<meta property=\"article:publisher\" content=\"https:\/\/www.facebook.com\/relexa.fit\/?locale=de_DE\" \/>\r\n<meta property=\"article:modified_time\" content=\"2023-11-14T08:21:07+00:00\" \/>\r\n<meta property=\"og:image\" content=\"https:\/\/www.dr-koch.de\/wissen\/wp-content\/uploads\/2023\/07\/relexa-home-emo.jpg\" \/>\r\n<meta name=\"twitter:card\" content=\"summary_large_image\" \/>\r\n<meta name=\"twitter:label1\" content=\"Gesch\u00e4tzte Lesezeit\" \/>\n\t<meta name=\"twitter:data1\" content=\"7\u00a0Minuten\" \/>\r\n<script type=\"application\/ld+json\" class=\"yoast-schema-graph\">{\"@context\":\"https:\/\/schema.org\",\"@graph\":[{\"@type\":\"WebPage\",\"@id\":\"https:\/\/www.dr-koch.de\/wissen\/funktion-der-faszien-im-koerper\/\",\"url\":\"https:\/\/www.dr-koch.de\/wissen\/funktion-der-faszien-im-koerper\/\",\"name\":\"Faszien Funktion: Wichtige Rolle der Faszien im K\u00f6rper\",\"isPartOf\":{\"@id\":\"https:\/\/www.dr-koch.de\/wissen\/#website\"},\"primaryImageOfPage\":{\"@id\":\"https:\/\/www.dr-koch.de\/wissen\/funktion-der-faszien-im-koerper\/#primaryimage\"},\"image\":{\"@id\":\"https:\/\/www.dr-koch.de\/wissen\/funktion-der-faszien-im-koerper\/#primaryimage\"},\"thumbnailUrl\":\"https:\/\/www.dr-koch.de\/wissen\/wp-content\/uploads\/2023\/07\/relexa-home-emo.jpg\",\"datePublished\":\"2023-08-03T07:22:43+00:00\",\"dateModified\":\"2023-11-14T08:21:07+00:00\",\"description\":\"Faszien Funktion: Erfahre mehr \u00fcber die Bedeutung und Aufgaben der Faszien im menschlichen K\u00f6rper. Optimiere deine Gesundheit jetzt!\",\"breadcrumb\":{\"@id\":\"https:\/\/www.dr-koch.de\/wissen\/funktion-der-faszien-im-koerper\/#breadcrumb\"},\"inLanguage\":\"de\",\"potentialAction\":[{\"@type\":\"ReadAction\",\"target\":[\"https:\/\/www.dr-koch.de\/wissen\/funktion-der-faszien-im-koerper\/\"]}]},{\"@type\":\"ImageObject\",\"inLanguage\":\"de\",\"@id\":\"https:\/\/www.dr-koch.de\/wissen\/funktion-der-faszien-im-koerper\/#primaryimage\",\"url\":\"https:\/\/www.dr-koch.de\/wissen\/wp-content\/uploads\/2023\/07\/relexa-home-emo.jpg\",\"contentUrl\":\"https:\/\/www.dr-koch.de\/wissen\/wp-content\/uploads\/2023\/07\/relexa-home-emo.jpg\",\"width\":1920,\"height\":830},{\"@type\":\"BreadcrumbList\",\"@id\":\"https:\/\/www.dr-koch.de\/wissen\/funktion-der-faszien-im-koerper\/#breadcrumb\",\"itemListElement\":[{\"@type\":\"ListItem\",\"position\":1,\"name\":\"Home\",\"item\":\"https:\/\/www.dr-koch.de\/wissen\/\"},{\"@type\":\"ListItem\",\"position\":2,\"name\":\"Funktion der Faszien im K\u00f6rper\"}]},{\"@type\":\"WebSite\",\"@id\":\"https:\/\/www.dr-koch.de\/wissen\/#website\",\"url\":\"https:\/\/www.dr-koch.de\/wissen\/\",\"name\":\"Dr. Paul Koch GmbH\",\"description\":\"\",\"publisher\":{\"@id\":\"https:\/\/www.dr-koch.de\/wissen\/#organization\"},\"potentialAction\":[{\"@type\":\"SearchAction\",\"target\":{\"@type\":\"EntryPoint\",\"urlTemplate\":\"https:\/\/www.dr-koch.de\/wissen\/?s={search_term_string}\"},\"query-input\":{\"@type\":\"PropertyValueSpecification\",\"valueRequired\":true,\"valueName\":\"search_term_string\"}}],\"inLanguage\":\"de\"},{\"@type\":\"Organization\",\"@id\":\"https:\/\/www.dr-koch.de\/wissen\/#organization\",\"name\":\"Dr. Paul Koch GmbH\",\"alternateName\":\"relexa\",\"url\":\"https:\/\/www.dr-koch.de\/wissen\/\",\"logo\":{\"@type\":\"ImageObject\",\"inLanguage\":\"de\",\"@id\":\"https:\/\/www.dr-koch.de\/wissen\/#\/schema\/logo\/image\/\",\"url\":\"https:\/\/www.dr-koch.de\/wissen\/wp-content\/uploads\/2023\/06\/nav-logo-koch.svg\",\"contentUrl\":\"https:\/\/www.dr-koch.de\/wissen\/wp-content\/uploads\/2023\/06\/nav-logo-koch.svg\",\"width\":266,\"height\":60,\"caption\":\"Dr. Paul Koch GmbH\"},\"image\":{\"@id\":\"https:\/\/www.dr-koch.de\/wissen\/#\/schema\/logo\/image\/\"},\"sameAs\":[\"https:\/\/www.facebook.com\/relexa.fit\/?locale=de_DE\",\"https:\/\/www.youtube.com\/channel\/UC9uGb6vJqdZpRrWZDKvKHIw\"]}]}<\/script>\r\n<!-- \/ Yoast SEO plugin. -->","yoast_head_json":{"title":"Faszien Funktion: Wichtige Rolle der Faszien im K\u00f6rper","description":"Faszien Funktion: Erfahre mehr \u00fcber die Bedeutung und Aufgaben der Faszien im menschlichen K\u00f6rper. Optimiere deine Gesundheit jetzt!","robots":{"index":"index","follow":"follow","max-snippet":"max-snippet:-1","max-image-preview":"max-image-preview:large","max-video-preview":"max-video-preview:-1"},"canonical":"https:\/\/www.dr-koch.de\/wissen\/funktion-der-faszien-im-koerper\/","og_locale":"de_DE","og_type":"article","og_title":"Faszien Funktion: Wichtige Rolle der Faszien im K\u00f6rper","og_description":"Faszien Funktion: Erfahre mehr \u00fcber die Bedeutung und Aufgaben der Faszien im menschlichen K\u00f6rper. Optimiere deine Gesundheit jetzt!","og_url":"https:\/\/www.dr-koch.de\/wissen\/funktion-der-faszien-im-koerper\/","og_site_name":"Dr. Paul Koch GmbH","article_publisher":"https:\/\/www.facebook.com\/relexa.fit\/?locale=de_DE","article_modified_time":"2023-11-14T08:21:07+00:00","og_image":[{"url":"https:\/\/www.dr-koch.de\/wissen\/wp-content\/uploads\/2023\/07\/relexa-home-emo.jpg","type":"","width":"","height":""}],"twitter_card":"summary_large_image","twitter_misc":{"Gesch\u00e4tzte Lesezeit":"7\u00a0Minuten"},"schema":{"@context":"https:\/\/schema.org","@graph":[{"@type":"WebPage","@id":"https:\/\/www.dr-koch.de\/wissen\/funktion-der-faszien-im-koerper\/","url":"https:\/\/www.dr-koch.de\/wissen\/funktion-der-faszien-im-koerper\/","name":"Faszien Funktion: Wichtige Rolle der Faszien im K\u00f6rper","isPartOf":{"@id":"https:\/\/www.dr-koch.de\/wissen\/#website"},"primaryImageOfPage":{"@id":"https:\/\/www.dr-koch.de\/wissen\/funktion-der-faszien-im-koerper\/#primaryimage"},"image":{"@id":"https:\/\/www.dr-koch.de\/wissen\/funktion-der-faszien-im-koerper\/#primaryimage"},"thumbnailUrl":"https:\/\/www.dr-koch.de\/wissen\/wp-content\/uploads\/2023\/07\/relexa-home-emo.jpg","datePublished":"2023-08-03T07:22:43+00:00","dateModified":"2023-11-14T08:21:07+00:00","description":"Faszien Funktion: Erfahre mehr \u00fcber die Bedeutung und Aufgaben der Faszien im menschlichen K\u00f6rper. Optimiere deine Gesundheit jetzt!","breadcrumb":{"@id":"https:\/\/www.dr-koch.de\/wissen\/funktion-der-faszien-im-koerper\/#breadcrumb"},"inLanguage":"de","potentialAction":[{"@type":"ReadAction","target":["https:\/\/www.dr-koch.de\/wissen\/funktion-der-faszien-im-koerper\/"]}]},{"@type":"ImageObject","inLanguage":"de","@id":"https:\/\/www.dr-koch.de\/wissen\/funktion-der-faszien-im-koerper\/#primaryimage","url":"https:\/\/www.dr-koch.de\/wissen\/wp-content\/uploads\/2023\/07\/relexa-home-emo.jpg","contentUrl":"https:\/\/www.dr-koch.de\/wissen\/wp-content\/uploads\/2023\/07\/relexa-home-emo.jpg","width":1920,"height":830},{"@type":"BreadcrumbList","@id":"https:\/\/www.dr-koch.de\/wissen\/funktion-der-faszien-im-koerper\/#breadcrumb","itemListElement":[{"@type":"ListItem","position":1,"name":"Home","item":"https:\/\/www.dr-koch.de\/wissen\/"},{"@type":"ListItem","position":2,"name":"Funktion der Faszien im K\u00f6rper"}]},{"@type":"WebSite","@id":"https:\/\/www.dr-koch.de\/wissen\/#website","url":"https:\/\/www.dr-koch.de\/wissen\/","name":"Dr. Paul Koch GmbH","description":"","publisher":{"@id":"https:\/\/www.dr-koch.de\/wissen\/#organization"},"potentialAction":[{"@type":"SearchAction","target":{"@type":"EntryPoint","urlTemplate":"https:\/\/www.dr-koch.de\/wissen\/?s={search_term_string}"},"query-input":{"@type":"PropertyValueSpecification","valueRequired":true,"valueName":"search_term_string"}}],"inLanguage":"de"},{"@type":"Organization","@id":"https:\/\/www.dr-koch.de\/wissen\/#organization","name":"Dr. Paul Koch GmbH","alternateName":"relexa","url":"https:\/\/www.dr-koch.de\/wissen\/","logo":{"@type":"ImageObject","inLanguage":"de","@id":"https:\/\/www.dr-koch.de\/wissen\/#\/schema\/logo\/image\/","url":"https:\/\/www.dr-koch.de\/wissen\/wp-content\/uploads\/2023\/06\/nav-logo-koch.svg","contentUrl":"https:\/\/www.dr-koch.de\/wissen\/wp-content\/uploads\/2023\/06\/nav-logo-koch.svg","width":266,"height":60,"caption":"Dr. Paul Koch GmbH"},"image":{"@id":"https:\/\/www.dr-koch.de\/wissen\/#\/schema\/logo\/image\/"},"sameAs":["https:\/\/www.facebook.com\/relexa.fit\/?locale=de_DE","https:\/\/www.youtube.com\/channel\/UC9uGb6vJqdZpRrWZDKvKHIw"]}]}},"_links":{"self":[{"href":"https:\/\/www.dr-koch.de\/wissen\/wp-json\/wp\/v2\/pages\/507","targetHints":{"allow":["GET"]}}],"collection":[{"href":"https:\/\/www.dr-koch.de\/wissen\/wp-json\/wp\/v2\/pages"}],"about":[{"href":"https:\/\/www.dr-koch.de\/wissen\/wp-json\/wp\/v2\/types\/page"}],"author":[{"embeddable":true,"href":"https:\/\/www.dr-koch.de\/wissen\/wp-json\/wp\/v2\/users\/1"}],"replies":[{"embeddable":true,"href":"https:\/\/www.dr-koch.de\/wissen\/wp-json\/wp\/v2\/comments?post=507"}],"version-history":[{"count":3,"href":"https:\/\/www.dr-koch.de\/wissen\/wp-json\/wp\/v2\/pages\/507\/revisions"}],"predecessor-version":[{"id":1130,"href":"https:\/\/www.dr-koch.de\/wissen\/wp-json\/wp\/v2\/pages\/507\/revisions\/1130"}],"wp:attachment":[{"href":"https:\/\/www.dr-koch.de\/wissen\/wp-json\/wp\/v2\/media?parent=507"}],"curies":[{"name":"wp","href":"https:\/\/api.w.org\/{rel}","templated":true}]}}