{"id":480,"date":"2023-08-02T14:59:24","date_gmt":"2023-08-02T12:59:24","guid":{"rendered":"https:\/\/www.dr-koch.de\/wissen\/?page_id=480"},"modified":"2023-11-14T09:01:04","modified_gmt":"2023-11-14T08:01:04","slug":"faszientraining-fuer-senioren","status":"publish","type":"page","link":"https:\/\/www.dr-koch.de\/wissen\/faszientraining-fuer-senioren\/","title":{"rendered":"Faszientraining f\u00fcr Senioren"},"content":{"rendered":"\r\n<p><img decoding=\"async\" title=\"relexa-home-emo\" src=\"https:\/\/www.dr-koch.de\/wissen\/wp-content\/uploads\/2023\/07\/relexa-home-emo.jpg\" alt=\"relexa-home-emo\" width=\"1920\" height=\"830\" \/><\/p>\r\n<h1>Faszientraining f\u00fcr Senioren<\/h1>\r\n<h2>Faszientraining f\u00fcr Senioren<\/h2>\r\n<p>Bewegungsmangel entsteht im Alter oft aufgrund von\u00a0gesundheitlich bedingten Einschr\u00e4nkungen. Dies hat im chronischen Verlauf eine deutliche Verschlechterung aktiver Strukturen, wie Muskulatur und Bindegewebe, aber auch passiver Strukturen, wie Knochen, Sehnen und B\u00e4nder zur Folge.<\/p>\r\n<p>Dem Bindegewebe sollte eine\u00a0besondere Aufmerksamkeit\u00a0geschenkt werden, schlie\u00dflich ist dies unser\u00a0gr\u00f6\u00dftes Sinnesorgan\u00a0und das elementare Organ f\u00fcr die K\u00f6perwahrnehmung.<\/p>\r\n<p>Bei Unt\u00e4tigkeit verfilzen die Kollagenfasern, der zentrale Bestandteil der Faszien und der Wasseranteil nimmt ab. Ein defizit\u00e4res Wahrnehmungssystem im Alter ist keine Seltenheit und verantwortlich f\u00fcr viele Unf\u00e4lle, wie St\u00fcrze im Alltag.<\/p>\r\n<p>Auch wenn Abbauprozesse mit dem Alter einhergehen, hei\u00dft das noch lange nicht, dass man dies so hinnehmen muss. Viele Beispiele zeigen, dass auch Menschen jenseits des 60. Lebensjahres\u00a0enorme sportliche Leistungen\u00a0bringen k\u00f6nnen. Selbst, wenn diese erst in ihrer zweiten Lebensh\u00e4lfte damit begonnen haben. Ein wichtiger Schl\u00fcssel hierzu ist die Erkenntnis, dass unser K\u00f6rper\u00a0extrem anpassungsf\u00e4hig\u00a0ist &#8211; ein Leben lang.<\/p>\r\n<p><em>Leben ist Bewegung und ohne Bewegung findet Leben nicht statt &#8211; Moshe Feldenkrais<\/em><\/p>\r\n<p>Ein wichtiger Bestandteil unseres K\u00f6rpers, neben Muskulatur und Knochen, ist das Bindegewebs- oder Fasziensystem, welches wie ein Taucheranzug sehr dicht um uns gespannt ist. Es wiegt im Schnitt 20 Kilogramm, versorgt Zellen und Organe mit Nahrung und tr\u00e4gt zur\u00a0Regulierung des Wasserhaushalts\u00a0bei. Das Fasziengewebe spielt eine entscheidende Rolle dabei Reize und Informationen aus dem gesamten K\u00f6rper aufzunehmen und weiterzuleiten.<\/p>\r\n<p>Ist das nicht Grund genug uns mit diesem faszinierenden Netzwerk genauer zu besch\u00e4ftigen und dieses zu pflegen, wie wir es t\u00e4glich mit Z\u00e4hnen und Haaren tun? Egal in welchem Alter!<\/p>\r\n<p>Das Fasziengewebe schenkt uns Form, f\u00f6rdert unsere Beweglichkeit und ist ein wichtiger Partner in Sachen Wasser- und N\u00e4hrstoffversorgung. Au\u00dferdem dient es als\u00a0Kommunikationszentrale\u00a0in unserem K\u00f6rper.<\/p>\r\n<p><img decoding=\"async\" title=\"faszientraining-senioren_600x600\" src=\"https:\/\/www.dr-koch.de\/wissen\/wp-content\/uploads\/2023\/08\/faszientraining-senioren_600x600.jpg\" alt=\"faszientraining-senioren_600x600\" width=\"1360\" height=\"1360\" \/><\/p>\r\n<p>Etabliere das Faszientraining in Deinen Alltag wie jede andere wohltuende Gewohnheit und f\u00f6rdere Deine Lebensqualit\u00e4t\u00a0beispielsweise durch ein gem\u00fctliches\u00a0Rollout\u00a0auf der Terrasse bei sp\u00e4tsommerlichen Temperaturen.<\/p>\r\n<p>Versuche Dich mehrmals w\u00f6chentlich die Bedeutung des &#8222;Wunderwerks K\u00f6rper&#8220; und des Bindegewebssystem in Erinnerung zu rufen und n\u00e4here Dich St\u00fcck f\u00fcr St\u00fcck mit zun\u00e4chst einfachen \u00dcbungen, z.B. mittels rollen an der Wand, Ihrem Trainingsoptimum an.<\/p>\r\n<p>Nutze hierbei auch die verschiedenen Gr\u00f6\u00dfen und Varianten der Relexa-Produkte.<\/p>\r\n<h2>Faszien-\u00dcbungen f\u00fcr Senioren<\/h2>\r\n<p><img decoding=\"async\" src=\"https:\/\/www.dr-koch.de\/wissen\/wp-content\/uploads\/2023\/07\/oberer-ruecken-stehend-683x1024.jpg\" sizes=\"(max-width: 683px) 100vw, 683px\" srcset=\"https:\/\/www.dr-koch.de\/wissen\/wp-content\/uploads\/2023\/07\/oberer-ruecken-stehend-683x1024.jpg 683w, https:\/\/www.dr-koch.de\/wissen\/wp-content\/uploads\/2023\/07\/oberer-ruecken-stehend-200x300.jpg 200w, https:\/\/www.dr-koch.de\/wissen\/wp-content\/uploads\/2023\/07\/oberer-ruecken-stehend-768x1151.jpg 768w, https:\/\/www.dr-koch.de\/wissen\/wp-content\/uploads\/2023\/07\/oberer-ruecken-stehend-1025x1536.jpg 1025w, https:\/\/www.dr-koch.de\/wissen\/wp-content\/uploads\/2023\/07\/oberer-ruecken-stehend-1367x2048.jpg 1367w, https:\/\/www.dr-koch.de\/wissen\/wp-content\/uploads\/2023\/07\/oberer-ruecken-stehend-scaled.jpg 1708w\" alt=\"\" width=\"683\" height=\"1024\" \/><\/p>\r\n<h3>Fl\u00e4chige R\u00fccken\u00fcbung stehend \u2013 oberer R\u00fccken | relexa Faszienrolle<\/h3>\r\n<!--\r\n        \tBy <a href=\"https:\/\/www.dr-koch.de\/wissen\/index.php\/author\/wpadmin\/\">wpadmin<\/a>\r\n        \t | \r\n        \t14 Juni 2023\r\n        -->\r\n<p>Mit dieser Massagerollen-\u00dcbung im Stehen flexibilisierst und st\u00e4rkst Du Deine R\u00fcckenmuskulatur im oberen R\u00fcckenbereich:<\/p>\r\n<ul>\r\n<li>Stelle Dich f\u00fcr diese R\u00fccken-\u00dcbung zun\u00e4chst vor eine leere Wandfl\u00e4che<\/li>\r\n<li>Winkel Deine Beine an bzw. gehe leicht in die Knie<\/li>\r\n<li>Klemme die Massagerolle waagerecht zwischen Deinen R\u00fccken und die Wand<\/li>\r\n<li>Positioniere die Rolle dabei in H\u00f6he der Schulterbl\u00e4tter<\/li>\r\n<li>Bewege die Rolle auf und ab, indem Du abwechselnd in die Knie gehst und die Beine streckst<\/li>\r\n<\/ul>\r\n<p>So massierst Du die Bereiche zwischen Brustwirbels\u00e4ule, Schulter und Nacken. Die Intensit\u00e4t dieser \u00dcbung kannst Du variieren, indem Du den Abstand Deiner F\u00fc\u00dfe zur Wand ver\u00e4nderst<\/p>\r\n<!--\r\n        \t<a href='https:\/\/www.dr-koch.de\/wissen\/index.php\/uebungen\/flaechige-rueckenuebung-stehend\/' title='Mehr lesen...'>Mehr lesen...<\/a>\r\n        -->\r\n<p><img decoding=\"async\" src=\"https:\/\/www.dr-koch.de\/wissen\/wp-content\/uploads\/2023\/07\/20161109_relexa_W_0506-683x1024.jpg\" sizes=\"(max-width: 683px) 100vw, 683px\" srcset=\"https:\/\/www.dr-koch.de\/wissen\/wp-content\/uploads\/2023\/07\/20161109_relexa_W_0506-683x1024.jpg 683w, https:\/\/www.dr-koch.de\/wissen\/wp-content\/uploads\/2023\/07\/20161109_relexa_W_0506-200x300.jpg 200w, https:\/\/www.dr-koch.de\/wissen\/wp-content\/uploads\/2023\/07\/20161109_relexa_W_0506-768x1151.jpg 768w, https:\/\/www.dr-koch.de\/wissen\/wp-content\/uploads\/2023\/07\/20161109_relexa_W_0506-1025x1536.jpg 1025w, https:\/\/www.dr-koch.de\/wissen\/wp-content\/uploads\/2023\/07\/20161109_relexa_W_0506-1367x2048.jpg 1367w, https:\/\/www.dr-koch.de\/wissen\/wp-content\/uploads\/2023\/07\/20161109_relexa_W_0506-scaled.jpg 1708w\" alt=\"Schulter\u00fcbung\" width=\"683\" height=\"1024\" \/><\/p>\r\n<h3>\u00dcbung f\u00fcr die Oberarme | relexa MINI Faszienrolle<\/h3>\r\n<!--\r\n        \tBy <a href=\"https:\/\/www.dr-koch.de\/wissen\/index.php\/author\/wpadmin\/\">wpadmin<\/a>\r\n        \t | \r\n        \t12 Juli 2023\r\n        -->\r\n<p>Mit dieser punktuellen \u00dcbung f\u00fcr die Oberarme massierst und st\u00e4rkst Du die tieferliegende Armmuskulatur:<\/p>\r\n<ul>\r\n<li>Stelle Dich zun\u00e4chst seitlich zu einer freien Wandfl\u00e4che auf<\/li>\r\n<li>Positioniere die Faszienrolle zwischen Wand und Oberarm<\/li>\r\n<li>Nun kannst Du mit leichten Kniebeugen auf und ab gehen und so den Oberarm massieren<\/li>\r\n<li>Die Intensit\u00e4t der \u00dcbung kannst Du beliebig steuern, in dem Du den Winkel des K\u00f6rpers zur Wand variierst<\/li>\r\n<\/ul>\r\n<p>Wirkung: Mit dieser \u00dcbung dehnst und entspannst Du Muskulatur und Bindegewebe von Trizeps (Armstrecker) und Bizeps (Armbeuger)<\/p>\r\n<!--\r\n        \t<a href='https:\/\/www.dr-koch.de\/wissen\/index.php\/uebungen\/uebung-fuer-die-oberarme\/' title='Mehr lesen...'>Mehr lesen...<\/a>\r\n        -->\r\n<p><img decoding=\"async\" src=\"https:\/\/www.dr-koch.de\/wissen\/wp-content\/uploads\/2023\/07\/Nacken-1024x683.jpg\" sizes=\"(max-width: 1024px) 100vw, 1024px\" srcset=\"https:\/\/www.dr-koch.de\/wissen\/wp-content\/uploads\/2023\/07\/Nacken-1024x683.jpg 1024w, https:\/\/www.dr-koch.de\/wissen\/wp-content\/uploads\/2023\/07\/Nacken-300x200.jpg 300w, https:\/\/www.dr-koch.de\/wissen\/wp-content\/uploads\/2023\/07\/Nacken-768x512.jpg 768w, https:\/\/www.dr-koch.de\/wissen\/wp-content\/uploads\/2023\/07\/Nacken-1536x1025.jpg 1536w, https:\/\/www.dr-koch.de\/wissen\/wp-content\/uploads\/2023\/07\/Nacken.jpg 1920w\" alt=\"\" width=\"1024\" height=\"683\" \/><\/p>\r\n<h3>Nacken\u00fcbung im Stehen | relexa Faszienrolle<\/h3>\r\n<!--\r\n        \tBy <a href=\"https:\/\/www.dr-koch.de\/wissen\/index.php\/author\/wpadmin\/\">wpadmin<\/a>\r\n        \t | \r\n        \t12 Juli 2023\r\n        -->\r\n<p>Du kannst auch die relexa Faszienrolle f\u00fcr R\u00fccken- und Nacken\u00fcbung verwenden:<\/p>\r\n<ul>\r\n<li>Stelle Dich f\u00fcr diese R\u00fccken-\u00dcbung zun\u00e4chst vor eine leere Wandfl\u00e4che<\/li>\r\n<li>Positioniere die Massagerolle waagerecht zwischen Deinen Nacken und die Wand<\/li>\r\n<li>Durch die relexa Faszienrolle kann der Nacken gro\u00dffl\u00e4chig stimuliert werden.<\/li>\r\n<li>Durch Drehen Deines Kopfes nach rechts und links kannst Du nun Deinen Nacken sanft dehnen<\/li>\r\n<li>Halte an den \u00e4u\u00dferen Punkten der Dehnung die Spannung einige Sekunden<\/li>\r\n<\/ul>\r\n<!--\r\n        \t<a href='https:\/\/www.dr-koch.de\/wissen\/index.php\/uebungen\/nackenuebung-mit-der-faszienrolle\/' title='Mehr lesen...'>Mehr lesen...<\/a>\r\n        -->\r\n<p><img decoding=\"async\" src=\"https:\/\/www.dr-koch.de\/wissen\/wp-content\/uploads\/2023\/07\/Ruecken-stehend-683x1024.jpg\" sizes=\"(max-width: 683px) 100vw, 683px\" srcset=\"https:\/\/www.dr-koch.de\/wissen\/wp-content\/uploads\/2023\/07\/Ruecken-stehend-683x1024.jpg 683w, https:\/\/www.dr-koch.de\/wissen\/wp-content\/uploads\/2023\/07\/Ruecken-stehend-200x300.jpg 200w, https:\/\/www.dr-koch.de\/wissen\/wp-content\/uploads\/2023\/07\/Ruecken-stehend-768x1151.jpg 768w, https:\/\/www.dr-koch.de\/wissen\/wp-content\/uploads\/2023\/07\/Ruecken-stehend-1025x1536.jpg 1025w, https:\/\/www.dr-koch.de\/wissen\/wp-content\/uploads\/2023\/07\/Ruecken-stehend-1367x2048.jpg 1367w, https:\/\/www.dr-koch.de\/wissen\/wp-content\/uploads\/2023\/07\/Ruecken-stehend-scaled.jpg 1708w\" alt=\"\" width=\"683\" height=\"1024\" \/><\/p>\r\n<h3>Fl\u00e4chige R\u00fccken\u00fcbung stehend \u2013 unterer R\u00fccken | relexa Faszienrolle<\/h3>\r\n<!--\r\n        \tBy <a href=\"https:\/\/www.dr-koch.de\/wissen\/index.php\/author\/wpadmin\/\">wpadmin<\/a>\r\n        \t | \r\n        \t24 Juli 2023\r\n        -->\r\n<p>Mit dieser Massagerollen-\u00dcbung im Stehen flexibilisierst und\u00a0st\u00e4rkst du deine R\u00fcckenmuskulatur im unteren R\u00fcckenbereich.<\/p>\r\n<p>Stelle dich f\u00fcr diese R\u00fccken\u00fcbung zun\u00e4chst\u00a0vor eine leere\u00a0Wandfl\u00e4che und winkel deine Beine an bzw. geh leicht in die Knie. Klemme die Massagerolle\u00a0waagerecht\u00a0zwischen deinen R\u00fccken und\u00a0die\u00a0Wand. Positioniere die Rolle\u00a0dabei\u00a0in H\u00f6he der Schulterbl\u00e4tter.<\/p>\r\n<p>Bewege die\u00a0Rolle auf und ab, indem du abwechselnd in die Knie gehst und die Beine streckst. So massierst du die Bereiche zwischen Brustwirbels\u00e4ule, Schulter und Nacken. Die Intensit\u00e4t dieser \u00dcbung kannst du variieren, indem du den Abstand deiner F\u00fc\u00dfe zur Wand ver\u00e4nderst.<\/p>\r\n<!--\r\n        \t<a href='https:\/\/www.dr-koch.de\/wissen\/index.php\/uebungen\/flaechige-rueckenuebung-stehend-unterer-ruecken\/' title='Mehr lesen...'>Mehr lesen...<\/a>\r\n        -->\r\n<p><img decoding=\"async\" src=\"https:\/\/www.dr-koch.de\/wissen\/wp-content\/uploads\/2023\/07\/triggerbehandlung-nacken-1024x683.jpg\" sizes=\"(max-width: 1024px) 100vw, 1024px\" srcset=\"https:\/\/www.dr-koch.de\/wissen\/wp-content\/uploads\/2023\/07\/triggerbehandlung-nacken-1024x683.jpg 1024w, https:\/\/www.dr-koch.de\/wissen\/wp-content\/uploads\/2023\/07\/triggerbehandlung-nacken-300x200.jpg 300w, https:\/\/www.dr-koch.de\/wissen\/wp-content\/uploads\/2023\/07\/triggerbehandlung-nacken-768x512.jpg 768w, https:\/\/www.dr-koch.de\/wissen\/wp-content\/uploads\/2023\/07\/triggerbehandlung-nacken.jpg 1200w\" alt=\"\" width=\"1024\" height=\"683\" \/><\/p>\r\n<h3>Triggerpunkt-Behandlung im Nacken | relexa Quadrupel<\/h3>\r\n<!--\r\n        \tBy <a href=\"https:\/\/www.dr-koch.de\/wissen\/index.php\/author\/wpadmin\/\">wpadmin<\/a>\r\n        \t | \r\n        \t24 Juli 2023\r\n        -->\r\n<p>Mit dem relexa Quadrupel kann die Nackenmuskulatur gezielt stimuliert werden. Nimm dazu den relexa Quadrupel am besten zwischen Daumen und Mittelfinger (siehe Bild oben).<\/p>\r\n<p>Dann setze ihn an der Stellen an, die behandelt werden soll. Entscheide nun nach eigenem Empfinden, wie stark du Druck aus\u00fcben m\u00f6chtest. Um zu variieren und zu testen, wie du deine Triggerpunkte am besten stimulieren kannst, kannst du neben dem Dr\u00fccken auch noch leichte Drehbewegungen mit dem Quadrupel durchf\u00fchren.<\/p>\r\n<!--\r\n        \t<a href='https:\/\/www.dr-koch.de\/wissen\/index.php\/uebungen\/triggerpunkt-behandlung-im-nacken\/' title='Mehr lesen...'>Mehr lesen...<\/a>\r\n        -->\r\n<p><img decoding=\"async\" src=\"https:\/\/www.dr-koch.de\/wissen\/wp-content\/uploads\/2023\/07\/einseitige-waden-1024x683.jpg\" sizes=\"(max-width: 1024px) 100vw, 1024px\" srcset=\"https:\/\/www.dr-koch.de\/wissen\/wp-content\/uploads\/2023\/07\/einseitige-waden-1024x683.jpg 1024w, https:\/\/www.dr-koch.de\/wissen\/wp-content\/uploads\/2023\/07\/einseitige-waden-300x200.jpg 300w, https:\/\/www.dr-koch.de\/wissen\/wp-content\/uploads\/2023\/07\/einseitige-waden-768x512.jpg 768w, https:\/\/www.dr-koch.de\/wissen\/wp-content\/uploads\/2023\/07\/einseitige-waden.jpg 1200w\" alt=\"\" width=\"1024\" height=\"683\" \/><\/p>\r\n<h3>Einseitige Wadendehn-\u00dcbung | relexa Wadendehner<\/h3>\r\n<!--\r\n        \tBy <a href=\"https:\/\/www.dr-koch.de\/wissen\/index.php\/author\/wpadmin\/\">wpadmin<\/a>\r\n        \t | \r\n        \t24 Juli 2023\r\n        -->\r\n<p>Wenn du bei der parallelen Wadendehn\u00fcbung sp\u00fcrst, dass das Ziehen bei einer Wade besonders intensiv ist, kannst du durch Kombination der Keile und ihrer Winkel die st\u00e4rker verk\u00fcrzte Wade weniger stark dehnen.<\/p>\r\n<p>Da alle Keile des relexa Wadendehner-Sets aufeinander passen, l\u00e4sst sich aber auch anders herum die Intensit\u00e4t der Dehnung bewusst steigern. Maximal stehen dir 34 Grad Neigung als Dehnhilfe zur Verf\u00fcgung, wenn du alle 3 Keile kombinierst:<\/p>\r\n<!--\r\n        \t<a href='https:\/\/www.dr-koch.de\/wissen\/index.php\/uebungen\/einseitige-wadendehn-uebung\/' title='Mehr lesen...'>Mehr lesen...<\/a>\r\n        -->\r\n<h2>Passende Produkte<\/h2>\r\n","protected":false},"excerpt":{"rendered":"<p>Faszientraining f\u00fcr Senioren Faszientraining f\u00fcr Senioren Bewegungsmangel entsteht im Alter oft aufgrund von\u00a0gesundheitlich bedingten Einschr\u00e4nkungen. Dies hat im chronischen Verlauf eine deutliche Verschlechterung aktiver Strukturen, wie Muskulatur und Bindegewebe, aber auch passiver Strukturen, wie Knochen, Sehnen und B\u00e4nder zur Folge. Dem Bindegewebe sollte eine\u00a0besondere Aufmerksamkeit\u00a0geschenkt werden, schlie\u00dflich ist dies unser\u00a0gr\u00f6\u00dftes Sinnesorgan\u00a0und das elementare Organ f\u00fcr&hellip;<\/p>\n","protected":false},"author":1,"featured_media":0,"parent":0,"menu_order":0,"comment_status":"closed","ping_status":"closed","template":"","meta":{"_acf_changed":false,"inline_featured_image":false,"footnotes":""},"class_list":["post-480","page","type-page","status-publish","hentry"],"acf":[],"yoast_head":"<!-- This site is optimized with the Yoast SEO plugin v26.6 - https:\/\/yoast.com\/wordpress\/plugins\/seo\/ -->\r\n<title>Faszientraining f\u00fcr Senioren: \u00dcbungen f\u00fcr Beweglichkeit<\/title>\r\n<meta name=\"description\" content=\"Faszientraining f\u00fcr Senioren: Effektive \u00dcbungen f\u00fcr mehr Beweglichkeit. \u00dcbungen mit Faszienrollen f\u00fcr Senioren \u2794 Beweglichkeit und Wohlbefinden!\" \/>\r\n<meta name=\"robots\" content=\"index, follow, max-snippet:-1, max-image-preview:large, max-video-preview:-1\" \/>\r\n<link rel=\"canonical\" href=\"https:\/\/www.dr-koch.de\/wissen\/faszientraining-fuer-senioren\/\" \/>\r\n<meta property=\"og:locale\" content=\"de_DE\" \/>\r\n<meta property=\"og:type\" content=\"article\" \/>\r\n<meta property=\"og:title\" content=\"Faszientraining f\u00fcr Senioren: \u00dcbungen f\u00fcr Beweglichkeit\" \/>\r\n<meta property=\"og:description\" content=\"Faszientraining f\u00fcr Senioren: Effektive \u00dcbungen f\u00fcr mehr Beweglichkeit. \u00dcbungen mit Faszienrollen f\u00fcr Senioren \u2794 Beweglichkeit und Wohlbefinden!\" \/>\r\n<meta property=\"og:url\" content=\"https:\/\/www.dr-koch.de\/wissen\/faszientraining-fuer-senioren\/\" \/>\r\n<meta property=\"og:site_name\" content=\"Dr. Paul Koch GmbH\" \/>\r\n<meta property=\"article:publisher\" content=\"https:\/\/www.facebook.com\/relexa.fit\/?locale=de_DE\" \/>\r\n<meta property=\"article:modified_time\" content=\"2023-11-14T08:01:04+00:00\" \/>\r\n<meta property=\"og:image\" content=\"https:\/\/www.dr-koch.de\/wissen\/wp-content\/uploads\/2023\/07\/relexa-home-emo.jpg\" \/>\r\n<meta name=\"twitter:card\" content=\"summary_large_image\" \/>\r\n<meta name=\"twitter:label1\" content=\"Gesch\u00e4tzte Lesezeit\" \/>\n\t<meta name=\"twitter:data1\" content=\"7\u00a0Minuten\" \/>\r\n<script type=\"application\/ld+json\" class=\"yoast-schema-graph\">{\"@context\":\"https:\/\/schema.org\",\"@graph\":[{\"@type\":\"WebPage\",\"@id\":\"https:\/\/www.dr-koch.de\/wissen\/faszientraining-fuer-senioren\/\",\"url\":\"https:\/\/www.dr-koch.de\/wissen\/faszientraining-fuer-senioren\/\",\"name\":\"Faszientraining f\u00fcr Senioren: \u00dcbungen f\u00fcr Beweglichkeit\",\"isPartOf\":{\"@id\":\"https:\/\/www.dr-koch.de\/wissen\/#website\"},\"primaryImageOfPage\":{\"@id\":\"https:\/\/www.dr-koch.de\/wissen\/faszientraining-fuer-senioren\/#primaryimage\"},\"image\":{\"@id\":\"https:\/\/www.dr-koch.de\/wissen\/faszientraining-fuer-senioren\/#primaryimage\"},\"thumbnailUrl\":\"https:\/\/www.dr-koch.de\/wissen\/wp-content\/uploads\/2023\/07\/relexa-home-emo.jpg\",\"datePublished\":\"2023-08-02T12:59:24+00:00\",\"dateModified\":\"2023-11-14T08:01:04+00:00\",\"description\":\"Faszientraining f\u00fcr Senioren: Effektive \u00dcbungen f\u00fcr mehr Beweglichkeit. \u00dcbungen mit Faszienrollen f\u00fcr Senioren \u2794 Beweglichkeit und Wohlbefinden!\",\"breadcrumb\":{\"@id\":\"https:\/\/www.dr-koch.de\/wissen\/faszientraining-fuer-senioren\/#breadcrumb\"},\"inLanguage\":\"de\",\"potentialAction\":[{\"@type\":\"ReadAction\",\"target\":[\"https:\/\/www.dr-koch.de\/wissen\/faszientraining-fuer-senioren\/\"]}]},{\"@type\":\"ImageObject\",\"inLanguage\":\"de\",\"@id\":\"https:\/\/www.dr-koch.de\/wissen\/faszientraining-fuer-senioren\/#primaryimage\",\"url\":\"https:\/\/www.dr-koch.de\/wissen\/wp-content\/uploads\/2023\/07\/relexa-home-emo.jpg\",\"contentUrl\":\"https:\/\/www.dr-koch.de\/wissen\/wp-content\/uploads\/2023\/07\/relexa-home-emo.jpg\",\"width\":1920,\"height\":830},{\"@type\":\"BreadcrumbList\",\"@id\":\"https:\/\/www.dr-koch.de\/wissen\/faszientraining-fuer-senioren\/#breadcrumb\",\"itemListElement\":[{\"@type\":\"ListItem\",\"position\":1,\"name\":\"Home\",\"item\":\"https:\/\/www.dr-koch.de\/wissen\/\"},{\"@type\":\"ListItem\",\"position\":2,\"name\":\"Faszientraining f\u00fcr Senioren\"}]},{\"@type\":\"WebSite\",\"@id\":\"https:\/\/www.dr-koch.de\/wissen\/#website\",\"url\":\"https:\/\/www.dr-koch.de\/wissen\/\",\"name\":\"Dr. Paul Koch GmbH\",\"description\":\"\",\"publisher\":{\"@id\":\"https:\/\/www.dr-koch.de\/wissen\/#organization\"},\"potentialAction\":[{\"@type\":\"SearchAction\",\"target\":{\"@type\":\"EntryPoint\",\"urlTemplate\":\"https:\/\/www.dr-koch.de\/wissen\/?s={search_term_string}\"},\"query-input\":{\"@type\":\"PropertyValueSpecification\",\"valueRequired\":true,\"valueName\":\"search_term_string\"}}],\"inLanguage\":\"de\"},{\"@type\":\"Organization\",\"@id\":\"https:\/\/www.dr-koch.de\/wissen\/#organization\",\"name\":\"Dr. Paul Koch GmbH\",\"alternateName\":\"relexa\",\"url\":\"https:\/\/www.dr-koch.de\/wissen\/\",\"logo\":{\"@type\":\"ImageObject\",\"inLanguage\":\"de\",\"@id\":\"https:\/\/www.dr-koch.de\/wissen\/#\/schema\/logo\/image\/\",\"url\":\"https:\/\/www.dr-koch.de\/wissen\/wp-content\/uploads\/2023\/06\/nav-logo-koch.svg\",\"contentUrl\":\"https:\/\/www.dr-koch.de\/wissen\/wp-content\/uploads\/2023\/06\/nav-logo-koch.svg\",\"width\":266,\"height\":60,\"caption\":\"Dr. Paul Koch GmbH\"},\"image\":{\"@id\":\"https:\/\/www.dr-koch.de\/wissen\/#\/schema\/logo\/image\/\"},\"sameAs\":[\"https:\/\/www.facebook.com\/relexa.fit\/?locale=de_DE\",\"https:\/\/www.youtube.com\/channel\/UC9uGb6vJqdZpRrWZDKvKHIw\"]}]}<\/script>\r\n<!-- \/ Yoast SEO plugin. -->","yoast_head_json":{"title":"Faszientraining f\u00fcr Senioren: \u00dcbungen f\u00fcr Beweglichkeit","description":"Faszientraining f\u00fcr Senioren: Effektive \u00dcbungen f\u00fcr mehr Beweglichkeit. \u00dcbungen mit Faszienrollen f\u00fcr Senioren \u2794 Beweglichkeit und Wohlbefinden!","robots":{"index":"index","follow":"follow","max-snippet":"max-snippet:-1","max-image-preview":"max-image-preview:large","max-video-preview":"max-video-preview:-1"},"canonical":"https:\/\/www.dr-koch.de\/wissen\/faszientraining-fuer-senioren\/","og_locale":"de_DE","og_type":"article","og_title":"Faszientraining f\u00fcr Senioren: \u00dcbungen f\u00fcr Beweglichkeit","og_description":"Faszientraining f\u00fcr Senioren: Effektive \u00dcbungen f\u00fcr mehr Beweglichkeit. \u00dcbungen mit Faszienrollen f\u00fcr Senioren \u2794 Beweglichkeit und Wohlbefinden!","og_url":"https:\/\/www.dr-koch.de\/wissen\/faszientraining-fuer-senioren\/","og_site_name":"Dr. Paul Koch GmbH","article_publisher":"https:\/\/www.facebook.com\/relexa.fit\/?locale=de_DE","article_modified_time":"2023-11-14T08:01:04+00:00","og_image":[{"url":"https:\/\/www.dr-koch.de\/wissen\/wp-content\/uploads\/2023\/07\/relexa-home-emo.jpg","type":"","width":"","height":""}],"twitter_card":"summary_large_image","twitter_misc":{"Gesch\u00e4tzte Lesezeit":"7\u00a0Minuten"},"schema":{"@context":"https:\/\/schema.org","@graph":[{"@type":"WebPage","@id":"https:\/\/www.dr-koch.de\/wissen\/faszientraining-fuer-senioren\/","url":"https:\/\/www.dr-koch.de\/wissen\/faszientraining-fuer-senioren\/","name":"Faszientraining f\u00fcr Senioren: \u00dcbungen f\u00fcr Beweglichkeit","isPartOf":{"@id":"https:\/\/www.dr-koch.de\/wissen\/#website"},"primaryImageOfPage":{"@id":"https:\/\/www.dr-koch.de\/wissen\/faszientraining-fuer-senioren\/#primaryimage"},"image":{"@id":"https:\/\/www.dr-koch.de\/wissen\/faszientraining-fuer-senioren\/#primaryimage"},"thumbnailUrl":"https:\/\/www.dr-koch.de\/wissen\/wp-content\/uploads\/2023\/07\/relexa-home-emo.jpg","datePublished":"2023-08-02T12:59:24+00:00","dateModified":"2023-11-14T08:01:04+00:00","description":"Faszientraining f\u00fcr Senioren: Effektive \u00dcbungen f\u00fcr mehr Beweglichkeit. \u00dcbungen mit Faszienrollen f\u00fcr Senioren \u2794 Beweglichkeit und Wohlbefinden!","breadcrumb":{"@id":"https:\/\/www.dr-koch.de\/wissen\/faszientraining-fuer-senioren\/#breadcrumb"},"inLanguage":"de","potentialAction":[{"@type":"ReadAction","target":["https:\/\/www.dr-koch.de\/wissen\/faszientraining-fuer-senioren\/"]}]},{"@type":"ImageObject","inLanguage":"de","@id":"https:\/\/www.dr-koch.de\/wissen\/faszientraining-fuer-senioren\/#primaryimage","url":"https:\/\/www.dr-koch.de\/wissen\/wp-content\/uploads\/2023\/07\/relexa-home-emo.jpg","contentUrl":"https:\/\/www.dr-koch.de\/wissen\/wp-content\/uploads\/2023\/07\/relexa-home-emo.jpg","width":1920,"height":830},{"@type":"BreadcrumbList","@id":"https:\/\/www.dr-koch.de\/wissen\/faszientraining-fuer-senioren\/#breadcrumb","itemListElement":[{"@type":"ListItem","position":1,"name":"Home","item":"https:\/\/www.dr-koch.de\/wissen\/"},{"@type":"ListItem","position":2,"name":"Faszientraining f\u00fcr Senioren"}]},{"@type":"WebSite","@id":"https:\/\/www.dr-koch.de\/wissen\/#website","url":"https:\/\/www.dr-koch.de\/wissen\/","name":"Dr. Paul Koch GmbH","description":"","publisher":{"@id":"https:\/\/www.dr-koch.de\/wissen\/#organization"},"potentialAction":[{"@type":"SearchAction","target":{"@type":"EntryPoint","urlTemplate":"https:\/\/www.dr-koch.de\/wissen\/?s={search_term_string}"},"query-input":{"@type":"PropertyValueSpecification","valueRequired":true,"valueName":"search_term_string"}}],"inLanguage":"de"},{"@type":"Organization","@id":"https:\/\/www.dr-koch.de\/wissen\/#organization","name":"Dr. Paul Koch GmbH","alternateName":"relexa","url":"https:\/\/www.dr-koch.de\/wissen\/","logo":{"@type":"ImageObject","inLanguage":"de","@id":"https:\/\/www.dr-koch.de\/wissen\/#\/schema\/logo\/image\/","url":"https:\/\/www.dr-koch.de\/wissen\/wp-content\/uploads\/2023\/06\/nav-logo-koch.svg","contentUrl":"https:\/\/www.dr-koch.de\/wissen\/wp-content\/uploads\/2023\/06\/nav-logo-koch.svg","width":266,"height":60,"caption":"Dr. Paul Koch GmbH"},"image":{"@id":"https:\/\/www.dr-koch.de\/wissen\/#\/schema\/logo\/image\/"},"sameAs":["https:\/\/www.facebook.com\/relexa.fit\/?locale=de_DE","https:\/\/www.youtube.com\/channel\/UC9uGb6vJqdZpRrWZDKvKHIw"]}]}},"_links":{"self":[{"href":"https:\/\/www.dr-koch.de\/wissen\/wp-json\/wp\/v2\/pages\/480","targetHints":{"allow":["GET"]}}],"collection":[{"href":"https:\/\/www.dr-koch.de\/wissen\/wp-json\/wp\/v2\/pages"}],"about":[{"href":"https:\/\/www.dr-koch.de\/wissen\/wp-json\/wp\/v2\/types\/page"}],"author":[{"embeddable":true,"href":"https:\/\/www.dr-koch.de\/wissen\/wp-json\/wp\/v2\/users\/1"}],"replies":[{"embeddable":true,"href":"https:\/\/www.dr-koch.de\/wissen\/wp-json\/wp\/v2\/comments?post=480"}],"version-history":[{"count":5,"href":"https:\/\/www.dr-koch.de\/wissen\/wp-json\/wp\/v2\/pages\/480\/revisions"}],"predecessor-version":[{"id":1134,"href":"https:\/\/www.dr-koch.de\/wissen\/wp-json\/wp\/v2\/pages\/480\/revisions\/1134"}],"wp:attachment":[{"href":"https:\/\/www.dr-koch.de\/wissen\/wp-json\/wp\/v2\/media?parent=480"}],"curies":[{"name":"wp","href":"https:\/\/api.w.org\/{rel}","templated":true}]}}