{"id":457,"date":"2023-08-02T10:23:03","date_gmt":"2023-08-02T08:23:03","guid":{"rendered":"https:\/\/www.dr-koch.de\/wissen\/?page_id=457"},"modified":"2023-11-14T07:22:35","modified_gmt":"2023-11-14T06:22:35","slug":"golfarm-tennisarm-schmerzt-das-bringt-linderung","status":"publish","type":"page","link":"https:\/\/www.dr-koch.de\/wissen\/golfarm-tennisarm-schmerzt-das-bringt-linderung\/","title":{"rendered":"Golferarm \/ Tennisarm: Das bringt Linderung!"},"content":{"rendered":"\r\n<p><img decoding=\"async\" title=\"relexa-home-emo\" src=\"https:\/\/www.dr-koch.de\/wissen\/wp-content\/uploads\/2023\/07\/relexa-home-emo.jpg\" alt=\"relexa-home-emo\" width=\"1920\" height=\"830\" \/><\/p>\r\n<h1>Golferarm \/ Tennisarm schmerzen?<\/h1>\r\n<p>Das bringt Linderung!<\/p>\r\n<h2>Das lindert Schmerzen im Ellenbogen und Unterarm bei Golferarm \/ Tennisarm<\/h2>\r\n<p>Viele Menschen leiden unter\u00a0<strong>Verspannungen<\/strong>\u00a0und\u00a0<strong>Schmerzen<\/strong>\u00a0im Unterarm. Man spricht hier auch vom sogenannten\u00a0<strong>Golfer- bzw. Tennisarm<\/strong>. Dabei ist zu betonen, dass betroffene Personen in vielen F\u00e4llen noch nie Tennis oder Golf gespielt haben. Ursache f\u00fcr diese \u00dcberlastung im Unterarm ist h\u00e4ufig\u00a0<strong>Stress<\/strong>.<\/p>\r\n<p>Damit das Fasziensystem geschmeidig und locker funktionieren kann, ben\u00f6tigt dieses ein Wechselspiel zwischen Anspannung und Entspannung. In Stresssituationen ist dieses Wechselspiel nicht mehr gegeben, denn h\u00e4ufig verarbeiten wir Stress nachts und schlafen mit angewinkelten Armen und geballten F\u00e4usten oder pressen die Z\u00e4hne zusammen. Die Muskulatur ist daher st\u00e4ndig in einer gewissen Grundspannung und kann sich nicht mehr erholen.<\/p>\r\n<p>Diese Verspannungen k\u00f6nnen z.B. Sehnenansatzentz\u00fcndungen hervorrufen.<\/p>\r\n<p>Um diese Verspannungen zu l\u00f6sen oder ihnen entgegenzuwirken hilft es, sich regelm\u00e4\u00dfig die Unterarme mit der relexa Faszienrolle abzurollen oder spezielle\u00a0Golferarm \u00dcbungen\u00a0durchzuf\u00fchren und somit f\u00fcr Lockerung und Entspannung im Gewebe zu sorgen.<\/p>\r\n<h2>\u00dcbungen f\u00fcr die Arme<\/h2>\r\n<p><img decoding=\"async\" src=\"https:\/\/www.dr-koch.de\/wissen\/wp-content\/uploads\/2023\/07\/IMG_9538-1024x683.jpg\" sizes=\"(max-width: 1024px) 100vw, 1024px\" srcset=\"https:\/\/www.dr-koch.de\/wissen\/wp-content\/uploads\/2023\/07\/IMG_9538-1024x683.jpg 1024w, https:\/\/www.dr-koch.de\/wissen\/wp-content\/uploads\/2023\/07\/IMG_9538-300x200.jpg 300w, https:\/\/www.dr-koch.de\/wissen\/wp-content\/uploads\/2023\/07\/IMG_9538-768x512.jpg 768w, https:\/\/www.dr-koch.de\/wissen\/wp-content\/uploads\/2023\/07\/IMG_9538-1536x1024.jpg 1536w, https:\/\/www.dr-koch.de\/wissen\/wp-content\/uploads\/2023\/07\/IMG_9538.jpg 1920w\" alt=\"\" width=\"1024\" height=\"683\" \/><\/p>\r\n<h3>Unterarm Rollout | relexa Faszienrolle<\/h3>\r\n<!--\r\n        \tBy <a href=\"https:\/\/www.dr-koch.de\/wissen\/index.php\/author\/wpadmin\/\">wpadmin<\/a>\r\n        \t | \r\n        \t12 Juli 2023\r\n        -->\r\n<p>Mit dieser \u00dcbung steigerst Du die Elastizit\u00e4t und das Leistungsverm\u00f6gen der Muskulatur sp\u00fcrbar:<\/p>\r\n<ul>\r\n<li>Starte mit Deiner relexa Faszienrolle auf den Boden<\/li>\r\n<li>Rolle nun gleichzeitig Deine Unterarme mit ein wenig Druck aus der Schulter von der Handwurzel bis zum Ellenbogen<\/li>\r\n<li>Durch die relexa Faszienrolle kannst Du beide Unterarme gleichzeitig stimulieren<\/li>\r\n<li>Wenn Du die Unterarme nach jeder Bewegung etwas drehst, kannst Du die ganze Unterarm-Muskulatur massieren<\/li>\r\n<\/ul>\r\n<!--\r\n        \t<a href='https:\/\/www.dr-koch.de\/wissen\/index.php\/uebungen\/uebung-fuer-den-unterarm\/' title='Mehr lesen...'>Mehr lesen...<\/a>\r\n        -->\r\n<p><img decoding=\"async\" src=\"https:\/\/www.dr-koch.de\/wissen\/wp-content\/uploads\/2023\/07\/IMG_9518-1024x683.jpg\" sizes=\"(max-width: 1024px) 100vw, 1024px\" srcset=\"https:\/\/www.dr-koch.de\/wissen\/wp-content\/uploads\/2023\/07\/IMG_9518-1024x683.jpg 1024w, https:\/\/www.dr-koch.de\/wissen\/wp-content\/uploads\/2023\/07\/IMG_9518-300x200.jpg 300w, https:\/\/www.dr-koch.de\/wissen\/wp-content\/uploads\/2023\/07\/IMG_9518-768x512.jpg 768w, https:\/\/www.dr-koch.de\/wissen\/wp-content\/uploads\/2023\/07\/IMG_9518-1536x1024.jpg 1536w, https:\/\/www.dr-koch.de\/wissen\/wp-content\/uploads\/2023\/07\/IMG_9518.jpg 1920w\" alt=\"\" width=\"1024\" height=\"683\" \/><\/p>\r\n<h3>Punktuelle Massage Unterarm | relexa Quadrupel<\/h3>\r\n<!--\r\n        \tBy <a href=\"https:\/\/www.dr-koch.de\/wissen\/index.php\/author\/wpadmin\/\">wpadmin<\/a>\r\n        \t | \r\n        \t12 Juli 2023\r\n        -->\r\n<p>Mit dieser punktuellen \u00dcbung f\u00fcr den Unterarm massierst und st\u00e4rkst Du die tieferliegende Muskulatur.<\/p>\r\n<ul>\r\n<li>Nimm den relexa Quadrupel<\/li>\r\n<li>Dr\u00fccke ihn vorsichtig in die Stellen, die Du massieren m\u00f6chtest.<\/li>\r\n<li>Den Druck kannst Du je nach Schmerzempfinden variieren.<\/li>\r\n<li>Drehe den Quadrupel leicht hin und her, um noch genauer an Triggerpunkte tief im Gewebe zu gelangen<\/li>\r\n<\/ul>\r\n<!--\r\n        \t<a href='https:\/\/www.dr-koch.de\/wissen\/index.php\/uebungen\/punktuelle-massage-unterarm\/' title='Mehr lesen...'>Mehr lesen...<\/a>\r\n        -->\r\n<p><img decoding=\"async\" src=\"https:\/\/www.dr-koch.de\/wissen\/wp-content\/uploads\/2023\/07\/unterarm-rollout-1024x683.jpg\" sizes=\"(max-width: 1024px) 100vw, 1024px\" srcset=\"https:\/\/www.dr-koch.de\/wissen\/wp-content\/uploads\/2023\/07\/unterarm-rollout-1024x683.jpg 1024w, https:\/\/www.dr-koch.de\/wissen\/wp-content\/uploads\/2023\/07\/unterarm-rollout-300x200.jpg 300w, https:\/\/www.dr-koch.de\/wissen\/wp-content\/uploads\/2023\/07\/unterarm-rollout-768x512.jpg 768w, https:\/\/www.dr-koch.de\/wissen\/wp-content\/uploads\/2023\/07\/unterarm-rollout.jpg 1200w\" alt=\"\" width=\"1024\" height=\"683\" \/><\/p>\r\n<h3>Unterarm Rollout | relexa Twinball<\/h3>\r\n<!--\r\n        \tBy <a href=\"https:\/\/www.dr-koch.de\/wissen\/index.php\/author\/wpadmin\/\">wpadmin<\/a>\r\n        \t | \r\n        \t24 Juli 2023\r\n        -->\r\n<p>Mit dieser \u00dcbung steigerst Du die Elastizit\u00e4t und das Leistungsverm\u00f6gen der Muskulatur sp\u00fcrbar:<\/p>\r\n<ul>\r\n<li>Lege Deinen relexa Twinball auf den Boden<\/li>\r\n<li>Rolle nun Deinen Unterarm mit ein wenig Druck aus der Schulter von der Handwurzel bis zum Ellenbogen<\/li>\r\n<li>Wenn Du willst, kannst Du die Unterarme nach jeder Bewegung etwas drehen, um die gesamte Muskulatur zu massieren<\/li>\r\n<\/ul>\r\n<!--\r\n        \t<a href='https:\/\/www.dr-koch.de\/wissen\/index.php\/uebungen\/unterarm-rollout\/' title='Mehr lesen...'>Mehr lesen...<\/a>\r\n        -->\r\n<p><iframe loading=\"lazy\" title=\"Aktivierung der Unterarme\" src=\"https:\/\/www.youtube.com\/embed\/sJ6-xwcdEJ4?feature=oembed\" width=\"715\" height=\"402\" frameborder=\"0\" allowfullscreen=\"allowfullscreen\"><\/iframe><\/p>\r\n<h3>Aktivierung Unterarme<\/h3>\r\n<!--\r\n        \tBy <a href=\"https:\/\/www.dr-koch.de\/wissen\/index.php\/author\/wpadmin\/\">wpadmin<\/a>\r\n        \t | \r\n        \t5 September 2023\r\n        -->\r\n<p>Vor einer sportlichen Belastung oder vor der Arbeit am PC macht es Sinn, den Unterarm zu aktivieren. Dabei am Tisch oder Boden den Unterarm schnell ausrollen, dabei auch \u00fcber das Handgelenk in die Handfl\u00e4che und den Handr\u00fccken rollen.<\/p>\r\n<!--\r\n        \t<a href='https:\/\/www.dr-koch.de\/wissen\/index.php\/uebungen\/aktivierung-unterarme\/' title='Mehr lesen...'>Mehr lesen...<\/a>\r\n        -->\r\n<p><img decoding=\"async\" src=\"https:\/\/www.dr-koch.de\/wissen\/wp-content\/uploads\/2023\/07\/20161109_relexa_W_0506-683x1024.jpg\" sizes=\"(max-width: 683px) 100vw, 683px\" srcset=\"https:\/\/www.dr-koch.de\/wissen\/wp-content\/uploads\/2023\/07\/20161109_relexa_W_0506-683x1024.jpg 683w, https:\/\/www.dr-koch.de\/wissen\/wp-content\/uploads\/2023\/07\/20161109_relexa_W_0506-200x300.jpg 200w, https:\/\/www.dr-koch.de\/wissen\/wp-content\/uploads\/2023\/07\/20161109_relexa_W_0506-768x1151.jpg 768w, https:\/\/www.dr-koch.de\/wissen\/wp-content\/uploads\/2023\/07\/20161109_relexa_W_0506-1025x1536.jpg 1025w, https:\/\/www.dr-koch.de\/wissen\/wp-content\/uploads\/2023\/07\/20161109_relexa_W_0506-1367x2048.jpg 1367w, https:\/\/www.dr-koch.de\/wissen\/wp-content\/uploads\/2023\/07\/20161109_relexa_W_0506-scaled.jpg 1708w\" alt=\"Schulter\u00fcbung\" width=\"683\" height=\"1024\" \/><\/p>\r\n<h3>\u00dcbung f\u00fcr die Oberarme | relexa MINI Faszienrolle<\/h3>\r\n<!--\r\n        \tBy <a href=\"https:\/\/www.dr-koch.de\/wissen\/index.php\/author\/wpadmin\/\">wpadmin<\/a>\r\n        \t | \r\n        \t12 Juli 2023\r\n        -->\r\n<p>Mit dieser punktuellen \u00dcbung f\u00fcr die Oberarme massierst und st\u00e4rkst Du die tieferliegende Armmuskulatur:<\/p>\r\n<ul>\r\n<li>Stelle Dich zun\u00e4chst seitlich zu einer freien Wandfl\u00e4che auf<\/li>\r\n<li>Positioniere die Faszienrolle zwischen Wand und Oberarm<\/li>\r\n<li>Nun kannst Du mit leichten Kniebeugen auf und ab gehen und so den Oberarm massieren<\/li>\r\n<li>Die Intensit\u00e4t der \u00dcbung kannst Du beliebig steuern, in dem Du den Winkel des K\u00f6rpers zur Wand variierst<\/li>\r\n<\/ul>\r\n<p>Wirkung: Mit dieser \u00dcbung dehnst und entspannst Du Muskulatur und Bindegewebe von Trizeps (Armstrecker) und Bizeps (Armbeuger)<\/p>\r\n<!--\r\n        \t<a href='https:\/\/www.dr-koch.de\/wissen\/index.php\/uebungen\/uebung-fuer-die-oberarme\/' title='Mehr lesen...'>Mehr lesen...<\/a>\r\n        -->\r\n<h2>Passende Produkte<\/h2>\r\n","protected":false},"excerpt":{"rendered":"<p>Golferarm \/ Tennisarm schmerzen? Das bringt Linderung! Das lindert Schmerzen im Ellenbogen und Unterarm bei Golferarm \/ Tennisarm Viele Menschen leiden unter\u00a0Verspannungen\u00a0und\u00a0Schmerzen\u00a0im Unterarm. Man spricht hier auch vom sogenannten\u00a0Golfer- bzw. Tennisarm. Dabei ist zu betonen, dass betroffene Personen in vielen F\u00e4llen noch nie Tennis oder Golf gespielt haben. Ursache f\u00fcr diese \u00dcberlastung im Unterarm ist&hellip;<\/p>\n","protected":false},"author":1,"featured_media":448,"parent":0,"menu_order":0,"comment_status":"closed","ping_status":"closed","template":"","meta":{"_acf_changed":false,"inline_featured_image":false,"footnotes":""},"class_list":["post-457","page","type-page","status-publish","has-post-thumbnail","hentry"],"acf":[],"yoast_head":"<!-- This site is optimized with the Yoast SEO plugin v26.6 - https:\/\/yoast.com\/wordpress\/plugins\/seo\/ -->\r\n<title>Golfarm behandeln: Faszientraining f\u00fcr Schmerzlinderung<\/title>\r\n<meta name=\"description\" content=\"Golfarm behandeln: \ud83c\udfcc\ufe0f\u200d\u2642\ufe0f Entdecke effektive Schmerzlinderung durch bew\u00e4hrte Methoden und erhalte schnelle Erleichterung durch Faszien\u00fcbungen.\" \/>\r\n<meta name=\"robots\" content=\"index, follow, max-snippet:-1, max-image-preview:large, max-video-preview:-1\" \/>\r\n<link rel=\"canonical\" href=\"https:\/\/www.dr-koch.de\/wissen\/golfarm-tennisarm-schmerzt-das-bringt-linderung\/\" \/>\r\n<meta property=\"og:locale\" content=\"de_DE\" \/>\r\n<meta property=\"og:type\" content=\"article\" \/>\r\n<meta property=\"og:title\" content=\"Golfarm behandeln: Faszientraining f\u00fcr Schmerzlinderung\" \/>\r\n<meta property=\"og:description\" content=\"Golfarm behandeln: \ud83c\udfcc\ufe0f\u200d\u2642\ufe0f Entdecke effektive Schmerzlinderung durch bew\u00e4hrte Methoden und erhalte schnelle Erleichterung durch Faszien\u00fcbungen.\" \/>\r\n<meta property=\"og:url\" content=\"https:\/\/www.dr-koch.de\/wissen\/golfarm-tennisarm-schmerzt-das-bringt-linderung\/\" \/>\r\n<meta property=\"og:site_name\" content=\"Dr. Paul Koch GmbH\" \/>\r\n<meta property=\"article:publisher\" content=\"https:\/\/www.facebook.com\/relexa.fit\/?locale=de_DE\" \/>\r\n<meta property=\"article:modified_time\" content=\"2023-11-14T06:22:35+00:00\" \/>\r\n<meta property=\"og:image\" content=\"https:\/\/www.dr-koch.de\/wissen\/wp-content\/uploads\/2023\/08\/ellenbogenschmerzen.jpg\" \/>\r\n\t<meta property=\"og:image:width\" content=\"342\" \/>\r\n\t<meta property=\"og:image:height\" content=\"350\" \/>\r\n\t<meta property=\"og:image:type\" content=\"image\/jpeg\" \/>\r\n<meta name=\"twitter:card\" content=\"summary_large_image\" \/>\r\n<meta name=\"twitter:label1\" content=\"Gesch\u00e4tzte Lesezeit\" \/>\n\t<meta name=\"twitter:data1\" content=\"4\u00a0Minuten\" \/>\r\n<script type=\"application\/ld+json\" class=\"yoast-schema-graph\">{\"@context\":\"https:\/\/schema.org\",\"@graph\":[{\"@type\":\"WebPage\",\"@id\":\"https:\/\/www.dr-koch.de\/wissen\/golfarm-tennisarm-schmerzt-das-bringt-linderung\/\",\"url\":\"https:\/\/www.dr-koch.de\/wissen\/golfarm-tennisarm-schmerzt-das-bringt-linderung\/\",\"name\":\"Golfarm behandeln: Faszientraining f\u00fcr Schmerzlinderung\",\"isPartOf\":{\"@id\":\"https:\/\/www.dr-koch.de\/wissen\/#website\"},\"primaryImageOfPage\":{\"@id\":\"https:\/\/www.dr-koch.de\/wissen\/golfarm-tennisarm-schmerzt-das-bringt-linderung\/#primaryimage\"},\"image\":{\"@id\":\"https:\/\/www.dr-koch.de\/wissen\/golfarm-tennisarm-schmerzt-das-bringt-linderung\/#primaryimage\"},\"thumbnailUrl\":\"https:\/\/www.dr-koch.de\/wissen\/wp-content\/uploads\/2023\/08\/ellenbogenschmerzen.jpg\",\"datePublished\":\"2023-08-02T08:23:03+00:00\",\"dateModified\":\"2023-11-14T06:22:35+00:00\",\"description\":\"Golfarm behandeln: \ud83c\udfcc\ufe0f\u200d\u2642\ufe0f Entdecke effektive Schmerzlinderung durch bew\u00e4hrte Methoden und erhalte schnelle Erleichterung durch Faszien\u00fcbungen.\",\"breadcrumb\":{\"@id\":\"https:\/\/www.dr-koch.de\/wissen\/golfarm-tennisarm-schmerzt-das-bringt-linderung\/#breadcrumb\"},\"inLanguage\":\"de\",\"potentialAction\":[{\"@type\":\"ReadAction\",\"target\":[\"https:\/\/www.dr-koch.de\/wissen\/golfarm-tennisarm-schmerzt-das-bringt-linderung\/\"]}]},{\"@type\":\"ImageObject\",\"inLanguage\":\"de\",\"@id\":\"https:\/\/www.dr-koch.de\/wissen\/golfarm-tennisarm-schmerzt-das-bringt-linderung\/#primaryimage\",\"url\":\"https:\/\/www.dr-koch.de\/wissen\/wp-content\/uploads\/2023\/08\/ellenbogenschmerzen.jpg\",\"contentUrl\":\"https:\/\/www.dr-koch.de\/wissen\/wp-content\/uploads\/2023\/08\/ellenbogenschmerzen.jpg\",\"width\":342,\"height\":350,\"caption\":\"Tennisarm\"},{\"@type\":\"BreadcrumbList\",\"@id\":\"https:\/\/www.dr-koch.de\/wissen\/golfarm-tennisarm-schmerzt-das-bringt-linderung\/#breadcrumb\",\"itemListElement\":[{\"@type\":\"ListItem\",\"position\":1,\"name\":\"Home\",\"item\":\"https:\/\/www.dr-koch.de\/wissen\/\"},{\"@type\":\"ListItem\",\"position\":2,\"name\":\"Golferarm \/ Tennisarm: Das bringt Linderung!\"}]},{\"@type\":\"WebSite\",\"@id\":\"https:\/\/www.dr-koch.de\/wissen\/#website\",\"url\":\"https:\/\/www.dr-koch.de\/wissen\/\",\"name\":\"Dr. Paul Koch GmbH\",\"description\":\"\",\"publisher\":{\"@id\":\"https:\/\/www.dr-koch.de\/wissen\/#organization\"},\"potentialAction\":[{\"@type\":\"SearchAction\",\"target\":{\"@type\":\"EntryPoint\",\"urlTemplate\":\"https:\/\/www.dr-koch.de\/wissen\/?s={search_term_string}\"},\"query-input\":{\"@type\":\"PropertyValueSpecification\",\"valueRequired\":true,\"valueName\":\"search_term_string\"}}],\"inLanguage\":\"de\"},{\"@type\":\"Organization\",\"@id\":\"https:\/\/www.dr-koch.de\/wissen\/#organization\",\"name\":\"Dr. Paul Koch GmbH\",\"alternateName\":\"relexa\",\"url\":\"https:\/\/www.dr-koch.de\/wissen\/\",\"logo\":{\"@type\":\"ImageObject\",\"inLanguage\":\"de\",\"@id\":\"https:\/\/www.dr-koch.de\/wissen\/#\/schema\/logo\/image\/\",\"url\":\"https:\/\/www.dr-koch.de\/wissen\/wp-content\/uploads\/2023\/06\/nav-logo-koch.svg\",\"contentUrl\":\"https:\/\/www.dr-koch.de\/wissen\/wp-content\/uploads\/2023\/06\/nav-logo-koch.svg\",\"width\":266,\"height\":60,\"caption\":\"Dr. Paul Koch GmbH\"},\"image\":{\"@id\":\"https:\/\/www.dr-koch.de\/wissen\/#\/schema\/logo\/image\/\"},\"sameAs\":[\"https:\/\/www.facebook.com\/relexa.fit\/?locale=de_DE\",\"https:\/\/www.youtube.com\/channel\/UC9uGb6vJqdZpRrWZDKvKHIw\"]}]}<\/script>\r\n<!-- \/ Yoast SEO plugin. -->","yoast_head_json":{"title":"Golfarm behandeln: Faszientraining f\u00fcr Schmerzlinderung","description":"Golfarm behandeln: \ud83c\udfcc\ufe0f\u200d\u2642\ufe0f Entdecke effektive Schmerzlinderung durch bew\u00e4hrte Methoden und erhalte schnelle Erleichterung durch Faszien\u00fcbungen.","robots":{"index":"index","follow":"follow","max-snippet":"max-snippet:-1","max-image-preview":"max-image-preview:large","max-video-preview":"max-video-preview:-1"},"canonical":"https:\/\/www.dr-koch.de\/wissen\/golfarm-tennisarm-schmerzt-das-bringt-linderung\/","og_locale":"de_DE","og_type":"article","og_title":"Golfarm behandeln: Faszientraining f\u00fcr Schmerzlinderung","og_description":"Golfarm behandeln: \ud83c\udfcc\ufe0f\u200d\u2642\ufe0f Entdecke effektive Schmerzlinderung durch bew\u00e4hrte Methoden und erhalte schnelle Erleichterung durch Faszien\u00fcbungen.","og_url":"https:\/\/www.dr-koch.de\/wissen\/golfarm-tennisarm-schmerzt-das-bringt-linderung\/","og_site_name":"Dr. Paul Koch GmbH","article_publisher":"https:\/\/www.facebook.com\/relexa.fit\/?locale=de_DE","article_modified_time":"2023-11-14T06:22:35+00:00","og_image":[{"width":342,"height":350,"url":"https:\/\/www.dr-koch.de\/wissen\/wp-content\/uploads\/2023\/08\/ellenbogenschmerzen.jpg","type":"image\/jpeg"}],"twitter_card":"summary_large_image","twitter_misc":{"Gesch\u00e4tzte Lesezeit":"4\u00a0Minuten"},"schema":{"@context":"https:\/\/schema.org","@graph":[{"@type":"WebPage","@id":"https:\/\/www.dr-koch.de\/wissen\/golfarm-tennisarm-schmerzt-das-bringt-linderung\/","url":"https:\/\/www.dr-koch.de\/wissen\/golfarm-tennisarm-schmerzt-das-bringt-linderung\/","name":"Golfarm behandeln: Faszientraining f\u00fcr Schmerzlinderung","isPartOf":{"@id":"https:\/\/www.dr-koch.de\/wissen\/#website"},"primaryImageOfPage":{"@id":"https:\/\/www.dr-koch.de\/wissen\/golfarm-tennisarm-schmerzt-das-bringt-linderung\/#primaryimage"},"image":{"@id":"https:\/\/www.dr-koch.de\/wissen\/golfarm-tennisarm-schmerzt-das-bringt-linderung\/#primaryimage"},"thumbnailUrl":"https:\/\/www.dr-koch.de\/wissen\/wp-content\/uploads\/2023\/08\/ellenbogenschmerzen.jpg","datePublished":"2023-08-02T08:23:03+00:00","dateModified":"2023-11-14T06:22:35+00:00","description":"Golfarm behandeln: \ud83c\udfcc\ufe0f\u200d\u2642\ufe0f Entdecke effektive Schmerzlinderung durch bew\u00e4hrte Methoden und erhalte schnelle Erleichterung durch Faszien\u00fcbungen.","breadcrumb":{"@id":"https:\/\/www.dr-koch.de\/wissen\/golfarm-tennisarm-schmerzt-das-bringt-linderung\/#breadcrumb"},"inLanguage":"de","potentialAction":[{"@type":"ReadAction","target":["https:\/\/www.dr-koch.de\/wissen\/golfarm-tennisarm-schmerzt-das-bringt-linderung\/"]}]},{"@type":"ImageObject","inLanguage":"de","@id":"https:\/\/www.dr-koch.de\/wissen\/golfarm-tennisarm-schmerzt-das-bringt-linderung\/#primaryimage","url":"https:\/\/www.dr-koch.de\/wissen\/wp-content\/uploads\/2023\/08\/ellenbogenschmerzen.jpg","contentUrl":"https:\/\/www.dr-koch.de\/wissen\/wp-content\/uploads\/2023\/08\/ellenbogenschmerzen.jpg","width":342,"height":350,"caption":"Tennisarm"},{"@type":"BreadcrumbList","@id":"https:\/\/www.dr-koch.de\/wissen\/golfarm-tennisarm-schmerzt-das-bringt-linderung\/#breadcrumb","itemListElement":[{"@type":"ListItem","position":1,"name":"Home","item":"https:\/\/www.dr-koch.de\/wissen\/"},{"@type":"ListItem","position":2,"name":"Golferarm \/ Tennisarm: Das bringt Linderung!"}]},{"@type":"WebSite","@id":"https:\/\/www.dr-koch.de\/wissen\/#website","url":"https:\/\/www.dr-koch.de\/wissen\/","name":"Dr. Paul Koch GmbH","description":"","publisher":{"@id":"https:\/\/www.dr-koch.de\/wissen\/#organization"},"potentialAction":[{"@type":"SearchAction","target":{"@type":"EntryPoint","urlTemplate":"https:\/\/www.dr-koch.de\/wissen\/?s={search_term_string}"},"query-input":{"@type":"PropertyValueSpecification","valueRequired":true,"valueName":"search_term_string"}}],"inLanguage":"de"},{"@type":"Organization","@id":"https:\/\/www.dr-koch.de\/wissen\/#organization","name":"Dr. Paul Koch GmbH","alternateName":"relexa","url":"https:\/\/www.dr-koch.de\/wissen\/","logo":{"@type":"ImageObject","inLanguage":"de","@id":"https:\/\/www.dr-koch.de\/wissen\/#\/schema\/logo\/image\/","url":"https:\/\/www.dr-koch.de\/wissen\/wp-content\/uploads\/2023\/06\/nav-logo-koch.svg","contentUrl":"https:\/\/www.dr-koch.de\/wissen\/wp-content\/uploads\/2023\/06\/nav-logo-koch.svg","width":266,"height":60,"caption":"Dr. Paul Koch GmbH"},"image":{"@id":"https:\/\/www.dr-koch.de\/wissen\/#\/schema\/logo\/image\/"},"sameAs":["https:\/\/www.facebook.com\/relexa.fit\/?locale=de_DE","https:\/\/www.youtube.com\/channel\/UC9uGb6vJqdZpRrWZDKvKHIw"]}]}},"_links":{"self":[{"href":"https:\/\/www.dr-koch.de\/wissen\/wp-json\/wp\/v2\/pages\/457","targetHints":{"allow":["GET"]}}],"collection":[{"href":"https:\/\/www.dr-koch.de\/wissen\/wp-json\/wp\/v2\/pages"}],"about":[{"href":"https:\/\/www.dr-koch.de\/wissen\/wp-json\/wp\/v2\/types\/page"}],"author":[{"embeddable":true,"href":"https:\/\/www.dr-koch.de\/wissen\/wp-json\/wp\/v2\/users\/1"}],"replies":[{"embeddable":true,"href":"https:\/\/www.dr-koch.de\/wissen\/wp-json\/wp\/v2\/comments?post=457"}],"version-history":[{"count":6,"href":"https:\/\/www.dr-koch.de\/wissen\/wp-json\/wp\/v2\/pages\/457\/revisions"}],"predecessor-version":[{"id":1101,"href":"https:\/\/www.dr-koch.de\/wissen\/wp-json\/wp\/v2\/pages\/457\/revisions\/1101"}],"wp:featuredmedia":[{"embeddable":true,"href":"https:\/\/www.dr-koch.de\/wissen\/wp-json\/wp\/v2\/media\/448"}],"wp:attachment":[{"href":"https:\/\/www.dr-koch.de\/wissen\/wp-json\/wp\/v2\/media?parent=457"}],"curies":[{"name":"wp","href":"https:\/\/api.w.org\/{rel}","templated":true}]}}