{"id":434,"date":"2023-08-02T08:32:12","date_gmt":"2023-08-02T06:32:12","guid":{"rendered":"https:\/\/www.dr-koch.de\/wissen\/?page_id=434"},"modified":"2023-11-14T09:47:32","modified_gmt":"2023-11-14T08:47:32","slug":"was-tun-bei-rueckenproblemen-antworten-hier","status":"publish","type":"page","link":"https:\/\/www.dr-koch.de\/wissen\/was-tun-bei-rueckenproblemen-antworten-hier\/","title":{"rendered":"Was tun bei R\u00fcckenproblemen?"},"content":{"rendered":"\r\n<p><img decoding=\"async\" title=\"faszientraining-ruecken\" src=\"https:\/\/www.dr-koch.de\/wissen\/wp-content\/uploads\/2023\/06\/faszientraining-ruecken.jpg\" alt=\"faszientraining-ruecken\" width=\"2200\" height=\"951\" \/><\/p>\r\n<h1>R\u00fcckenprobleme<\/h1>\r\n<p>Was kann man tun?<\/p>\r\n<h2>Wenn der R\u00fccken nicht entz\u00fcckt &#8211; Was tun bei R\u00fcckenproblemen?<\/h2>\r\n<p>Mehr oder weniger starke R\u00fcckenbeschwerden sind f\u00fcr viele Menschen bereits zum allt\u00e4glichen Begleiter geworden. Arbeiten findet immer in\u00a0<strong>nach vorne gebeugter Haltung<\/strong>\u00a0statt. H\u00e4nde und Muskeln werden dabei immer in die Beugung trainiert. Sucht man hierf\u00fcr also einen Ausgleich, ist das Strecken nach oben hinten die einfachste L\u00f6sung.<\/p>\r\n<p>Unsere Wirbels\u00e4ule braucht f\u00fcr ihre Aufrichtung ein Zugsystem, \u00e4hnlich einem Schiffsmast. Fr\u00fcher wurde in diesem Zusammenhang gerne von muskul\u00e4ren Dysbalancen gesprochen. Heute wissen wir, dass die nicht ausgeglichenen Z\u00fcge eher mit\u00a0<strong>faszialen Verspannungen und Verklebungen<\/strong>\u00a0zu tun haben.<\/p>\r\n<p>Studien haben gezeigt, dass ca. 80% der R\u00fcckenbeschwerden weniger mit der Ergonomie als mit dem\u00a0<strong>emotionalen \/ psychosomatischen Zustand<\/strong>\u00a0des Patienten zu tun haben. Unser emotionales Zentrum sitzt im Bauchraum. Die Spannungen, die dort entstehen oder bereits aufgebaut wurden, wirken sich direkt im Sinne von Zug auf die Wirbels\u00e4ule und z.B. unsere Bandscheiben aus. Bekommen die Bandscheiben durch den Zug aus dem Bauchraum nur Druck, ist ihre Funktion als Schwamm eingeschr\u00e4nkt. Wird der Druck zu hoch oder h\u00e4lt er zu lange an, hat der K\u00f6rper Angst und reagiert darauf mit Gewebespannung und Verklebungen. Diese f\u00fchren dann zur ersten Form des Schmerzes. Es ist eine Art\u00a0<strong>Alarmschmerz<\/strong>\u00a0der sagt: Achtung hier geht etwas kaputt\u2026\u00a0<strong>Tu etwas!<\/strong><\/p>\r\n<p>Das\u00a0<strong>L\u00f6sen der Verklebungen<\/strong>\u00a0und der Verspannung ist somit die erste Ma\u00dfnahme, um das Gewebe auf das darauffolgende Fitness- und Trainingsprogramm entsprechend vorzubereiten.<\/p>\r\n<p>Mit den Produkten von Relexa lassen sich diese Verklebungen l\u00f6sen oder zumindest das Gewebe soweit aktivieren, dass ein sinnvoller\u00a0<strong>Aufbau der Stabilit\u00e4t<\/strong>\u00a0der Wirbels\u00e4ule m\u00f6glich ist.<\/p>\r\n<p><img decoding=\"async\" src=\"https:\/\/i.ytimg.com\/vi\/AB5JXfLb-Is\/maxresdefault.jpg\" alt=\"youtube-video-thumbnail\" \/><\/p>\r\n<h2>\u00dcbungen f\u00fcr den R\u00fccken, F\u00fc\u00dfe und Nacken<\/h2>\r\n<p><img decoding=\"async\" src=\"https:\/\/www.dr-koch.de\/wissen\/wp-content\/uploads\/2023\/07\/Ruecken-stehend-683x1024.jpg\" sizes=\"(max-width: 683px) 100vw, 683px\" srcset=\"https:\/\/www.dr-koch.de\/wissen\/wp-content\/uploads\/2023\/07\/Ruecken-stehend-683x1024.jpg 683w, https:\/\/www.dr-koch.de\/wissen\/wp-content\/uploads\/2023\/07\/Ruecken-stehend-200x300.jpg 200w, https:\/\/www.dr-koch.de\/wissen\/wp-content\/uploads\/2023\/07\/Ruecken-stehend-768x1151.jpg 768w, https:\/\/www.dr-koch.de\/wissen\/wp-content\/uploads\/2023\/07\/Ruecken-stehend-1025x1536.jpg 1025w, https:\/\/www.dr-koch.de\/wissen\/wp-content\/uploads\/2023\/07\/Ruecken-stehend-1367x2048.jpg 1367w, https:\/\/www.dr-koch.de\/wissen\/wp-content\/uploads\/2023\/07\/Ruecken-stehend-scaled.jpg 1708w\" alt=\"\" width=\"683\" height=\"1024\" \/><\/p>\r\n<h3>Fl\u00e4chige R\u00fccken\u00fcbung stehend \u2013 unterer R\u00fccken | relexa Faszienrolle<\/h3>\r\n<!--\r\n        \tBy <a href=\"https:\/\/www.dr-koch.de\/wissen\/index.php\/author\/wpadmin\/\">wpadmin<\/a>\r\n        \t | \r\n        \t24 Juli 2023\r\n        -->\r\n<p>Mit dieser Massagerollen-\u00dcbung im Stehen flexibilisierst und\u00a0st\u00e4rkst du deine R\u00fcckenmuskulatur im unteren R\u00fcckenbereich.<\/p>\r\n<p>Stelle dich f\u00fcr diese R\u00fccken\u00fcbung zun\u00e4chst\u00a0vor eine leere\u00a0Wandfl\u00e4che und winkel deine Beine an bzw. geh leicht in die Knie. Klemme die Massagerolle\u00a0waagerecht\u00a0zwischen deinen R\u00fccken und\u00a0die\u00a0Wand. Positioniere die Rolle\u00a0dabei\u00a0in H\u00f6he der Schulterbl\u00e4tter.<\/p>\r\n<p>Bewege die\u00a0Rolle auf und ab, indem du abwechselnd in die Knie gehst und die Beine streckst. So massierst du die Bereiche zwischen Brustwirbels\u00e4ule, Schulter und Nacken. Die Intensit\u00e4t dieser \u00dcbung kannst du variieren, indem du den Abstand deiner F\u00fc\u00dfe zur Wand ver\u00e4nderst.<\/p>\r\n<!--\r\n        \t<a href='https:\/\/www.dr-koch.de\/wissen\/index.php\/uebungen\/flaechige-rueckenuebung-stehend-unterer-ruecken\/' title='Mehr lesen...'>Mehr lesen...<\/a>\r\n        -->\r\n<p><img decoding=\"async\" src=\"https:\/\/www.dr-koch.de\/wissen\/wp-content\/uploads\/2023\/08\/Massage-entlang-Wirbelsaeule-1024x576.jpg\" sizes=\"(max-width: 1024px) 100vw, 1024px\" srcset=\"https:\/\/www.dr-koch.de\/wissen\/wp-content\/uploads\/2023\/08\/Massage-entlang-Wirbelsaeule-1024x576.jpg 1024w, https:\/\/www.dr-koch.de\/wissen\/wp-content\/uploads\/2023\/08\/Massage-entlang-Wirbelsaeule-300x169.jpg 300w, https:\/\/www.dr-koch.de\/wissen\/wp-content\/uploads\/2023\/08\/Massage-entlang-Wirbelsaeule-768x432.jpg 768w, https:\/\/www.dr-koch.de\/wissen\/wp-content\/uploads\/2023\/08\/Massage-entlang-Wirbelsaeule.jpg 1200w\" alt=\"\" width=\"1024\" height=\"576\" \/><\/p>\r\n<h3>Massage entlang der Wirbels\u00e4ule | relexa Twinball<\/h3>\r\n<!--\r\n        \tBy <a href=\"https:\/\/www.dr-koch.de\/wissen\/index.php\/author\/wpadmin\/\">wpadmin<\/a>\r\n        \t | \r\n        \t14 August 2023\r\n        -->\r\n<p>Mit dieser R\u00fccken\u00fcbung massierst Du die Muskelstr\u00e4nge entlang der Wirbels\u00e4ule.<\/p>\r\n<ul>\r\n<li>Stelle Dich zun\u00e4chst vor eine leere Wandfl\u00e4che.<\/li>\r\n<li>Klemme den relexa Twinball unterhalb der Schulter zwischen R\u00fccken und Wand.<\/li>\r\n<li>Bewege den relexa Twinball auf und ab, indem Du abwechselnd in die Knie gehst und die Beine streckst.<\/li>\r\n<li>Der Druck kann durch Verlagerung des K\u00f6rpergewichts oder durch den Abstand Deiner F\u00fc\u00dfe zur Wand reguliert werden.<\/li>\r\n<\/ul>\r\n<!--\r\n        \t<a href='https:\/\/www.dr-koch.de\/wissen\/index.php\/uebungen\/massage-entlang-der-wirbelsaeule\/' title='Mehr lesen...'>Mehr lesen...<\/a>\r\n        -->\r\n<p><img decoding=\"async\" src=\"https:\/\/www.dr-koch.de\/wissen\/wp-content\/uploads\/2023\/07\/Schulter-liegend-1024x684.jpg\" sizes=\"(max-width: 1024px) 100vw, 1024px\" srcset=\"https:\/\/www.dr-koch.de\/wissen\/wp-content\/uploads\/2023\/07\/Schulter-liegend-1024x684.jpg 1024w, https:\/\/www.dr-koch.de\/wissen\/wp-content\/uploads\/2023\/07\/Schulter-liegend-300x200.jpg 300w, https:\/\/www.dr-koch.de\/wissen\/wp-content\/uploads\/2023\/07\/Schulter-liegend-768x513.jpg 768w, https:\/\/www.dr-koch.de\/wissen\/wp-content\/uploads\/2023\/07\/Schulter-liegend-1536x1026.jpg 1536w, https:\/\/www.dr-koch.de\/wissen\/wp-content\/uploads\/2023\/07\/Schulter-liegend.jpg 1920w\" alt=\"\" width=\"1024\" height=\"684\" \/><\/p>\r\n<h3>Seitliche R\u00fccken\u00fcbung | relexa Faszienrolle<\/h3>\r\n<!--\r\n        \tBy <a href=\"https:\/\/www.dr-koch.de\/wissen\/index.php\/author\/wpadmin\/\">wpadmin<\/a>\r\n        \t | \r\n        \t24 Juli 2023\r\n        -->\r\n<p>Diese \u00dcbung ist ideal, um den seitlichen R\u00fccken (Latissimus) zu massieren und die tieferliegende Schultermuskulatur zu st\u00e4rken.<\/p>\r\n<p>Zu Beginn legst du dich seitlich mit der Schulter auf die relexa Faszienrolle. Halte dabei deinen Arm parallel zum K\u00f6rper. Winkel die Beine an und hebe das Ges\u00e4\u00df an. Roll nun vom unteren R\u00fccken (unterer Rippenansatz) bis hoch zur Achsel durch anwinkeln und ausstrecken der Beine. Achte darauf, dass du den Bauch w\u00e4hrend der \u00dcbung fest anspannst.<\/p>\r\n<p>Als Variation kannst du diese \u00dcbung auch mit einem Massageball durchf\u00fchren. So kannst du noch punktueller massieren. Denke daran, dass der Druck bei einer punktuellen Massage tendenziell h\u00f6her ist und du dich nach Bedarf st\u00e4rker abst\u00fctzen musst.<\/p>\r\n<!--\r\n        \t<a href='https:\/\/www.dr-koch.de\/wissen\/index.php\/uebungen\/seitliche-rueckenuebung\/' title='Mehr lesen...'>Mehr lesen...<\/a>\r\n        -->\r\n<p><img decoding=\"async\" src=\"https:\/\/www.dr-koch.de\/wissen\/wp-content\/uploads\/2023\/06\/20161109_relexa_W_0104-1024x683.jpg\" sizes=\"(max-width: 1024px) 100vw, 1024px\" srcset=\"https:\/\/www.dr-koch.de\/wissen\/wp-content\/uploads\/2023\/06\/20161109_relexa_W_0104-1024x683.jpg 1024w, https:\/\/www.dr-koch.de\/wissen\/wp-content\/uploads\/2023\/06\/20161109_relexa_W_0104-300x200.jpg 300w, https:\/\/www.dr-koch.de\/wissen\/wp-content\/uploads\/2023\/06\/20161109_relexa_W_0104-768x512.jpg 768w, https:\/\/www.dr-koch.de\/wissen\/wp-content\/uploads\/2023\/06\/20161109_relexa_W_0104-1536x1025.jpg 1536w, https:\/\/www.dr-koch.de\/wissen\/wp-content\/uploads\/2023\/06\/20161109_relexa_W_0104.jpg 1920w\" alt=\"\" width=\"1024\" height=\"683\" \/><\/p>\r\n<h3>Fl\u00e4chige R\u00fccken\u00fcbung liegend | relexa Faszienrolle<\/h3>\r\n<!--\r\n        \tBy <a href=\"https:\/\/www.dr-koch.de\/wissen\/index.php\/author\/wpadmin\/\">wpadmin<\/a>\r\n        \t | \r\n        \t14 Juni 2023\r\n        -->\r\n<p>Diese \u00dcbung kann auch gezielt zur Lockerung der BWS-Muskulatur (Brustwirbels\u00e4ule) eingesetzt werden:<\/p>\r\n<ul>\r\n<li>Zu Beginn setze Dich auf die relexa Massagerolle<\/li>\r\n<li>St\u00fctze Dich nun mit den H\u00e4nden nach hinten ab und rolle langsam \u00fcber die relexa in R\u00fcckenlage<\/li>\r\n<li>Beginne am Stei\u00dfbein (Bereich LWS \u2013 Lendenwirbels\u00e4ule) und rolle auf der Massagerolle bis in H\u00f6he der Schulter<\/li>\r\n<li>Spanne den Bauch dabei fest an<\/li>\r\n<li>Bei Bedarf den Kopf mit beiden H\u00e4nden st\u00fctzen oder die Arme auf der Brust verschr\u00e4nken<\/li>\r\n<\/ul>\r\n<!--\r\n        \t<a href='https:\/\/www.dr-koch.de\/wissen\/index.php\/uebungen\/flaechige-rueckenuebung-liegend\/' title='Mehr lesen...'>Mehr lesen...<\/a>\r\n        -->\r\n<p><img decoding=\"async\" src=\"https:\/\/www.dr-koch.de\/wissen\/wp-content\/uploads\/2023\/07\/oberer-ruecken-stehend-683x1024.jpg\" sizes=\"(max-width: 683px) 100vw, 683px\" srcset=\"https:\/\/www.dr-koch.de\/wissen\/wp-content\/uploads\/2023\/07\/oberer-ruecken-stehend-683x1024.jpg 683w, https:\/\/www.dr-koch.de\/wissen\/wp-content\/uploads\/2023\/07\/oberer-ruecken-stehend-200x300.jpg 200w, https:\/\/www.dr-koch.de\/wissen\/wp-content\/uploads\/2023\/07\/oberer-ruecken-stehend-768x1151.jpg 768w, https:\/\/www.dr-koch.de\/wissen\/wp-content\/uploads\/2023\/07\/oberer-ruecken-stehend-1025x1536.jpg 1025w, https:\/\/www.dr-koch.de\/wissen\/wp-content\/uploads\/2023\/07\/oberer-ruecken-stehend-1367x2048.jpg 1367w, https:\/\/www.dr-koch.de\/wissen\/wp-content\/uploads\/2023\/07\/oberer-ruecken-stehend-scaled.jpg 1708w\" alt=\"\" width=\"683\" height=\"1024\" \/><\/p>\r\n<h3>Fl\u00e4chige R\u00fccken\u00fcbung stehend \u2013 oberer R\u00fccken | relexa Faszienrolle<\/h3>\r\n<!--\r\n        \tBy <a href=\"https:\/\/www.dr-koch.de\/wissen\/index.php\/author\/wpadmin\/\">wpadmin<\/a>\r\n        \t | \r\n        \t14 Juni 2023\r\n        -->\r\n<p>Mit dieser Massagerollen-\u00dcbung im Stehen flexibilisierst und st\u00e4rkst Du Deine R\u00fcckenmuskulatur im oberen R\u00fcckenbereich:<\/p>\r\n<ul>\r\n<li>Stelle Dich f\u00fcr diese R\u00fccken-\u00dcbung zun\u00e4chst vor eine leere Wandfl\u00e4che<\/li>\r\n<li>Winkel Deine Beine an bzw. gehe leicht in die Knie<\/li>\r\n<li>Klemme die Massagerolle waagerecht zwischen Deinen R\u00fccken und die Wand<\/li>\r\n<li>Positioniere die Rolle dabei in H\u00f6he der Schulterbl\u00e4tter<\/li>\r\n<li>Bewege die Rolle auf und ab, indem Du abwechselnd in die Knie gehst und die Beine streckst<\/li>\r\n<\/ul>\r\n<p>So massierst Du die Bereiche zwischen Brustwirbels\u00e4ule, Schulter und Nacken. Die Intensit\u00e4t dieser \u00dcbung kannst Du variieren, indem Du den Abstand Deiner F\u00fc\u00dfe zur Wand ver\u00e4nderst<\/p>\r\n<!--\r\n        \t<a href='https:\/\/www.dr-koch.de\/wissen\/index.php\/uebungen\/flaechige-rueckenuebung-stehend\/' title='Mehr lesen...'>Mehr lesen...<\/a>\r\n        -->\r\n<h2>Passende Produkte<\/h2>\r\n","protected":false},"excerpt":{"rendered":"<p>R\u00fcckenprobleme Was kann man tun? Wenn der R\u00fccken nicht entz\u00fcckt &#8211; Was tun bei R\u00fcckenproblemen? Mehr oder weniger starke R\u00fcckenbeschwerden sind f\u00fcr viele Menschen bereits zum allt\u00e4glichen Begleiter geworden. Arbeiten findet immer in\u00a0nach vorne gebeugter Haltung\u00a0statt. H\u00e4nde und Muskeln werden dabei immer in die Beugung trainiert. Sucht man hierf\u00fcr also einen Ausgleich, ist das Strecken&hellip;<\/p>\n","protected":false},"author":1,"featured_media":451,"parent":0,"menu_order":0,"comment_status":"closed","ping_status":"closed","template":"","meta":{"_acf_changed":false,"inline_featured_image":false,"footnotes":""},"class_list":["post-434","page","type-page","status-publish","has-post-thumbnail","hentry"],"acf":[],"yoast_head":"<!-- This site is optimized with the Yoast SEO plugin v26.6 - https:\/\/yoast.com\/wordpress\/plugins\/seo\/ -->\r\n<title>Was tun bei R\u00fcckenproblemen? Faszienrolle f\u00fcr den R\u00fccken<\/title>\r\n<meta name=\"description\" content=\"Was tun bei R\u00fcckenproblemen? Effektive L\u00f6sungen f\u00fcr R\u00fcckenprobleme mit der Faszienrolle. \ud83c\udf1f Maximale Entlastung und St\u00e4rkung des R\u00fcckens durch Experten.\" \/>\r\n<meta name=\"robots\" content=\"index, follow, max-snippet:-1, max-image-preview:large, max-video-preview:-1\" \/>\r\n<link rel=\"canonical\" href=\"https:\/\/www.dr-koch.de\/wissen\/was-tun-bei-rueckenproblemen-antworten-hier\/\" \/>\r\n<meta property=\"og:locale\" content=\"de_DE\" \/>\r\n<meta property=\"og:type\" content=\"article\" \/>\r\n<meta property=\"og:title\" content=\"Was tun bei R\u00fcckenproblemen? Faszienrolle f\u00fcr den R\u00fccken\" \/>\r\n<meta property=\"og:description\" content=\"Was tun bei R\u00fcckenproblemen? Effektive L\u00f6sungen f\u00fcr R\u00fcckenprobleme mit der Faszienrolle. \ud83c\udf1f Maximale Entlastung und St\u00e4rkung des R\u00fcckens durch Experten.\" \/>\r\n<meta property=\"og:url\" content=\"https:\/\/www.dr-koch.de\/wissen\/was-tun-bei-rueckenproblemen-antworten-hier\/\" \/>\r\n<meta property=\"og:site_name\" content=\"Dr. Paul Koch GmbH\" \/>\r\n<meta property=\"article:publisher\" content=\"https:\/\/www.facebook.com\/relexa.fit\/?locale=de_DE\" \/>\r\n<meta property=\"article:modified_time\" content=\"2023-11-14T08:47:32+00:00\" \/>\r\n<meta property=\"og:image\" content=\"https:\/\/www.dr-koch.de\/wissen\/wp-content\/uploads\/2023\/08\/faszienrolle-fuer-wirbelsaeule8bkg7Fhm4KcPj_1280x1280.jpg\" \/>\r\n\t<meta property=\"og:image:width\" content=\"693\" \/>\r\n\t<meta property=\"og:image:height\" content=\"693\" \/>\r\n\t<meta property=\"og:image:type\" content=\"image\/jpeg\" \/>\r\n<meta name=\"twitter:card\" content=\"summary_large_image\" \/>\r\n<meta name=\"twitter:label1\" content=\"Gesch\u00e4tzte Lesezeit\" \/>\n\t<meta name=\"twitter:data1\" content=\"6\u00a0Minuten\" \/>\r\n<script type=\"application\/ld+json\" class=\"yoast-schema-graph\">{\"@context\":\"https:\/\/schema.org\",\"@graph\":[{\"@type\":\"WebPage\",\"@id\":\"https:\/\/www.dr-koch.de\/wissen\/was-tun-bei-rueckenproblemen-antworten-hier\/\",\"url\":\"https:\/\/www.dr-koch.de\/wissen\/was-tun-bei-rueckenproblemen-antworten-hier\/\",\"name\":\"Was tun bei R\u00fcckenproblemen? Faszienrolle f\u00fcr den R\u00fccken\",\"isPartOf\":{\"@id\":\"https:\/\/www.dr-koch.de\/wissen\/#website\"},\"primaryImageOfPage\":{\"@id\":\"https:\/\/www.dr-koch.de\/wissen\/was-tun-bei-rueckenproblemen-antworten-hier\/#primaryimage\"},\"image\":{\"@id\":\"https:\/\/www.dr-koch.de\/wissen\/was-tun-bei-rueckenproblemen-antworten-hier\/#primaryimage\"},\"thumbnailUrl\":\"https:\/\/www.dr-koch.de\/wissen\/wp-content\/uploads\/2023\/08\/faszienrolle-fuer-wirbelsaeule8bkg7Fhm4KcPj_1280x1280.jpg\",\"datePublished\":\"2023-08-02T06:32:12+00:00\",\"dateModified\":\"2023-11-14T08:47:32+00:00\",\"description\":\"Was tun bei R\u00fcckenproblemen? Effektive L\u00f6sungen f\u00fcr R\u00fcckenprobleme mit der Faszienrolle. \ud83c\udf1f Maximale Entlastung und St\u00e4rkung des R\u00fcckens durch Experten.\",\"breadcrumb\":{\"@id\":\"https:\/\/www.dr-koch.de\/wissen\/was-tun-bei-rueckenproblemen-antworten-hier\/#breadcrumb\"},\"inLanguage\":\"de\",\"potentialAction\":[{\"@type\":\"ReadAction\",\"target\":[\"https:\/\/www.dr-koch.de\/wissen\/was-tun-bei-rueckenproblemen-antworten-hier\/\"]}]},{\"@type\":\"ImageObject\",\"inLanguage\":\"de\",\"@id\":\"https:\/\/www.dr-koch.de\/wissen\/was-tun-bei-rueckenproblemen-antworten-hier\/#primaryimage\",\"url\":\"https:\/\/www.dr-koch.de\/wissen\/wp-content\/uploads\/2023\/08\/faszienrolle-fuer-wirbelsaeule8bkg7Fhm4KcPj_1280x1280.jpg\",\"contentUrl\":\"https:\/\/www.dr-koch.de\/wissen\/wp-content\/uploads\/2023\/08\/faszienrolle-fuer-wirbelsaeule8bkg7Fhm4KcPj_1280x1280.jpg\",\"width\":693,\"height\":693},{\"@type\":\"BreadcrumbList\",\"@id\":\"https:\/\/www.dr-koch.de\/wissen\/was-tun-bei-rueckenproblemen-antworten-hier\/#breadcrumb\",\"itemListElement\":[{\"@type\":\"ListItem\",\"position\":1,\"name\":\"Home\",\"item\":\"https:\/\/www.dr-koch.de\/wissen\/\"},{\"@type\":\"ListItem\",\"position\":2,\"name\":\"Was tun bei R\u00fcckenproblemen?\"}]},{\"@type\":\"WebSite\",\"@id\":\"https:\/\/www.dr-koch.de\/wissen\/#website\",\"url\":\"https:\/\/www.dr-koch.de\/wissen\/\",\"name\":\"Dr. Paul Koch GmbH\",\"description\":\"\",\"publisher\":{\"@id\":\"https:\/\/www.dr-koch.de\/wissen\/#organization\"},\"potentialAction\":[{\"@type\":\"SearchAction\",\"target\":{\"@type\":\"EntryPoint\",\"urlTemplate\":\"https:\/\/www.dr-koch.de\/wissen\/?s={search_term_string}\"},\"query-input\":{\"@type\":\"PropertyValueSpecification\",\"valueRequired\":true,\"valueName\":\"search_term_string\"}}],\"inLanguage\":\"de\"},{\"@type\":\"Organization\",\"@id\":\"https:\/\/www.dr-koch.de\/wissen\/#organization\",\"name\":\"Dr. Paul Koch GmbH\",\"alternateName\":\"relexa\",\"url\":\"https:\/\/www.dr-koch.de\/wissen\/\",\"logo\":{\"@type\":\"ImageObject\",\"inLanguage\":\"de\",\"@id\":\"https:\/\/www.dr-koch.de\/wissen\/#\/schema\/logo\/image\/\",\"url\":\"https:\/\/www.dr-koch.de\/wissen\/wp-content\/uploads\/2023\/06\/nav-logo-koch.svg\",\"contentUrl\":\"https:\/\/www.dr-koch.de\/wissen\/wp-content\/uploads\/2023\/06\/nav-logo-koch.svg\",\"width\":266,\"height\":60,\"caption\":\"Dr. Paul Koch GmbH\"},\"image\":{\"@id\":\"https:\/\/www.dr-koch.de\/wissen\/#\/schema\/logo\/image\/\"},\"sameAs\":[\"https:\/\/www.facebook.com\/relexa.fit\/?locale=de_DE\",\"https:\/\/www.youtube.com\/channel\/UC9uGb6vJqdZpRrWZDKvKHIw\"]}]}<\/script>\r\n<!-- \/ Yoast SEO plugin. -->","yoast_head_json":{"title":"Was tun bei R\u00fcckenproblemen? Faszienrolle f\u00fcr den R\u00fccken","description":"Was tun bei R\u00fcckenproblemen? Effektive L\u00f6sungen f\u00fcr R\u00fcckenprobleme mit der Faszienrolle. \ud83c\udf1f Maximale Entlastung und St\u00e4rkung des R\u00fcckens durch Experten.","robots":{"index":"index","follow":"follow","max-snippet":"max-snippet:-1","max-image-preview":"max-image-preview:large","max-video-preview":"max-video-preview:-1"},"canonical":"https:\/\/www.dr-koch.de\/wissen\/was-tun-bei-rueckenproblemen-antworten-hier\/","og_locale":"de_DE","og_type":"article","og_title":"Was tun bei R\u00fcckenproblemen? Faszienrolle f\u00fcr den R\u00fccken","og_description":"Was tun bei R\u00fcckenproblemen? Effektive L\u00f6sungen f\u00fcr R\u00fcckenprobleme mit der Faszienrolle. \ud83c\udf1f Maximale Entlastung und St\u00e4rkung des R\u00fcckens durch Experten.","og_url":"https:\/\/www.dr-koch.de\/wissen\/was-tun-bei-rueckenproblemen-antworten-hier\/","og_site_name":"Dr. Paul Koch GmbH","article_publisher":"https:\/\/www.facebook.com\/relexa.fit\/?locale=de_DE","article_modified_time":"2023-11-14T08:47:32+00:00","og_image":[{"width":693,"height":693,"url":"https:\/\/www.dr-koch.de\/wissen\/wp-content\/uploads\/2023\/08\/faszienrolle-fuer-wirbelsaeule8bkg7Fhm4KcPj_1280x1280.jpg","type":"image\/jpeg"}],"twitter_card":"summary_large_image","twitter_misc":{"Gesch\u00e4tzte Lesezeit":"6\u00a0Minuten"},"schema":{"@context":"https:\/\/schema.org","@graph":[{"@type":"WebPage","@id":"https:\/\/www.dr-koch.de\/wissen\/was-tun-bei-rueckenproblemen-antworten-hier\/","url":"https:\/\/www.dr-koch.de\/wissen\/was-tun-bei-rueckenproblemen-antworten-hier\/","name":"Was tun bei R\u00fcckenproblemen? Faszienrolle f\u00fcr den R\u00fccken","isPartOf":{"@id":"https:\/\/www.dr-koch.de\/wissen\/#website"},"primaryImageOfPage":{"@id":"https:\/\/www.dr-koch.de\/wissen\/was-tun-bei-rueckenproblemen-antworten-hier\/#primaryimage"},"image":{"@id":"https:\/\/www.dr-koch.de\/wissen\/was-tun-bei-rueckenproblemen-antworten-hier\/#primaryimage"},"thumbnailUrl":"https:\/\/www.dr-koch.de\/wissen\/wp-content\/uploads\/2023\/08\/faszienrolle-fuer-wirbelsaeule8bkg7Fhm4KcPj_1280x1280.jpg","datePublished":"2023-08-02T06:32:12+00:00","dateModified":"2023-11-14T08:47:32+00:00","description":"Was tun bei R\u00fcckenproblemen? Effektive L\u00f6sungen f\u00fcr R\u00fcckenprobleme mit der Faszienrolle. \ud83c\udf1f Maximale Entlastung und St\u00e4rkung des R\u00fcckens durch Experten.","breadcrumb":{"@id":"https:\/\/www.dr-koch.de\/wissen\/was-tun-bei-rueckenproblemen-antworten-hier\/#breadcrumb"},"inLanguage":"de","potentialAction":[{"@type":"ReadAction","target":["https:\/\/www.dr-koch.de\/wissen\/was-tun-bei-rueckenproblemen-antworten-hier\/"]}]},{"@type":"ImageObject","inLanguage":"de","@id":"https:\/\/www.dr-koch.de\/wissen\/was-tun-bei-rueckenproblemen-antworten-hier\/#primaryimage","url":"https:\/\/www.dr-koch.de\/wissen\/wp-content\/uploads\/2023\/08\/faszienrolle-fuer-wirbelsaeule8bkg7Fhm4KcPj_1280x1280.jpg","contentUrl":"https:\/\/www.dr-koch.de\/wissen\/wp-content\/uploads\/2023\/08\/faszienrolle-fuer-wirbelsaeule8bkg7Fhm4KcPj_1280x1280.jpg","width":693,"height":693},{"@type":"BreadcrumbList","@id":"https:\/\/www.dr-koch.de\/wissen\/was-tun-bei-rueckenproblemen-antworten-hier\/#breadcrumb","itemListElement":[{"@type":"ListItem","position":1,"name":"Home","item":"https:\/\/www.dr-koch.de\/wissen\/"},{"@type":"ListItem","position":2,"name":"Was tun bei R\u00fcckenproblemen?"}]},{"@type":"WebSite","@id":"https:\/\/www.dr-koch.de\/wissen\/#website","url":"https:\/\/www.dr-koch.de\/wissen\/","name":"Dr. Paul Koch GmbH","description":"","publisher":{"@id":"https:\/\/www.dr-koch.de\/wissen\/#organization"},"potentialAction":[{"@type":"SearchAction","target":{"@type":"EntryPoint","urlTemplate":"https:\/\/www.dr-koch.de\/wissen\/?s={search_term_string}"},"query-input":{"@type":"PropertyValueSpecification","valueRequired":true,"valueName":"search_term_string"}}],"inLanguage":"de"},{"@type":"Organization","@id":"https:\/\/www.dr-koch.de\/wissen\/#organization","name":"Dr. Paul Koch GmbH","alternateName":"relexa","url":"https:\/\/www.dr-koch.de\/wissen\/","logo":{"@type":"ImageObject","inLanguage":"de","@id":"https:\/\/www.dr-koch.de\/wissen\/#\/schema\/logo\/image\/","url":"https:\/\/www.dr-koch.de\/wissen\/wp-content\/uploads\/2023\/06\/nav-logo-koch.svg","contentUrl":"https:\/\/www.dr-koch.de\/wissen\/wp-content\/uploads\/2023\/06\/nav-logo-koch.svg","width":266,"height":60,"caption":"Dr. Paul Koch GmbH"},"image":{"@id":"https:\/\/www.dr-koch.de\/wissen\/#\/schema\/logo\/image\/"},"sameAs":["https:\/\/www.facebook.com\/relexa.fit\/?locale=de_DE","https:\/\/www.youtube.com\/channel\/UC9uGb6vJqdZpRrWZDKvKHIw"]}]}},"_links":{"self":[{"href":"https:\/\/www.dr-koch.de\/wissen\/wp-json\/wp\/v2\/pages\/434","targetHints":{"allow":["GET"]}}],"collection":[{"href":"https:\/\/www.dr-koch.de\/wissen\/wp-json\/wp\/v2\/pages"}],"about":[{"href":"https:\/\/www.dr-koch.de\/wissen\/wp-json\/wp\/v2\/types\/page"}],"author":[{"embeddable":true,"href":"https:\/\/www.dr-koch.de\/wissen\/wp-json\/wp\/v2\/users\/1"}],"replies":[{"embeddable":true,"href":"https:\/\/www.dr-koch.de\/wissen\/wp-json\/wp\/v2\/comments?post=434"}],"version-history":[{"count":6,"href":"https:\/\/www.dr-koch.de\/wissen\/wp-json\/wp\/v2\/pages\/434\/revisions"}],"predecessor-version":[{"id":1099,"href":"https:\/\/www.dr-koch.de\/wissen\/wp-json\/wp\/v2\/pages\/434\/revisions\/1099"}],"wp:featuredmedia":[{"embeddable":true,"href":"https:\/\/www.dr-koch.de\/wissen\/wp-json\/wp\/v2\/media\/451"}],"wp:attachment":[{"href":"https:\/\/www.dr-koch.de\/wissen\/wp-json\/wp\/v2\/media?parent=434"}],"curies":[{"name":"wp","href":"https:\/\/api.w.org\/{rel}","templated":true}]}}