{"id":407,"date":"2023-08-01T13:49:51","date_gmt":"2023-08-01T11:49:51","guid":{"rendered":"https:\/\/www.dr-koch.de\/wissen\/?page_id=407"},"modified":"2025-01-16T19:03:20","modified_gmt":"2025-01-16T18:03:20","slug":"was-tun-gegen-nackenschmerzen","status":"publish","type":"page","link":"https:\/\/www.dr-koch.de\/wissen\/was-tun-gegen-nackenschmerzen\/","title":{"rendered":"Was tun gegen Nackenschmerzen?"},"content":{"rendered":"\r\n<p><img decoding=\"async\" title=\"faszientraining-nacken-emo\" src=\"https:\/\/www.dr-koch.de\/wissen\/wp-content\/uploads\/2023\/07\/faszientraining-nacken-emo.jpg\" alt=\"faszientraining-nacken-emo\" width=\"1920\" height=\"675\" \/><\/p>\r\n<h1>Faszien im Nacken l\u00f6sen gegen Nackenschmerzen<\/h1>\r\n<h2>Faszien im Nacken verkleben im Alltag<\/h2>\r\n<p>Einseitige Belastung von Muskeln f\u00fchrt oft zu <a href=\"https:\/\/www.dr-koch.de\/wissen\/faszienwissen\/verklebte-faszien\/\">verklebten Faszien<\/a> &#8211; besonders im Alltag tendieren wir dazu, in ein und derselben Position zu sitzen, wodurch Nackenschmerzen vorprogrammiert sind. Wir zeigen dir, wie du die Faszien im Nacken l\u00f6sen kannst und effektiv gegen Nackenschmerzen vorgehst.<\/p>\r\n<p>Arbeiten findet meist in einer nach vorne, unten gebeugten Haltung statt &#8211; Schreibtischarbeit, Produktion, Handy-Haltung usw. Fehlt dann der Haltungs-Ausgleich in nach oben hinten, passt sich der K\u00f6rper dieser Haltung an.<\/p>\r\n<p>Die entstandene Fehlhaltung bringt unsere Faszien-Ordnung, also unsere Muskelfunktionen und Spannungen im Bewegungsapparat, durcheinander. Dies kann zu Verspannungen und Schmerzen im oberen R\u00fccken und Nackenbereich f\u00fchren.<\/p>\r\n<p>Um dieser Fehlhaltung entgegenzuwirken, ist es von gro\u00dfer Bedeutung sich im Verlauf des Tages immer mal wieder nach hinten oben auszustrecken, die Arme \u00fcber den Kopf zu heben und damit die Gegenbewegung zur allt\u00e4glichen Haltung nach vorne unten durchzuf\u00fchren.<\/p>\r\n<p>Diese kleine \u00dcbung entspannt unsere Nackenmuskulatur, f\u00f6rdert die Durchblutung, beugt Verspannungen und verklebte Faszien vor.<\/p>\r\n<p>Dar\u00fcber hinaus helfen auch die Relexa Produkte, um Verspannungen im Nackenbereich zu l\u00f6sen, wie zum Beispiel unser <a href=\"https:\/\/www.dr-koch.de\/relexa\/Faszienrolle-Co\/Faszien-Baelle\/relexa-Faszienball-6-cm-schwarz\">Faszienball<\/a>.<\/p>\r\n<p><img decoding=\"async\" src=\"https:\/\/www.dr-koch.de\/wissen\/wp-content\/uploads\/2023\/07\/nacken-youtube-phumbnail.jpg\" alt=\"\" \/><\/p>\r\n<h2>\u00dcbungen f\u00fcr die Faszien im Nacken<\/h2>\r\n<p><img decoding=\"async\" src=\"https:\/\/www.dr-koch.de\/wissen\/wp-content\/uploads\/2023\/07\/nacken-liegend-1024x683.jpg\" sizes=\"(max-width: 1024px) 100vw, 1024px\" srcset=\"https:\/\/www.dr-koch.de\/wissen\/wp-content\/uploads\/2023\/07\/nacken-liegend-1024x683.jpg 1024w, https:\/\/www.dr-koch.de\/wissen\/wp-content\/uploads\/2023\/07\/nacken-liegend-300x200.jpg 300w, https:\/\/www.dr-koch.de\/wissen\/wp-content\/uploads\/2023\/07\/nacken-liegend-768x512.jpg 768w, https:\/\/www.dr-koch.de\/wissen\/wp-content\/uploads\/2023\/07\/nacken-liegend-1536x1025.jpg 1536w, https:\/\/www.dr-koch.de\/wissen\/wp-content\/uploads\/2023\/07\/nacken-liegend.jpg 1920w\" alt=\"\" width=\"1024\" height=\"683\" \/><\/p>\r\n<h3>Nacken\u00fcbung im Liegen | relexa Faszienrolle<\/h3>\r\n<!--\r\n        \tBy <a href=\"https:\/\/www.dr-koch.de\/wissen\/author\/wpadmin\/\">wpadmin<\/a>\r\n        \t | \r\n        \t12 Juli 2023\r\n        -->\r\n<p>Die Nacken\u00fcbung im Liegen ist das Pendant zur \u00dcbung im Stehen.<\/p>\r\n<ul>\r\n<li>Lege Dich mit dem R\u00fccken auf den Boden.<\/li>\r\n<li>Positioniere die relexa Faszienrolle in Deinem Nacken.<\/li>\r\n<li>Dehne und massiere Deinen Nacken gleichzeitig durch sanfte Kopfbewegungen von links nach rechts<\/li>\r\n<li>Die Intensit\u00e4t der \u00dcbung kannst Du durch Gewichtsverlagerung leicht beeinflussen<\/li>\r\n<\/ul>\r\n<!--\r\n        \t<a href='https:\/\/www.dr-koch.de\/wissen\/uebungen\/nackenuebung-im-liegen\/' title='Mehr lesen...'>Mehr lesen...<\/a>\r\n        -->\r\n<p><img decoding=\"async\" src=\"https:\/\/www.dr-koch.de\/wissen\/wp-content\/uploads\/2023\/07\/Nacken-1024x683.jpg\" sizes=\"(max-width: 1024px) 100vw, 1024px\" srcset=\"https:\/\/www.dr-koch.de\/wissen\/wp-content\/uploads\/2023\/07\/Nacken-1024x683.jpg 1024w, https:\/\/www.dr-koch.de\/wissen\/wp-content\/uploads\/2023\/07\/Nacken-300x200.jpg 300w, https:\/\/www.dr-koch.de\/wissen\/wp-content\/uploads\/2023\/07\/Nacken-768x512.jpg 768w, https:\/\/www.dr-koch.de\/wissen\/wp-content\/uploads\/2023\/07\/Nacken-1536x1025.jpg 1536w, https:\/\/www.dr-koch.de\/wissen\/wp-content\/uploads\/2023\/07\/Nacken.jpg 1920w\" alt=\"\" width=\"1024\" height=\"683\" \/><\/p>\r\n<h3>Nacken\u00fcbung im Stehen | relexa Faszienrolle<\/h3>\r\n<!--\r\n        \tBy <a href=\"https:\/\/www.dr-koch.de\/wissen\/author\/wpadmin\/\">wpadmin<\/a>\r\n        \t | \r\n        \t12 Juli 2023\r\n        -->\r\n<p>Du kannst auch die relexa Faszienrolle f\u00fcr R\u00fccken- und Nacken\u00fcbung verwenden:<\/p>\r\n<ul>\r\n<li>Stelle Dich f\u00fcr diese R\u00fccken-\u00dcbung zun\u00e4chst vor eine leere Wandfl\u00e4che<\/li>\r\n<li>Positioniere die Massagerolle waagerecht zwischen Deinen Nacken und die Wand<\/li>\r\n<li>Durch die relexa Faszienrolle kann der Nacken gro\u00dffl\u00e4chig stimuliert werden.<\/li>\r\n<li>Durch Drehen Deines Kopfes nach rechts und links kannst Du nun Deinen Nacken sanft dehnen<\/li>\r\n<li>Halte an den \u00e4u\u00dferen Punkten der Dehnung die Spannung einige Sekunden<\/li>\r\n<\/ul>\r\n<!--\r\n        \t<a href='https:\/\/www.dr-koch.de\/wissen\/uebungen\/nackenuebung-mit-der-faszienrolle\/' title='Mehr lesen...'>Mehr lesen...<\/a>\r\n        -->\r\n<p><img decoding=\"async\" src=\"https:\/\/www.dr-koch.de\/wissen\/wp-content\/uploads\/2023\/08\/nacken-ball-1024x683.jpg\" sizes=\"(max-width: 1024px) 100vw, 1024px\" srcset=\"https:\/\/www.dr-koch.de\/wissen\/wp-content\/uploads\/2023\/08\/nacken-ball-1024x683.jpg 1024w, https:\/\/www.dr-koch.de\/wissen\/wp-content\/uploads\/2023\/08\/nacken-ball-300x200.jpg 300w, https:\/\/www.dr-koch.de\/wissen\/wp-content\/uploads\/2023\/08\/nacken-ball-768x512.jpg 768w, https:\/\/www.dr-koch.de\/wissen\/wp-content\/uploads\/2023\/08\/nacken-ball-1536x1024.jpg 1536w, https:\/\/www.dr-koch.de\/wissen\/wp-content\/uploads\/2023\/08\/nacken-ball.jpg 1920w\" alt=\"\" width=\"1024\" height=\"683\" \/><\/p>\r\n<h3>Punktuelle Nacken-Massage im Stehen | relexa Faszienball<\/h3>\r\n<!--\r\n        \tBy <a href=\"https:\/\/www.dr-koch.de\/wissen\/author\/wpadmin\/\">wpadmin<\/a>\r\n        \t | \r\n        \t14 August 2023\r\n        -->\r\n<p>Mit dieser Nacken-\u00dcbung flexibilisierst Du Deine Hals- und Nackenmuskulatur und beugst wirksam Verspannungen in diesem Bereich vor.<\/p>\r\n<ul>\r\n<li>Stelle Dich f\u00fcr diese \u00dcbung zun\u00e4chst vor eine leere Wand.<\/li>\r\n<li>Positioniere den relexa Faszienball zwischen Deinen Nacken und die Wand.<\/li>\r\n<li>Dr\u00fccke Dich mit den Knien leicht nach oben oder gehe leicht in die Knie, um die gew\u00fcnschten Nackenpartien zu massieren.<\/li>\r\n<li>Mit den relexa Faszienb\u00e4llen k\u00f6nnen die gew\u00fcnschten Punkte besonders isoliert stimuliert werden.<\/li>\r\n<li>Mit Deinem Kopf und dem K\u00f6rper steuerst Du den gew\u00fcnschten Druck. Wir empfehlen 8-12 Wiederholungen je \u00dcbung.<\/li>\r\n<\/ul>\r\n<p>Sollte die \u00dcbung anfangs etwas unangenehm sein, kannst Du die Anzahl der Wiederholungen auch reduzieren.<\/p>\r\n<!--\r\n        \t<a href='https:\/\/www.dr-koch.de\/wissen\/uebungen\/punktuelle-nacken-massage-im-stehen-relexa-faszienball\/' title='Mehr lesen...'>Mehr lesen...<\/a>\r\n        -->\r\n<p><img decoding=\"async\" src=\"https:\/\/www.dr-koch.de\/wissen\/wp-content\/uploads\/2023\/07\/triggerbehandlung-nacken-1024x683.jpg\" sizes=\"(max-width: 1024px) 100vw, 1024px\" srcset=\"https:\/\/www.dr-koch.de\/wissen\/wp-content\/uploads\/2023\/07\/triggerbehandlung-nacken-1024x683.jpg 1024w, https:\/\/www.dr-koch.de\/wissen\/wp-content\/uploads\/2023\/07\/triggerbehandlung-nacken-300x200.jpg 300w, https:\/\/www.dr-koch.de\/wissen\/wp-content\/uploads\/2023\/07\/triggerbehandlung-nacken-768x512.jpg 768w, https:\/\/www.dr-koch.de\/wissen\/wp-content\/uploads\/2023\/07\/triggerbehandlung-nacken.jpg 1200w\" alt=\"\" width=\"1024\" height=\"683\" \/><\/p>\r\n<h3>Triggerpunkt-Behandlung im Nacken | relexa Quadrupel<\/h3>\r\n<!--\r\n        \tBy <a href=\"https:\/\/www.dr-koch.de\/wissen\/author\/wpadmin\/\">wpadmin<\/a>\r\n        \t | \r\n        \t24 Juli 2023\r\n        -->\r\n<p>Mit dem relexa Quadrupel kann die Nackenmuskulatur gezielt stimuliert werden. Nimm dazu den relexa Quadrupel am besten zwischen Daumen und Mittelfinger (siehe Bild oben).<\/p>\r\n<p>Dann setze ihn an der Stellen an, die behandelt werden soll. Entscheide nun nach eigenem Empfinden, wie stark du Druck aus\u00fcben m\u00f6chtest. Um zu variieren und zu testen, wie du deine Triggerpunkte am besten stimulieren kannst, kannst du neben dem Dr\u00fccken auch noch leichte Drehbewegungen mit dem Quadrupel durchf\u00fchren.<\/p>\r\n<!--\r\n        \t<a href='https:\/\/www.dr-koch.de\/wissen\/uebungen\/triggerpunkt-behandlung-im-nacken\/' title='Mehr lesen...'>Mehr lesen...<\/a>\r\n        -->\r\n<p><img decoding=\"async\" src=\"https:\/\/www.dr-koch.de\/wissen\/wp-content\/uploads\/2023\/08\/nacken-mini-rolle-1024x683.jpg\" sizes=\"(max-width: 1024px) 100vw, 1024px\" srcset=\"https:\/\/www.dr-koch.de\/wissen\/wp-content\/uploads\/2023\/08\/nacken-mini-rolle-1024x683.jpg 1024w, https:\/\/www.dr-koch.de\/wissen\/wp-content\/uploads\/2023\/08\/nacken-mini-rolle-300x200.jpg 300w, https:\/\/www.dr-koch.de\/wissen\/wp-content\/uploads\/2023\/08\/nacken-mini-rolle-768x512.jpg 768w, https:\/\/www.dr-koch.de\/wissen\/wp-content\/uploads\/2023\/08\/nacken-mini-rolle-1536x1024.jpg 1536w, https:\/\/www.dr-koch.de\/wissen\/wp-content\/uploads\/2023\/08\/nacken-mini-rolle.jpg 1920w\" alt=\"\" width=\"1024\" height=\"683\" \/><\/p>\r\n<h3>Punktuelle Nacken-Massage im Stehen | relexa MINI Faszienrolle<\/h3>\r\n<!--\r\n        \tBy <a href=\"https:\/\/www.dr-koch.de\/wissen\/author\/wpadmin\/\">wpadmin<\/a>\r\n        \t | \r\n        \t14 August 2023\r\n        -->\r\n<p>Durch die Ausf\u00fchrung dieser Nacken-\u00dcbung erh\u00f6hst Du die Flexibilit\u00e4t Deiner Hals- und Nackenmuskulatur und verhinderst wirkungsvoll Verspannungen in diesem Bereich.<\/p>\r\n<ul>\r\n<li>Beginne die \u00dcbung, indem Du Dich zuerst vor eine freie Wand stellst.<\/li>\r\n<li>Platziere die relexa MINI zwischen Deinem Nacken und der Wand.<\/li>\r\n<li>Dr\u00fccke Dich leicht mit den Knien nach oben oder gehe sanft in die Knie, um die gew\u00fcnschten Nackenbereiche zu massieren.<\/li>\r\n<li>Die relexa MINI eignet sich bestens, um den Nacken gro\u00dffl\u00e4chig zu stimulieren.<\/li>\r\n<li>Mit Deinem Kopf und K\u00f6rper kannst Du den gew\u00fcnschten Druck kontrollieren. Eine Empfehlung sind 8-12 Wiederholungen pro \u00dcbung.<\/li>\r\n<\/ul>\r\n<p>Falls die \u00dcbung anfangs als etwas unangenehm empfunden wird, steht es Dir frei, auch die Anzahl der Wiederholungen zu verringern.<\/p>\r\n<!--\r\n        \t<a href='https:\/\/www.dr-koch.de\/wissen\/uebungen\/punktuelle-nacken-massage-im-stehen-relexa-mini-faszienrolle\/' title='Mehr lesen...'>Mehr lesen...<\/a>\r\n        -->\r\n<p><img decoding=\"async\" src=\"https:\/\/www.dr-koch.de\/wissen\/wp-content\/uploads\/2023\/08\/nacken-twinball.jpg\" sizes=\"(max-width: 450px) 100vw, 450px\" srcset=\"https:\/\/www.dr-koch.de\/wissen\/wp-content\/uploads\/2023\/08\/nacken-twinball.jpg 450w, https:\/\/www.dr-koch.de\/wissen\/wp-content\/uploads\/2023\/08\/nacken-twinball-300x300.jpg 300w, https:\/\/www.dr-koch.de\/wissen\/wp-content\/uploads\/2023\/08\/nacken-twinball-150x150.jpg 150w\" alt=\"\" width=\"450\" height=\"450\" \/><\/p>\r\n<h3>Nacken\u00fcbung im Stehen | relexa Twinball<\/h3>\r\n<!--\r\n        \tBy <a href=\"https:\/\/www.dr-koch.de\/wissen\/author\/wpadmin\/\">wpadmin<\/a>\r\n        \t | \r\n        \t14 August 2023\r\n        -->\r\n<p>Der relexa Twinball eignet sich ebenfalls zur Ausf\u00fchrung von \u00dcbungen f\u00fcr den R\u00fccken und Nacken:<\/p>\r\n<ul>\r\n<li>Beginnen diese R\u00fccken\u00fcbung, indem Du Dich vor eine freie Wandfl\u00e4che stellst.<\/li>\r\n<li>Platzieren Sie den Twinball waagerecht zwischen Deinen Nacken und die Wand.<\/li>\r\n<li>Zudem bewirkt der relexa Twinball gleichzeitig eine Massage an zwei Stellen im Nacken.<\/li>\r\n<li>Indem Du Deinen Kopf nach rechts und links drehst, kannst Du nun eine behutsame Dehnung des Nackens erreichen.<\/li>\r\n<li>Halten die Spannung an den \u00e4u\u00dfersten Punkten der Dehnung f\u00fcr einige Sekunden.<\/li>\r\n<\/ul>\r\n<!--\r\n        \t<a href='https:\/\/www.dr-koch.de\/wissen\/uebungen\/nackenuebung-im-stehen-relexa-twinball\/' title='Mehr lesen...'>Mehr lesen...<\/a>\r\n        -->\r\n<p><img decoding=\"async\" src=\"https:\/\/www.dr-koch.de\/wissen\/wp-content\/uploads\/2023\/08\/nacken-twinball-alternative-1024x683.jpg\" sizes=\"(max-width: 1024px) 100vw, 1024px\" srcset=\"https:\/\/www.dr-koch.de\/wissen\/wp-content\/uploads\/2023\/08\/nacken-twinball-alternative-1024x683.jpg 1024w, https:\/\/www.dr-koch.de\/wissen\/wp-content\/uploads\/2023\/08\/nacken-twinball-alternative-300x200.jpg 300w, https:\/\/www.dr-koch.de\/wissen\/wp-content\/uploads\/2023\/08\/nacken-twinball-alternative-768x512.jpg 768w, https:\/\/www.dr-koch.de\/wissen\/wp-content\/uploads\/2023\/08\/nacken-twinball-alternative-1536x1024.jpg 1536w, https:\/\/www.dr-koch.de\/wissen\/wp-content\/uploads\/2023\/08\/nacken-twinball-alternative.jpg 1920w\" alt=\"\" width=\"1024\" height=\"683\" \/><\/p>\r\n<h3>Punktuelle Nacken-Massage im Stehen | relexa Twinball<\/h3>\r\n<!--\r\n        \tBy <a href=\"https:\/\/www.dr-koch.de\/wissen\/author\/wpadmin\/\">wpadmin<\/a>\r\n        \t | \r\n        \t14 August 2023\r\n        -->\r\n<p>Mit dieser Nacken-\u00dcbung machst Du Deine Hals- und Nackenmuskulatur flexibler und beugst effektiv Verspannungen in diesem Bereich vor.<\/p>\r\n<ul>\r\n<li>Du beginnst die \u00dcbung, indem Du Dich vor eine leere Wand stellst.<\/li>\r\n<li>Platziere den relexa Twinball zwischen Deinem Nacken und der Wand.<\/li>\r\n<li>Indem Du leicht mit den Knien nach oben dr\u00fcckst oder Dich leicht in die Knie begibst, kannst Du die gew\u00fcnschten Nackenbereiche massieren.<\/li>\r\n<li>Der relexa Twinball sorgt gleichzeitig f\u00fcr eine gleichm\u00e4\u00dfige Massage des Nackens an zwei Punkten.<\/li>\r\n<li>Du kannst den Druck nach Deinem Belieben mit Deinem Kopf und Deinem K\u00f6rper kontrollieren. Es wird empfohlen, die \u00dcbung 8-12 Mal zu wiederholen.<\/li>\r\n<\/ul>\r\n<p>Falls Dir die \u00dcbung anfangs unangenehm ist, ist es auch in Ordnung, die Anzahl der Wiederholungen zu reduzieren.<\/p>\r\n<!--\r\n        \t<a href='https:\/\/www.dr-koch.de\/wissen\/uebungen\/punktuelle-nacken-massage-im-stehen-relexa-twinball\/' title='Mehr lesen...'>Mehr lesen...<\/a>\r\n        -->\r\n<h2>Passende Produkte<\/h2>\r\n","protected":false},"excerpt":{"rendered":"<p>Faszien im Nacken l\u00f6sen gegen Nackenschmerzen Faszien im Nacken verkleben im Alltag Einseitige Belastung von Muskeln f\u00fchrt oft zu verklebten Faszien &#8211; besonders im Alltag tendieren wir dazu, in ein und derselben Position zu sitzen, wodurch Nackenschmerzen vorprogrammiert sind. Wir zeigen dir, wie du die Faszien im Nacken l\u00f6sen kannst und effektiv gegen Nackenschmerzen vorgehst.&hellip;<\/p>\n","protected":false},"author":1,"featured_media":1105,"parent":0,"menu_order":0,"comment_status":"closed","ping_status":"closed","template":"","meta":{"_acf_changed":false,"inline_featured_image":false,"footnotes":""},"class_list":["post-407","page","type-page","status-publish","has-post-thumbnail","hentry"],"acf":[],"yoast_head":"<!-- This site is optimized with the Yoast SEO plugin v26.6 - https:\/\/yoast.com\/wordpress\/plugins\/seo\/ -->\r\n<title>Faszien im Nacken l\u00f6sen bei Nackenschmerzen: So geht&#039;s!<\/title>\r\n<meta name=\"description\" content=\"Was tun gegen Nackenschmerzen? Faszien im Nacken l\u00f6sen mit diesen \u00dcbungen! \u2794 Erfahre, was du gegen Beschwerden tun kannst.\" \/>\r\n<meta name=\"robots\" content=\"index, follow, max-snippet:-1, max-image-preview:large, max-video-preview:-1\" \/>\r\n<link rel=\"canonical\" href=\"https:\/\/www.dr-koch.de\/wissen\/was-tun-gegen-nackenschmerzen\/\" \/>\r\n<meta property=\"og:locale\" content=\"de_DE\" \/>\r\n<meta property=\"og:type\" content=\"article\" \/>\r\n<meta property=\"og:title\" content=\"Faszien im Nacken l\u00f6sen bei Nackenschmerzen: So geht&#039;s!\" \/>\r\n<meta property=\"og:description\" content=\"Was tun gegen Nackenschmerzen? Faszien im Nacken l\u00f6sen mit diesen \u00dcbungen! \u2794 Erfahre, was du gegen Beschwerden tun kannst.\" \/>\r\n<meta property=\"og:url\" content=\"https:\/\/www.dr-koch.de\/wissen\/was-tun-gegen-nackenschmerzen\/\" \/>\r\n<meta property=\"og:site_name\" content=\"Dr. Paul Koch GmbH\" \/>\r\n<meta property=\"article:publisher\" content=\"https:\/\/www.facebook.com\/relexa.fit\/?locale=de_DE\" \/>\r\n<meta property=\"article:modified_time\" content=\"2025-01-16T18:03:20+00:00\" \/>\r\n<meta property=\"og:image\" content=\"https:\/\/www.dr-koch.de\/wissen\/wp-content\/uploads\/2023\/09\/nackenschmerzen-buero.jpg\" \/>\r\n\t<meta property=\"og:image:width\" content=\"800\" \/>\r\n\t<meta property=\"og:image:height\" content=\"800\" \/>\r\n\t<meta property=\"og:image:type\" content=\"image\/jpeg\" \/>\r\n<meta name=\"twitter:card\" content=\"summary_large_image\" \/>\r\n<meta name=\"twitter:label1\" content=\"Gesch\u00e4tzte Lesezeit\" \/>\n\t<meta name=\"twitter:data1\" content=\"7\u00a0Minuten\" \/>\r\n<script type=\"application\/ld+json\" class=\"yoast-schema-graph\">{\"@context\":\"https:\/\/schema.org\",\"@graph\":[{\"@type\":\"WebPage\",\"@id\":\"https:\/\/www.dr-koch.de\/wissen\/was-tun-gegen-nackenschmerzen\/\",\"url\":\"https:\/\/www.dr-koch.de\/wissen\/was-tun-gegen-nackenschmerzen\/\",\"name\":\"Faszien im Nacken l\u00f6sen bei Nackenschmerzen: So geht's!\",\"isPartOf\":{\"@id\":\"https:\/\/www.dr-koch.de\/wissen\/#website\"},\"primaryImageOfPage\":{\"@id\":\"https:\/\/www.dr-koch.de\/wissen\/was-tun-gegen-nackenschmerzen\/#primaryimage\"},\"image\":{\"@id\":\"https:\/\/www.dr-koch.de\/wissen\/was-tun-gegen-nackenschmerzen\/#primaryimage\"},\"thumbnailUrl\":\"https:\/\/www.dr-koch.de\/wissen\/wp-content\/uploads\/2023\/09\/nackenschmerzen-buero.jpg\",\"datePublished\":\"2023-08-01T11:49:51+00:00\",\"dateModified\":\"2025-01-16T18:03:20+00:00\",\"description\":\"Was tun gegen Nackenschmerzen? Faszien im Nacken l\u00f6sen mit diesen \u00dcbungen! \u2794 Erfahre, was du gegen Beschwerden tun kannst.\",\"breadcrumb\":{\"@id\":\"https:\/\/www.dr-koch.de\/wissen\/was-tun-gegen-nackenschmerzen\/#breadcrumb\"},\"inLanguage\":\"de\",\"potentialAction\":[{\"@type\":\"ReadAction\",\"target\":[\"https:\/\/www.dr-koch.de\/wissen\/was-tun-gegen-nackenschmerzen\/\"]}]},{\"@type\":\"ImageObject\",\"inLanguage\":\"de\",\"@id\":\"https:\/\/www.dr-koch.de\/wissen\/was-tun-gegen-nackenschmerzen\/#primaryimage\",\"url\":\"https:\/\/www.dr-koch.de\/wissen\/wp-content\/uploads\/2023\/09\/nackenschmerzen-buero.jpg\",\"contentUrl\":\"https:\/\/www.dr-koch.de\/wissen\/wp-content\/uploads\/2023\/09\/nackenschmerzen-buero.jpg\",\"width\":800,\"height\":800},{\"@type\":\"BreadcrumbList\",\"@id\":\"https:\/\/www.dr-koch.de\/wissen\/was-tun-gegen-nackenschmerzen\/#breadcrumb\",\"itemListElement\":[{\"@type\":\"ListItem\",\"position\":1,\"name\":\"Home\",\"item\":\"https:\/\/www.dr-koch.de\/wissen\/\"},{\"@type\":\"ListItem\",\"position\":2,\"name\":\"Was tun gegen Nackenschmerzen?\"}]},{\"@type\":\"WebSite\",\"@id\":\"https:\/\/www.dr-koch.de\/wissen\/#website\",\"url\":\"https:\/\/www.dr-koch.de\/wissen\/\",\"name\":\"Dr. Paul Koch GmbH\",\"description\":\"\",\"publisher\":{\"@id\":\"https:\/\/www.dr-koch.de\/wissen\/#organization\"},\"potentialAction\":[{\"@type\":\"SearchAction\",\"target\":{\"@type\":\"EntryPoint\",\"urlTemplate\":\"https:\/\/www.dr-koch.de\/wissen\/?s={search_term_string}\"},\"query-input\":{\"@type\":\"PropertyValueSpecification\",\"valueRequired\":true,\"valueName\":\"search_term_string\"}}],\"inLanguage\":\"de\"},{\"@type\":\"Organization\",\"@id\":\"https:\/\/www.dr-koch.de\/wissen\/#organization\",\"name\":\"Dr. Paul Koch GmbH\",\"alternateName\":\"relexa\",\"url\":\"https:\/\/www.dr-koch.de\/wissen\/\",\"logo\":{\"@type\":\"ImageObject\",\"inLanguage\":\"de\",\"@id\":\"https:\/\/www.dr-koch.de\/wissen\/#\/schema\/logo\/image\/\",\"url\":\"https:\/\/www.dr-koch.de\/wissen\/wp-content\/uploads\/2023\/06\/nav-logo-koch.svg\",\"contentUrl\":\"https:\/\/www.dr-koch.de\/wissen\/wp-content\/uploads\/2023\/06\/nav-logo-koch.svg\",\"width\":266,\"height\":60,\"caption\":\"Dr. Paul Koch GmbH\"},\"image\":{\"@id\":\"https:\/\/www.dr-koch.de\/wissen\/#\/schema\/logo\/image\/\"},\"sameAs\":[\"https:\/\/www.facebook.com\/relexa.fit\/?locale=de_DE\",\"https:\/\/www.youtube.com\/channel\/UC9uGb6vJqdZpRrWZDKvKHIw\"]}]}<\/script>\r\n<!-- \/ Yoast SEO plugin. -->","yoast_head_json":{"title":"Faszien im Nacken l\u00f6sen bei Nackenschmerzen: So geht's!","description":"Was tun gegen Nackenschmerzen? Faszien im Nacken l\u00f6sen mit diesen \u00dcbungen! \u2794 Erfahre, was du gegen Beschwerden tun kannst.","robots":{"index":"index","follow":"follow","max-snippet":"max-snippet:-1","max-image-preview":"max-image-preview:large","max-video-preview":"max-video-preview:-1"},"canonical":"https:\/\/www.dr-koch.de\/wissen\/was-tun-gegen-nackenschmerzen\/","og_locale":"de_DE","og_type":"article","og_title":"Faszien im Nacken l\u00f6sen bei Nackenschmerzen: So geht's!","og_description":"Was tun gegen Nackenschmerzen? Faszien im Nacken l\u00f6sen mit diesen \u00dcbungen! \u2794 Erfahre, was du gegen Beschwerden tun kannst.","og_url":"https:\/\/www.dr-koch.de\/wissen\/was-tun-gegen-nackenschmerzen\/","og_site_name":"Dr. Paul Koch GmbH","article_publisher":"https:\/\/www.facebook.com\/relexa.fit\/?locale=de_DE","article_modified_time":"2025-01-16T18:03:20+00:00","og_image":[{"width":800,"height":800,"url":"https:\/\/www.dr-koch.de\/wissen\/wp-content\/uploads\/2023\/09\/nackenschmerzen-buero.jpg","type":"image\/jpeg"}],"twitter_card":"summary_large_image","twitter_misc":{"Gesch\u00e4tzte Lesezeit":"7\u00a0Minuten"},"schema":{"@context":"https:\/\/schema.org","@graph":[{"@type":"WebPage","@id":"https:\/\/www.dr-koch.de\/wissen\/was-tun-gegen-nackenschmerzen\/","url":"https:\/\/www.dr-koch.de\/wissen\/was-tun-gegen-nackenschmerzen\/","name":"Faszien im Nacken l\u00f6sen bei Nackenschmerzen: So geht's!","isPartOf":{"@id":"https:\/\/www.dr-koch.de\/wissen\/#website"},"primaryImageOfPage":{"@id":"https:\/\/www.dr-koch.de\/wissen\/was-tun-gegen-nackenschmerzen\/#primaryimage"},"image":{"@id":"https:\/\/www.dr-koch.de\/wissen\/was-tun-gegen-nackenschmerzen\/#primaryimage"},"thumbnailUrl":"https:\/\/www.dr-koch.de\/wissen\/wp-content\/uploads\/2023\/09\/nackenschmerzen-buero.jpg","datePublished":"2023-08-01T11:49:51+00:00","dateModified":"2025-01-16T18:03:20+00:00","description":"Was tun gegen Nackenschmerzen? Faszien im Nacken l\u00f6sen mit diesen \u00dcbungen! \u2794 Erfahre, was du gegen Beschwerden tun kannst.","breadcrumb":{"@id":"https:\/\/www.dr-koch.de\/wissen\/was-tun-gegen-nackenschmerzen\/#breadcrumb"},"inLanguage":"de","potentialAction":[{"@type":"ReadAction","target":["https:\/\/www.dr-koch.de\/wissen\/was-tun-gegen-nackenschmerzen\/"]}]},{"@type":"ImageObject","inLanguage":"de","@id":"https:\/\/www.dr-koch.de\/wissen\/was-tun-gegen-nackenschmerzen\/#primaryimage","url":"https:\/\/www.dr-koch.de\/wissen\/wp-content\/uploads\/2023\/09\/nackenschmerzen-buero.jpg","contentUrl":"https:\/\/www.dr-koch.de\/wissen\/wp-content\/uploads\/2023\/09\/nackenschmerzen-buero.jpg","width":800,"height":800},{"@type":"BreadcrumbList","@id":"https:\/\/www.dr-koch.de\/wissen\/was-tun-gegen-nackenschmerzen\/#breadcrumb","itemListElement":[{"@type":"ListItem","position":1,"name":"Home","item":"https:\/\/www.dr-koch.de\/wissen\/"},{"@type":"ListItem","position":2,"name":"Was tun gegen Nackenschmerzen?"}]},{"@type":"WebSite","@id":"https:\/\/www.dr-koch.de\/wissen\/#website","url":"https:\/\/www.dr-koch.de\/wissen\/","name":"Dr. Paul Koch GmbH","description":"","publisher":{"@id":"https:\/\/www.dr-koch.de\/wissen\/#organization"},"potentialAction":[{"@type":"SearchAction","target":{"@type":"EntryPoint","urlTemplate":"https:\/\/www.dr-koch.de\/wissen\/?s={search_term_string}"},"query-input":{"@type":"PropertyValueSpecification","valueRequired":true,"valueName":"search_term_string"}}],"inLanguage":"de"},{"@type":"Organization","@id":"https:\/\/www.dr-koch.de\/wissen\/#organization","name":"Dr. Paul Koch GmbH","alternateName":"relexa","url":"https:\/\/www.dr-koch.de\/wissen\/","logo":{"@type":"ImageObject","inLanguage":"de","@id":"https:\/\/www.dr-koch.de\/wissen\/#\/schema\/logo\/image\/","url":"https:\/\/www.dr-koch.de\/wissen\/wp-content\/uploads\/2023\/06\/nav-logo-koch.svg","contentUrl":"https:\/\/www.dr-koch.de\/wissen\/wp-content\/uploads\/2023\/06\/nav-logo-koch.svg","width":266,"height":60,"caption":"Dr. Paul Koch GmbH"},"image":{"@id":"https:\/\/www.dr-koch.de\/wissen\/#\/schema\/logo\/image\/"},"sameAs":["https:\/\/www.facebook.com\/relexa.fit\/?locale=de_DE","https:\/\/www.youtube.com\/channel\/UC9uGb6vJqdZpRrWZDKvKHIw"]}]}},"_links":{"self":[{"href":"https:\/\/www.dr-koch.de\/wissen\/wp-json\/wp\/v2\/pages\/407","targetHints":{"allow":["GET"]}}],"collection":[{"href":"https:\/\/www.dr-koch.de\/wissen\/wp-json\/wp\/v2\/pages"}],"about":[{"href":"https:\/\/www.dr-koch.de\/wissen\/wp-json\/wp\/v2\/types\/page"}],"author":[{"embeddable":true,"href":"https:\/\/www.dr-koch.de\/wissen\/wp-json\/wp\/v2\/users\/1"}],"replies":[{"embeddable":true,"href":"https:\/\/www.dr-koch.de\/wissen\/wp-json\/wp\/v2\/comments?post=407"}],"version-history":[{"count":7,"href":"https:\/\/www.dr-koch.de\/wissen\/wp-json\/wp\/v2\/pages\/407\/revisions"}],"predecessor-version":[{"id":1283,"href":"https:\/\/www.dr-koch.de\/wissen\/wp-json\/wp\/v2\/pages\/407\/revisions\/1283"}],"wp:featuredmedia":[{"embeddable":true,"href":"https:\/\/www.dr-koch.de\/wissen\/wp-json\/wp\/v2\/media\/1105"}],"wp:attachment":[{"href":"https:\/\/www.dr-koch.de\/wissen\/wp-json\/wp\/v2\/media?parent=407"}],"curies":[{"name":"wp","href":"https:\/\/api.w.org\/{rel}","templated":true}]}}