{"id":366,"date":"2023-07-27T11:20:39","date_gmt":"2023-07-27T09:20:39","guid":{"rendered":"https:\/\/www.dr-koch.de\/wissen\/?page_id=366"},"modified":"2023-11-14T07:18:11","modified_gmt":"2023-11-14T06:18:11","slug":"uebungen-fuer-die-huefte","status":"publish","type":"page","link":"https:\/\/www.dr-koch.de\/wissen\/uebungen-fuer-die-huefte\/","title":{"rendered":"\u00dcbungen f\u00fcr die H\u00fcfte"},"content":{"rendered":"\r\n<p><img decoding=\"async\" title=\"faszientraining-bauch-po-emo\" src=\"https:\/\/www.dr-koch.de\/wissen\/wp-content\/uploads\/2023\/07\/faszientraining-bauch-po-emo.jpg\" alt=\"faszientraining-bauch-po-emo\" width=\"2200\" height=\"951\" \/><\/p>\r\n<h1>Rund um die H\u00fcfte<\/h1>\r\n<p>Alles Wissenswerte<\/p>\r\n<h2>Die H\u00fcfte<\/h2>\r\n<p>Die H\u00fcftgelenksendoprothese geh\u00f6rt zu den h\u00e4ufigsten OPs in den deutschen Krankenh\u00e4usern. Es werden ca. 200.000 H\u00fcften pro Jahr ersetzt. Mit einem besseren Verst\u00e4ndnis f\u00fcr dieses Gelenk und ein paar kleinen\u00a0<strong>Pr\u00e4ventionsma\u00dfnahmen<\/strong>\u00a0k\u00f6nnte diese Zahl reduziert und vielen Menschen bei\u00a0H\u00fcftschmerzen\u00a0geholfen werden.<\/p>\r\n<p>Das H\u00fcftgelenk ist ein\u00a0<strong>Kugelgelenk<\/strong>. Jedes Gelenk sollte auch entsprechend seiner Form genutzt werden. Im Alltag nutzen die meisten Menschen ihre H\u00fcfte wie ein Scharniergelenk. Zu wenig Aufrichtung, zu wenig schwingender Gang (zu starkes Abrollen \u00fcber die Ferse) und zu geringe Ausnutzung der maximalen Gelenkbeweglichkeit.<\/p>\r\n<p>Wird die maximale Gelenkbeweglichkeit und die Aufrichtung im Gelenk nicht immer wieder genutzt oder be\u00fcbt, leiden die Gelenkfl\u00e4chen darunter. Der\u00a0<strong>fehlende Wechseldruck<\/strong>\u00a0und die mangelnde Gleitf\u00e4higkeit des umliegenden Gewebes f\u00fchren zu lokalen und nicht wechselnden Druckbelastungen.<\/p>\r\n<p>Werden also bestimmte Bewegungsradien oder Muster nicht mehr genutzt, denkt der K\u00f6rper dass er sie auch nicht mehr braucht und beginnt die Struktur zu ver\u00e4ndern. Im schlimmsten Fall beginnt er sie abzubauen, was in der Medizin sp\u00e4ter als\u00a0<strong>Arthrose<\/strong>\u00a0bezeichnet wird. Eine Arthrose kann in dem Sinne nicht mehr r\u00fcckg\u00e4ngig gemacht werden, aber man kann sie stoppen und vor allem m\u00f6glichst schmerzfrei halten.<\/p>\r\n<p><img decoding=\"async\" src=\"https:\/\/i.ytimg.com\/vi\/3rMioOJGLGM\/maxresdefault.jpg\" alt=\"youtube-video-thumbnail\" \/><\/p>\r\n<h2>\u00dcbungen<\/h2>\r\n<p><img decoding=\"async\" src=\"https:\/\/www.dr-koch.de\/wissen\/wp-content\/uploads\/2023\/07\/Hintere-Oberschenkel-1024x683.jpg\" sizes=\"(max-width: 1024px) 100vw, 1024px\" srcset=\"https:\/\/www.dr-koch.de\/wissen\/wp-content\/uploads\/2023\/07\/Hintere-Oberschenkel-1024x683.jpg 1024w, https:\/\/www.dr-koch.de\/wissen\/wp-content\/uploads\/2023\/07\/Hintere-Oberschenkel-300x200.jpg 300w, https:\/\/www.dr-koch.de\/wissen\/wp-content\/uploads\/2023\/07\/Hintere-Oberschenkel-768x512.jpg 768w, https:\/\/www.dr-koch.de\/wissen\/wp-content\/uploads\/2023\/07\/Hintere-Oberschenkel-1536x1025.jpg 1536w, https:\/\/www.dr-koch.de\/wissen\/wp-content\/uploads\/2023\/07\/Hintere-Oberschenkel.jpg 1920w\" alt=\"\" width=\"1024\" height=\"683\" \/><\/p>\r\n<h3>\u00dcbung f\u00fcr den hinteren Oberschenkel | relexa Faszienrolle<\/h3>\r\n<!--\r\n        \tBy <a href=\"https:\/\/www.dr-koch.de\/wissen\/index.php\/author\/wpadmin\/\">wpadmin<\/a>\r\n        \t | \r\n        \t12 Juli 2023\r\n        -->\r\n<ul>\r\n<li>Setze Dich zun\u00e4chst auf den Boden<\/li>\r\n<li>Lege die relexa Faszienrolle unter einen der Oberschenkel<\/li>\r\n<li>Mit beiden Armen nach hinten abst\u00fctzen und das Ges\u00e4\u00df anheben<\/li>\r\n<li>Nun mit dem gesamten Oberschenkel \u00fcber die Massagerolle vor- und zur\u00fcckrollen<\/li>\r\n<li>Danach wechsel die Seite und wiederholen die \u00dcbung mit dem anderen Oberschenkel<\/li>\r\n<li>Zur Verst\u00e4rkung der Intensit\u00e4t kannst Du ein Bein \u00fcber das andere legen.<\/li>\r\n<\/ul>\r\n<!--\r\n        \t<a href='https:\/\/www.dr-koch.de\/wissen\/index.php\/uebungen\/uebung-fuer-den-hinteren-oberschenkel\/' title='Mehr lesen...'>Mehr lesen...<\/a>\r\n        -->\r\n<p><img decoding=\"async\" src=\"https:\/\/www.dr-koch.de\/wissen\/wp-content\/uploads\/2023\/07\/punktuelle-po-uebung-1024x683.jpg\" sizes=\"(max-width: 1024px) 100vw, 1024px\" srcset=\"https:\/\/www.dr-koch.de\/wissen\/wp-content\/uploads\/2023\/07\/punktuelle-po-uebung-1024x683.jpg 1024w, https:\/\/www.dr-koch.de\/wissen\/wp-content\/uploads\/2023\/07\/punktuelle-po-uebung-300x200.jpg 300w, https:\/\/www.dr-koch.de\/wissen\/wp-content\/uploads\/2023\/07\/punktuelle-po-uebung-768x512.jpg 768w, https:\/\/www.dr-koch.de\/wissen\/wp-content\/uploads\/2023\/07\/punktuelle-po-uebung.jpg 1200w\" alt=\"\" width=\"1024\" height=\"683\" \/><\/p>\r\n<h3>Punktuelle Ges\u00e4\u00df \u00dcbung | relexa Faszienball<\/h3>\r\n<!--\r\n        \tBy <a href=\"https:\/\/www.dr-koch.de\/wissen\/index.php\/author\/wpadmin\/\">wpadmin<\/a>\r\n        \t | \r\n        \t24 Juli 2023\r\n        -->\r\n<p>Die Massage der Ges\u00e4\u00dfmuskeln mit dem relexa\u00a0Massageball f\u00fchrt zur Dehnung und Entspannung der Faszien (Bindegewebe) und der Muskeln selbst. Die Durchblutung wird verbessert und der Abtransport von Stoffwechselprodukten und die Erholung beschleunigt. Die Po \u00dcbung kann mit beiden relexa\u00a0Massageb\u00e4llen (6 und 8 cm Durchmesser) duchgef\u00fchrt werden oder ganz gezielt mit dem Faszienball 6cm:<\/p>\r\n<p>Setze dich zun\u00e4chst mit einer Ges\u00e4\u00dfh\u00e4lfte auf den relexa Ball. St\u00fctze dich dabei mit beiden H\u00e4nden ab. Stelle die\u00a0Beine so auf, dass du sicher und stabil sitzt.<\/p>\r\n<p>Durch Vor- und R\u00fcckw\u00e4rtsbewegung mit den Beinen sowie Kreisbewegungen massierst du\u00a0 jetzt deine Ges\u00e4\u00dfmuskulatur.<\/p>\r\n<p>Als Variante kannst du die \u00dcbung auch mit dem relexa\u00a0Quadruppel durchf\u00fchren. Hierbei wird gezielt das tieferliegende Gewebe durch die Massagenoppen stimuliert.<\/p>\r\n<!--\r\n        \t<a href='https:\/\/www.dr-koch.de\/wissen\/index.php\/uebungen\/punktuelle-po-uebung\/' title='Mehr lesen...'>Mehr lesen...<\/a>\r\n        -->\r\n<p><img decoding=\"async\" src=\"https:\/\/www.dr-koch.de\/wissen\/wp-content\/uploads\/2023\/07\/seitlich-po-uebung-1024x683.jpg\" sizes=\"(max-width: 1024px) 100vw, 1024px\" srcset=\"https:\/\/www.dr-koch.de\/wissen\/wp-content\/uploads\/2023\/07\/seitlich-po-uebung-1024x683.jpg 1024w, https:\/\/www.dr-koch.de\/wissen\/wp-content\/uploads\/2023\/07\/seitlich-po-uebung-300x200.jpg 300w, https:\/\/www.dr-koch.de\/wissen\/wp-content\/uploads\/2023\/07\/seitlich-po-uebung-768x512.jpg 768w, https:\/\/www.dr-koch.de\/wissen\/wp-content\/uploads\/2023\/07\/seitlich-po-uebung.jpg 1200w\" alt=\"\" width=\"1024\" height=\"683\" \/><\/p>\r\n<h3>Seitliche Ges\u00e4\u00df \u00dcbung | relexa Faszienball<\/h3>\r\n<!--\r\n        \tBy <a href=\"https:\/\/www.dr-koch.de\/wissen\/index.php\/author\/wpadmin\/\">wpadmin<\/a>\r\n        \t | \r\n        \t24 Juli 2023\r\n        -->\r\n<p>Mit dieser Po \u00dcbung massierst du das seitliche Fasziengewebe an Ges\u00e4\u00df und Oberschenkel.<\/p>\r\n<p>Lege dich seitlich auf den Boden und st\u00fctze dich mit den H\u00e4nden ab. Strecke das untere Bein aus und setze das obere Bein etwa auf Knieh\u00f6he des unteren Beins vor dir ab.<\/p>\r\n<p>Platziere nun einen der relexa Massageb\u00e4lle unter deinem Ges\u00e4\u00df. Schiebe dich dann mit dem angewinkelten Bein vor und zur\u00fcck.<\/p>\r\n<p>Den Druck kannst du variieren, indem du dich mit den H\u00e4nden und dem angewinkelten Bein st\u00e4rker oder schw\u00e4cher abst\u00fctzt.<\/p>\r\n<!--\r\n        \t<a href='https:\/\/www.dr-koch.de\/wissen\/index.php\/uebungen\/seitliche-po-uebung\/' title='Mehr lesen...'>Mehr lesen...<\/a>\r\n        -->\r\n<p><img decoding=\"async\" src=\"https:\/\/www.dr-koch.de\/wissen\/wp-content\/uploads\/2023\/07\/Seitlicher-Oberschenkel-1024x683.jpg\" sizes=\"(max-width: 1024px) 100vw, 1024px\" srcset=\"https:\/\/www.dr-koch.de\/wissen\/wp-content\/uploads\/2023\/07\/Seitlicher-Oberschenkel-1024x683.jpg 1024w, https:\/\/www.dr-koch.de\/wissen\/wp-content\/uploads\/2023\/07\/Seitlicher-Oberschenkel-300x200.jpg 300w, https:\/\/www.dr-koch.de\/wissen\/wp-content\/uploads\/2023\/07\/Seitlicher-Oberschenkel-768x512.jpg 768w, https:\/\/www.dr-koch.de\/wissen\/wp-content\/uploads\/2023\/07\/Seitlicher-Oberschenkel-1536x1025.jpg 1536w, https:\/\/www.dr-koch.de\/wissen\/wp-content\/uploads\/2023\/07\/Seitlicher-Oberschenkel.jpg 1920w\" alt=\"\" width=\"1024\" height=\"683\" \/><\/p>\r\n<h3>Seitlicher Oberschenkel | relexa Faszienrolle<\/h3>\r\n<!--\r\n        \tBy <a href=\"https:\/\/www.dr-koch.de\/wissen\/index.php\/author\/wpadmin\/\">wpadmin<\/a>\r\n        \t | \r\n        \t12 Juli 2023\r\n        -->\r\n<p>Wirkung: Massiert u.a. das Iliotibialband. Das sehr schmerzhafte Ilio-Tibiale Band-Syndrom (ITBS), auch L\u00e4uferknie genannt, kann mit\u00a0Massagerolle \u00dcbungen\u00a0sehr gut therapiert bzw. diesem vorgebeugt werden.<\/p>\r\n<ul>\r\n<li>Lege Dich mit einem Oberschenkel seitlich auf die relexa Massagerolle<\/li>\r\n<li>Die Arme st\u00fctzen bzw. stabilisieren den Oberk\u00f6rper<\/li>\r\n<li>Stelle das andere Bein vor sich auf den Boden<\/li>\r\n<li>Rolle den Oberschenkel jetzt auf der Massagerolle vor und zur\u00fcck \u2013 von der H\u00fcfte bis zum Knie<\/li>\r\n<\/ul>\r\n<p>Achte dabei ganz besonders auf eine stabile K\u00f6rperposition und auf die komplette Massage des gesamten Oberschenkels, denn die Massage des meist zun\u00e4chst recht schmerzhaften Iliotibialbandes f\u00fchrt h\u00e4ufig zu kleinen Ausweichbewegungen.<\/p>\r\n<!--\r\n        \t<a href='https:\/\/www.dr-koch.de\/wissen\/index.php\/uebungen\/seitlicher-oberschenkel\/' title='Mehr lesen...'>Mehr lesen...<\/a>\r\n        -->\r\n<h2>Passende Produkte<\/h2>\r\n","protected":false},"excerpt":{"rendered":"<p>Rund um die H\u00fcfte Alles Wissenswerte Die H\u00fcfte Die H\u00fcftgelenksendoprothese geh\u00f6rt zu den h\u00e4ufigsten OPs in den deutschen Krankenh\u00e4usern. Es werden ca. 200.000 H\u00fcften pro Jahr ersetzt. Mit einem besseren Verst\u00e4ndnis f\u00fcr dieses Gelenk und ein paar kleinen\u00a0Pr\u00e4ventionsma\u00dfnahmen\u00a0k\u00f6nnte diese Zahl reduziert und vielen Menschen bei\u00a0H\u00fcftschmerzen\u00a0geholfen werden. Das H\u00fcftgelenk ist ein\u00a0Kugelgelenk. Jedes Gelenk sollte auch entsprechend&hellip;<\/p>\n","protected":false},"author":1,"featured_media":174,"parent":0,"menu_order":0,"comment_status":"closed","ping_status":"closed","template":"","meta":{"_acf_changed":false,"inline_featured_image":false,"footnotes":""},"class_list":["post-366","page","type-page","status-publish","has-post-thumbnail","hentry"],"acf":[],"yoast_head":"<!-- This site is optimized with the Yoast SEO plugin v26.6 - https:\/\/yoast.com\/wordpress\/plugins\/seo\/ -->\r\n<title>Faszienrolle H\u00fcfte \u00dcbungen: \u00dcbungen f\u00fcr verklebte Faszien<\/title>\r\n<meta name=\"description\" content=\"Faszienrolle H\u00fcfte \u00dcbungen: Effektive L\u00f6sungen f\u00fcr verklebte Faszien. Entdecke die wirksame \u00dcbungen f\u00fcr deine H\u00fcfte und weniger Anspannungen.\" \/>\r\n<meta name=\"robots\" content=\"index, follow, max-snippet:-1, max-image-preview:large, max-video-preview:-1\" \/>\r\n<link rel=\"canonical\" href=\"https:\/\/www.dr-koch.de\/wissen\/uebungen-fuer-die-huefte\/\" \/>\r\n<meta property=\"og:locale\" content=\"de_DE\" \/>\r\n<meta property=\"og:type\" content=\"article\" \/>\r\n<meta property=\"og:title\" content=\"Faszienrolle H\u00fcfte \u00dcbungen: \u00dcbungen f\u00fcr verklebte Faszien\" \/>\r\n<meta property=\"og:description\" content=\"Faszienrolle H\u00fcfte \u00dcbungen: Effektive L\u00f6sungen f\u00fcr verklebte Faszien. Entdecke die wirksame \u00dcbungen f\u00fcr deine H\u00fcfte und weniger Anspannungen.\" \/>\r\n<meta property=\"og:url\" content=\"https:\/\/www.dr-koch.de\/wissen\/uebungen-fuer-die-huefte\/\" \/>\r\n<meta property=\"og:site_name\" content=\"Dr. Paul Koch GmbH\" \/>\r\n<meta property=\"article:publisher\" content=\"https:\/\/www.facebook.com\/relexa.fit\/?locale=de_DE\" \/>\r\n<meta property=\"article:modified_time\" content=\"2023-11-14T06:18:11+00:00\" \/>\r\n<meta property=\"og:image\" content=\"https:\/\/www.dr-koch.de\/wissen\/wp-content\/uploads\/2023\/07\/Seitlicher-Oberschenkel.jpg\" \/>\r\n\t<meta property=\"og:image:width\" content=\"1920\" \/>\r\n\t<meta property=\"og:image:height\" content=\"1281\" \/>\r\n\t<meta property=\"og:image:type\" content=\"image\/jpeg\" \/>\r\n<meta name=\"twitter:card\" content=\"summary_large_image\" \/>\r\n<meta name=\"twitter:label1\" content=\"Gesch\u00e4tzte Lesezeit\" \/>\n\t<meta name=\"twitter:data1\" content=\"5\u00a0Minuten\" \/>\r\n<script type=\"application\/ld+json\" class=\"yoast-schema-graph\">{\"@context\":\"https:\/\/schema.org\",\"@graph\":[{\"@type\":\"WebPage\",\"@id\":\"https:\/\/www.dr-koch.de\/wissen\/uebungen-fuer-die-huefte\/\",\"url\":\"https:\/\/www.dr-koch.de\/wissen\/uebungen-fuer-die-huefte\/\",\"name\":\"Faszienrolle H\u00fcfte \u00dcbungen: \u00dcbungen f\u00fcr verklebte Faszien\",\"isPartOf\":{\"@id\":\"https:\/\/www.dr-koch.de\/wissen\/#website\"},\"primaryImageOfPage\":{\"@id\":\"https:\/\/www.dr-koch.de\/wissen\/uebungen-fuer-die-huefte\/#primaryimage\"},\"image\":{\"@id\":\"https:\/\/www.dr-koch.de\/wissen\/uebungen-fuer-die-huefte\/#primaryimage\"},\"thumbnailUrl\":\"https:\/\/www.dr-koch.de\/wissen\/wp-content\/uploads\/2023\/07\/Seitlicher-Oberschenkel.jpg\",\"datePublished\":\"2023-07-27T09:20:39+00:00\",\"dateModified\":\"2023-11-14T06:18:11+00:00\",\"description\":\"Faszienrolle H\u00fcfte \u00dcbungen: Effektive L\u00f6sungen f\u00fcr verklebte Faszien. Entdecke die wirksame \u00dcbungen f\u00fcr deine H\u00fcfte und weniger Anspannungen.\",\"breadcrumb\":{\"@id\":\"https:\/\/www.dr-koch.de\/wissen\/uebungen-fuer-die-huefte\/#breadcrumb\"},\"inLanguage\":\"de\",\"potentialAction\":[{\"@type\":\"ReadAction\",\"target\":[\"https:\/\/www.dr-koch.de\/wissen\/uebungen-fuer-die-huefte\/\"]}]},{\"@type\":\"ImageObject\",\"inLanguage\":\"de\",\"@id\":\"https:\/\/www.dr-koch.de\/wissen\/uebungen-fuer-die-huefte\/#primaryimage\",\"url\":\"https:\/\/www.dr-koch.de\/wissen\/wp-content\/uploads\/2023\/07\/Seitlicher-Oberschenkel.jpg\",\"contentUrl\":\"https:\/\/www.dr-koch.de\/wissen\/wp-content\/uploads\/2023\/07\/Seitlicher-Oberschenkel.jpg\",\"width\":1920,\"height\":1281},{\"@type\":\"BreadcrumbList\",\"@id\":\"https:\/\/www.dr-koch.de\/wissen\/uebungen-fuer-die-huefte\/#breadcrumb\",\"itemListElement\":[{\"@type\":\"ListItem\",\"position\":1,\"name\":\"Home\",\"item\":\"https:\/\/www.dr-koch.de\/wissen\/\"},{\"@type\":\"ListItem\",\"position\":2,\"name\":\"\u00dcbungen f\u00fcr die H\u00fcfte\"}]},{\"@type\":\"WebSite\",\"@id\":\"https:\/\/www.dr-koch.de\/wissen\/#website\",\"url\":\"https:\/\/www.dr-koch.de\/wissen\/\",\"name\":\"Dr. Paul Koch GmbH\",\"description\":\"\",\"publisher\":{\"@id\":\"https:\/\/www.dr-koch.de\/wissen\/#organization\"},\"potentialAction\":[{\"@type\":\"SearchAction\",\"target\":{\"@type\":\"EntryPoint\",\"urlTemplate\":\"https:\/\/www.dr-koch.de\/wissen\/?s={search_term_string}\"},\"query-input\":{\"@type\":\"PropertyValueSpecification\",\"valueRequired\":true,\"valueName\":\"search_term_string\"}}],\"inLanguage\":\"de\"},{\"@type\":\"Organization\",\"@id\":\"https:\/\/www.dr-koch.de\/wissen\/#organization\",\"name\":\"Dr. Paul Koch GmbH\",\"alternateName\":\"relexa\",\"url\":\"https:\/\/www.dr-koch.de\/wissen\/\",\"logo\":{\"@type\":\"ImageObject\",\"inLanguage\":\"de\",\"@id\":\"https:\/\/www.dr-koch.de\/wissen\/#\/schema\/logo\/image\/\",\"url\":\"https:\/\/www.dr-koch.de\/wissen\/wp-content\/uploads\/2023\/06\/nav-logo-koch.svg\",\"contentUrl\":\"https:\/\/www.dr-koch.de\/wissen\/wp-content\/uploads\/2023\/06\/nav-logo-koch.svg\",\"width\":266,\"height\":60,\"caption\":\"Dr. Paul Koch GmbH\"},\"image\":{\"@id\":\"https:\/\/www.dr-koch.de\/wissen\/#\/schema\/logo\/image\/\"},\"sameAs\":[\"https:\/\/www.facebook.com\/relexa.fit\/?locale=de_DE\",\"https:\/\/www.youtube.com\/channel\/UC9uGb6vJqdZpRrWZDKvKHIw\"]}]}<\/script>\r\n<!-- \/ Yoast SEO plugin. -->","yoast_head_json":{"title":"Faszienrolle H\u00fcfte \u00dcbungen: \u00dcbungen f\u00fcr verklebte Faszien","description":"Faszienrolle H\u00fcfte \u00dcbungen: Effektive L\u00f6sungen f\u00fcr verklebte Faszien. Entdecke die wirksame \u00dcbungen f\u00fcr deine H\u00fcfte und weniger Anspannungen.","robots":{"index":"index","follow":"follow","max-snippet":"max-snippet:-1","max-image-preview":"max-image-preview:large","max-video-preview":"max-video-preview:-1"},"canonical":"https:\/\/www.dr-koch.de\/wissen\/uebungen-fuer-die-huefte\/","og_locale":"de_DE","og_type":"article","og_title":"Faszienrolle H\u00fcfte \u00dcbungen: \u00dcbungen f\u00fcr verklebte Faszien","og_description":"Faszienrolle H\u00fcfte \u00dcbungen: Effektive L\u00f6sungen f\u00fcr verklebte Faszien. Entdecke die wirksame \u00dcbungen f\u00fcr deine H\u00fcfte und weniger Anspannungen.","og_url":"https:\/\/www.dr-koch.de\/wissen\/uebungen-fuer-die-huefte\/","og_site_name":"Dr. Paul Koch GmbH","article_publisher":"https:\/\/www.facebook.com\/relexa.fit\/?locale=de_DE","article_modified_time":"2023-11-14T06:18:11+00:00","og_image":[{"width":1920,"height":1281,"url":"https:\/\/www.dr-koch.de\/wissen\/wp-content\/uploads\/2023\/07\/Seitlicher-Oberschenkel.jpg","type":"image\/jpeg"}],"twitter_card":"summary_large_image","twitter_misc":{"Gesch\u00e4tzte Lesezeit":"5\u00a0Minuten"},"schema":{"@context":"https:\/\/schema.org","@graph":[{"@type":"WebPage","@id":"https:\/\/www.dr-koch.de\/wissen\/uebungen-fuer-die-huefte\/","url":"https:\/\/www.dr-koch.de\/wissen\/uebungen-fuer-die-huefte\/","name":"Faszienrolle H\u00fcfte \u00dcbungen: \u00dcbungen f\u00fcr verklebte Faszien","isPartOf":{"@id":"https:\/\/www.dr-koch.de\/wissen\/#website"},"primaryImageOfPage":{"@id":"https:\/\/www.dr-koch.de\/wissen\/uebungen-fuer-die-huefte\/#primaryimage"},"image":{"@id":"https:\/\/www.dr-koch.de\/wissen\/uebungen-fuer-die-huefte\/#primaryimage"},"thumbnailUrl":"https:\/\/www.dr-koch.de\/wissen\/wp-content\/uploads\/2023\/07\/Seitlicher-Oberschenkel.jpg","datePublished":"2023-07-27T09:20:39+00:00","dateModified":"2023-11-14T06:18:11+00:00","description":"Faszienrolle H\u00fcfte \u00dcbungen: Effektive L\u00f6sungen f\u00fcr verklebte Faszien. Entdecke die wirksame \u00dcbungen f\u00fcr deine H\u00fcfte und weniger Anspannungen.","breadcrumb":{"@id":"https:\/\/www.dr-koch.de\/wissen\/uebungen-fuer-die-huefte\/#breadcrumb"},"inLanguage":"de","potentialAction":[{"@type":"ReadAction","target":["https:\/\/www.dr-koch.de\/wissen\/uebungen-fuer-die-huefte\/"]}]},{"@type":"ImageObject","inLanguage":"de","@id":"https:\/\/www.dr-koch.de\/wissen\/uebungen-fuer-die-huefte\/#primaryimage","url":"https:\/\/www.dr-koch.de\/wissen\/wp-content\/uploads\/2023\/07\/Seitlicher-Oberschenkel.jpg","contentUrl":"https:\/\/www.dr-koch.de\/wissen\/wp-content\/uploads\/2023\/07\/Seitlicher-Oberschenkel.jpg","width":1920,"height":1281},{"@type":"BreadcrumbList","@id":"https:\/\/www.dr-koch.de\/wissen\/uebungen-fuer-die-huefte\/#breadcrumb","itemListElement":[{"@type":"ListItem","position":1,"name":"Home","item":"https:\/\/www.dr-koch.de\/wissen\/"},{"@type":"ListItem","position":2,"name":"\u00dcbungen f\u00fcr die H\u00fcfte"}]},{"@type":"WebSite","@id":"https:\/\/www.dr-koch.de\/wissen\/#website","url":"https:\/\/www.dr-koch.de\/wissen\/","name":"Dr. Paul Koch GmbH","description":"","publisher":{"@id":"https:\/\/www.dr-koch.de\/wissen\/#organization"},"potentialAction":[{"@type":"SearchAction","target":{"@type":"EntryPoint","urlTemplate":"https:\/\/www.dr-koch.de\/wissen\/?s={search_term_string}"},"query-input":{"@type":"PropertyValueSpecification","valueRequired":true,"valueName":"search_term_string"}}],"inLanguage":"de"},{"@type":"Organization","@id":"https:\/\/www.dr-koch.de\/wissen\/#organization","name":"Dr. Paul Koch GmbH","alternateName":"relexa","url":"https:\/\/www.dr-koch.de\/wissen\/","logo":{"@type":"ImageObject","inLanguage":"de","@id":"https:\/\/www.dr-koch.de\/wissen\/#\/schema\/logo\/image\/","url":"https:\/\/www.dr-koch.de\/wissen\/wp-content\/uploads\/2023\/06\/nav-logo-koch.svg","contentUrl":"https:\/\/www.dr-koch.de\/wissen\/wp-content\/uploads\/2023\/06\/nav-logo-koch.svg","width":266,"height":60,"caption":"Dr. Paul Koch GmbH"},"image":{"@id":"https:\/\/www.dr-koch.de\/wissen\/#\/schema\/logo\/image\/"},"sameAs":["https:\/\/www.facebook.com\/relexa.fit\/?locale=de_DE","https:\/\/www.youtube.com\/channel\/UC9uGb6vJqdZpRrWZDKvKHIw"]}]}},"_links":{"self":[{"href":"https:\/\/www.dr-koch.de\/wissen\/wp-json\/wp\/v2\/pages\/366","targetHints":{"allow":["GET"]}}],"collection":[{"href":"https:\/\/www.dr-koch.de\/wissen\/wp-json\/wp\/v2\/pages"}],"about":[{"href":"https:\/\/www.dr-koch.de\/wissen\/wp-json\/wp\/v2\/types\/page"}],"author":[{"embeddable":true,"href":"https:\/\/www.dr-koch.de\/wissen\/wp-json\/wp\/v2\/users\/1"}],"replies":[{"embeddable":true,"href":"https:\/\/www.dr-koch.de\/wissen\/wp-json\/wp\/v2\/comments?post=366"}],"version-history":[{"count":6,"href":"https:\/\/www.dr-koch.de\/wissen\/wp-json\/wp\/v2\/pages\/366\/revisions"}],"predecessor-version":[{"id":1070,"href":"https:\/\/www.dr-koch.de\/wissen\/wp-json\/wp\/v2\/pages\/366\/revisions\/1070"}],"wp:featuredmedia":[{"embeddable":true,"href":"https:\/\/www.dr-koch.de\/wissen\/wp-json\/wp\/v2\/media\/174"}],"wp:attachment":[{"href":"https:\/\/www.dr-koch.de\/wissen\/wp-json\/wp\/v2\/media?parent=366"}],"curies":[{"name":"wp","href":"https:\/\/api.w.org\/{rel}","templated":true}]}}