{"id":335,"date":"2023-07-26T16:58:01","date_gmt":"2023-07-26T14:58:01","guid":{"rendered":"https:\/\/www.dr-koch.de\/wissen\/?page_id=335"},"modified":"2023-11-14T09:07:28","modified_gmt":"2023-11-14T08:07:28","slug":"uebungen-fuer-die-oberschenkel","status":"publish","type":"page","link":"https:\/\/www.dr-koch.de\/wissen\/uebungen-fuer-die-oberschenkel\/","title":{"rendered":"\u00dcbungen f\u00fcr die Oberschenkel"},"content":{"rendered":"\r\n<p><img decoding=\"async\" title=\"faszientraining-oberschenkel\" src=\"https:\/\/www.dr-koch.de\/wissen\/wp-content\/uploads\/2023\/07\/faszientraining-oberschenkel.jpg\" alt=\"faszientraining-oberschenkel\" width=\"2200\" height=\"951\" \/><\/p>\r\n<h1>Oberschenkel<\/h1>\r\n<p>Oberschenkel Training f\u00fcr straffe Beine<\/p>\r\n<h2>Oberschenkel Training erg\u00e4nzen<\/h2>\r\n<p>Am Oberschenkel abnehmen und den Oberschenkel straffen? Faszientraining ist die optimale Erg\u00e4nzung zu Deinen sportlichen Oberschenkel \u00dcbungen. Durch das gezielte Massieren des Bindegewebes rund um den Oberschenkelmuskel werden die Zellen rehydriert, S\u00e4ureherde abgebaut und die Durchblutung gesteigert. Das tr\u00e4gt im Rahmen von sportlichen Aktivit\u00e4ten zur aktiven Regeneration bei. Wenn es also gezielt um folgende Trainingserfolge geht:<br \/>&#8211; Oberschenkel straffen<br \/>&#8211; am Oberschenkel abnehmen<br \/>&#8211; Oberschenkel trainieren<br \/>dann ist eines sicher: das Faszientraining ist eine wichtige Erg\u00e4nzung, aber im Fokus stehen Workouts und \u00dcbungen zur Oberschenkelkr\u00e4ftigung. Faszientraining dient als Erg\u00e4nzung zum Sportprogramm. <img decoding=\"async\" title=\"Oberschenkel-Dehnung\" src=\"https:\/\/www.dr-koch.de\/wissen\/wp-content\/uploads\/2023\/07\/Oberschenkel-Dehnung-1.jpg\" alt=\"Oberschenkel-Dehnung\" width=\"566\" height=\"773\" \/><\/p>\r\n<h2>Die verschiedenen Muskeln im Oberschenkel<\/h2>\r\n<p><img decoding=\"async\" title=\"Oberschenkel\" src=\"https:\/\/www.dr-koch.de\/wissen\/wp-content\/uploads\/2023\/07\/Oberschenkel.jpg\" alt=\"Oberschenkel\" width=\"772\" height=\"622\" \/><\/p>\r\n<p>Kl\u00e4ren wir zun\u00e4chst, warum der Oberschenkel ein so bedeutender K\u00f6rperbereich ist: Wie im Bild zu sehen, verlaufen im Oberschenkel zahlreiche Muskeln. Der Oberschenkelknochen ist im H\u00fcftgelenk direkt mit dem Becken verbunden und \u00fcber das Knie mit dem Unterschenkel. Damit ist er die zentrale Verkn\u00fcpfung von Rumpf und Beinen. Die Oberschenkelmuskulatur besteht aus der beachtlichen Anzahl von insgesamt 19 Muskeln. Diese Muskeln werden umh\u00fcllt vom Bindegewebe. Muskeln wie auch das Bindegewebe k\u00f6nnen durch die Faszienmassage mit den relexa Produkten stimuliert werden.<\/p>\r\n<p>Wir zeigen Dir, welche R\u00fccken\u00fcbungen in den Regionen der Wirbels\u00e4ule geeignet sind, sich vor R\u00fcckenschmerzen zu sch\u00fctzen und diese zu lindern. Dabei bevorzugen wir R\u00fccken \u00dcbungen, die Du bequem zu Hause oder unterwegs, z.B. am Arbeitsplatz, durchf\u00fchren kannst und m\u00f6glichst wenig Hilfsmittel ben\u00f6tigst.<\/p>\r\n<p>Dabei k\u00f6nnen unterschiedliche Ziele verfolgt werden:<br \/>&#8211; Lockerung der Muskulatur z.B. vor dem Sport<br \/>&#8211; L\u00f6sen von Verklebungen im Bindegewebe<br \/>&#8211; Rehydrieren des Bindegewebes und Abtransport von Stoffwechsel-Abfallprodukten \u00fcber die Lymphen z.B. nach dem Sport<br \/>&#8211; Straffen der Oberschenkel aus \u00e4sthetischer Sicht<\/p>\r\n<h2>Oberschenkelzerrung: Schmerzen im Oberschenkel<\/h2>\r\n<p><strong>Warum Faszientraining nicht hilfreich ist:<\/strong> Bei Oberschenkelzerrungen solltest Du kein Faszientraining durchf\u00fchren. Eine Oberschenkelzerrung ist zwar eine Art verh\u00e4rtete Muskulatur, jedoch tritt diese oft als Schutzfunktion in Folge von \u00dcberbelastung auf. Wenn Du an einer Oberschenkelzerrung leidest, dann solltest Du die Stelle direkt k\u00fchlen und f\u00fcr etwa zwei bis drei Wochen auf Sport verzichten.<br \/>Wichtig bei einer Oberschenkelzerrung: Frage Deinen Arzt oder Physiotherapeuten um Rat.<\/p>\r\n<p>Einige einfache Workouts zur Straffung der Oberschenkel. Am Oberschenkel abnehmen wird man leider erst dann, wenn man insgesamt auf seine Ern\u00e4hrung achtet, Sport treibt und ausreichend Fl\u00fcssigkeit zu sich nimmt. Wir haben in Verbindung mit den relexa Faszienrollen einige einfache Oberschenkel Trainings f\u00fcr Dich, die dabei helfen, die Muskulatur auszubilden. Im weiteren Verlauf helfen entsprechende Oberschenkel Faszien\u00fcbungen, die das Bindegewebe zus\u00e4tzlich stimulieren und st\u00e4rken:<\/p>\r\n<h2>\u00dcbungen f\u00fcr den Oberschenkel<\/h2>\r\n<p><img decoding=\"async\" src=\"https:\/\/www.dr-koch.de\/wissen\/wp-content\/uploads\/2023\/08\/punktuelle-oberschenkel-massage-triggerkegel-1024x683.jpg\" sizes=\"(max-width: 1024px) 100vw, 1024px\" srcset=\"https:\/\/www.dr-koch.de\/wissen\/wp-content\/uploads\/2023\/08\/punktuelle-oberschenkel-massage-triggerkegel-1024x683.jpg 1024w, https:\/\/www.dr-koch.de\/wissen\/wp-content\/uploads\/2023\/08\/punktuelle-oberschenkel-massage-triggerkegel-300x200.jpg 300w, https:\/\/www.dr-koch.de\/wissen\/wp-content\/uploads\/2023\/08\/punktuelle-oberschenkel-massage-triggerkegel-768x512.jpg 768w, https:\/\/www.dr-koch.de\/wissen\/wp-content\/uploads\/2023\/08\/punktuelle-oberschenkel-massage-triggerkegel-1536x1024.jpg 1536w, https:\/\/www.dr-koch.de\/wissen\/wp-content\/uploads\/2023\/08\/punktuelle-oberschenkel-massage-triggerkegel.jpg 1920w\" alt=\"\" width=\"1024\" height=\"683\" \/><\/p>\r\n<h3>Punktuelle Oberschenkel Massage | relexa Triggerkegel<\/h3>\r\n<!--\r\n        \tBy <a href=\"https:\/\/www.dr-koch.de\/wissen\/index.php\/author\/wpadmin\/\">wpadmin<\/a>\r\n        \t | \r\n        \t14 August 2023\r\n        -->\r\n<p>Um Triggerpunkte im Oberschenkel gezielt zu behandeln, kann der relexa Triggerkegel genutzt werden. Nimm dazu den relexa Triggerkegel und bearbeite mit entsprechendem Druck und ggf. leichten Drehbewegungen das Gewebe. Mit dem relexa Triggerkegel k\u00f6nnen isolierte Stellen besonders effektiv massiert werden.<\/p>\r\n<p>&nbsp;<\/p>\r\n<!--\r\n        \t<a href='https:\/\/www.dr-koch.de\/wissen\/index.php\/uebungen\/punktuelle-oberschenkel-massage-relexa-triggerkegel\/' title='Mehr lesen...'>Mehr lesen...<\/a>\r\n        -->\r\n<p><img decoding=\"async\" src=\"https:\/\/www.dr-koch.de\/wissen\/wp-content\/uploads\/2023\/07\/Vorderer-Oberschenkel-1024x683.jpg\" sizes=\"(max-width: 1024px) 100vw, 1024px\" srcset=\"https:\/\/www.dr-koch.de\/wissen\/wp-content\/uploads\/2023\/07\/Vorderer-Oberschenkel-1024x683.jpg 1024w, https:\/\/www.dr-koch.de\/wissen\/wp-content\/uploads\/2023\/07\/Vorderer-Oberschenkel-300x200.jpg 300w, https:\/\/www.dr-koch.de\/wissen\/wp-content\/uploads\/2023\/07\/Vorderer-Oberschenkel-768x512.jpg 768w, https:\/\/www.dr-koch.de\/wissen\/wp-content\/uploads\/2023\/07\/Vorderer-Oberschenkel-1536x1025.jpg 1536w, https:\/\/www.dr-koch.de\/wissen\/wp-content\/uploads\/2023\/07\/Vorderer-Oberschenkel.jpg 1920w\" alt=\"\" width=\"1024\" height=\"683\" \/><\/p>\r\n<h3>Vorderer Oberschenkel | relexa Faszienrolle<\/h3>\r\n<!--\r\n        \tBy <a href=\"https:\/\/www.dr-koch.de\/wissen\/index.php\/author\/wpadmin\/\">wpadmin<\/a>\r\n        \t | \r\n        \t12 Juli 2023\r\n        -->\r\n<p>Mit dieser Faszienrollen-\u00dcbung kannst Du Muskelkr\u00e4mpfen im Oberschenkel (Quadrizeps) vorbeugen und entgegenwirken:<\/p>\r\n<ul>\r\n<li>Lege Dich zun\u00e4chst b\u00e4uchlings auf die relexa Massagerolle und st\u00fctze Dich dabei mit abgewinkelten Armen ab<\/li>\r\n<li>Die Massagerolle soll dabei unter den vorderen Oberschenkeln (Quadrizeps) zu liegen kommen<\/li>\r\n<li>Rolle nun einzeln jeweils nacheinander mit dem rechten und linken Oberschenkel \u00fcber die Massagerolle<\/li>\r\n<li>Alternativ kannst Du auch mit beiden Oberschenkeln gleichzeitig diese \u00dcbung durchf\u00fchren<\/li>\r\n<\/ul>\r\n<p>Achte darauf, den gesamten K\u00f6rper stabil zu halten und \u00fcber den gesamten Oberschenkel zu rollen<\/p>\r\n<!--\r\n        \t<a href='https:\/\/www.dr-koch.de\/wissen\/index.php\/uebungen\/vorderer-oberschenkel\/' title='Mehr lesen...'>Mehr lesen...<\/a>\r\n        -->\r\n<p><img decoding=\"async\" src=\"https:\/\/www.dr-koch.de\/wissen\/wp-content\/uploads\/2023\/08\/Punktuelle-Oberschenkel-Massage-1024x683.jpg\" sizes=\"(max-width: 1024px) 100vw, 1024px\" srcset=\"https:\/\/www.dr-koch.de\/wissen\/wp-content\/uploads\/2023\/08\/Punktuelle-Oberschenkel-Massage-1024x683.jpg 1024w, https:\/\/www.dr-koch.de\/wissen\/wp-content\/uploads\/2023\/08\/Punktuelle-Oberschenkel-Massage-300x200.jpg 300w, https:\/\/www.dr-koch.de\/wissen\/wp-content\/uploads\/2023\/08\/Punktuelle-Oberschenkel-Massage-768x512.jpg 768w, https:\/\/www.dr-koch.de\/wissen\/wp-content\/uploads\/2023\/08\/Punktuelle-Oberschenkel-Massage.jpg 1200w\" alt=\"\" width=\"1024\" height=\"683\" \/><\/p>\r\n<h3>Punktuelle Oberschenkel Massage | relexa Quadrupel<\/h3>\r\n<!--\r\n        \tBy <a href=\"https:\/\/www.dr-koch.de\/wissen\/index.php\/author\/wpadmin\/\">wpadmin<\/a>\r\n        \t | \r\n        \t14 August 2023\r\n        -->\r\n<p>F\u00fcr eine zielgerichtete Behandlung von Triggerpunkten im Oberschenkel ist der relexa Quadrupel das ideale Werkzeug. Verwende den Quadrupel, um das Gewebe gezielt zu behandeln. Achte dabei darauf, angemessenen Druck auszu\u00fcben und gegebenenfalls leichte Drehbewegungen einzusetzen. Zus\u00e4tzlich kann der relexa Quadrupel mit seiner Kante verwendet werden, um sanft \u00fcber das Gewebe zu gleiten und eine pr\u00e4zise Bearbeitung zu erm\u00f6glichen.<\/p>\r\n<!--\r\n        \t<a href='https:\/\/www.dr-koch.de\/wissen\/index.php\/uebungen\/punktuelle-oberschenkel-massage\/' title='Mehr lesen...'>Mehr lesen...<\/a>\r\n        -->\r\n<p><img decoding=\"async\" src=\"https:\/\/www.dr-koch.de\/wissen\/wp-content\/uploads\/2023\/07\/Oberschenkel-Innenseite-1024x683.jpg\" sizes=\"(max-width: 1024px) 100vw, 1024px\" srcset=\"https:\/\/www.dr-koch.de\/wissen\/wp-content\/uploads\/2023\/07\/Oberschenkel-Innenseite-1024x683.jpg 1024w, https:\/\/www.dr-koch.de\/wissen\/wp-content\/uploads\/2023\/07\/Oberschenkel-Innenseite-300x200.jpg 300w, https:\/\/www.dr-koch.de\/wissen\/wp-content\/uploads\/2023\/07\/Oberschenkel-Innenseite-768x512.jpg 768w, https:\/\/www.dr-koch.de\/wissen\/wp-content\/uploads\/2023\/07\/Oberschenkel-Innenseite-1536x1025.jpg 1536w, https:\/\/www.dr-koch.de\/wissen\/wp-content\/uploads\/2023\/07\/Oberschenkel-Innenseite.jpg 1920w\" alt=\"\" width=\"1024\" height=\"683\" \/><\/p>\r\n<h3>Oberschenkel Innenseite | relexa Faszienrolle<\/h3>\r\n<!--\r\n        \tBy <a href=\"https:\/\/www.dr-koch.de\/wissen\/index.php\/author\/wpadmin\/\">wpadmin<\/a>\r\n        \t | \r\n        \t12 Juli 2023\r\n        -->\r\n<ul>\r\n<li>Lege Dich zun\u00e4chst auf den Bauch<\/li>\r\n<li>St\u00fctze Dich dabei mit abgewinkelten Armen ab<\/li>\r\n<li>Winkel ein Bein in Richtung Schulter an<\/li>\r\n<li>Lege den Oberschenkel mit der Innenseite auf die relexa<\/li>\r\n<li>Rolle die Innenseite des Oberschenkels auf der Massagerolle vom Knie bis zum Becken<\/li>\r\n<li>Besonders den Muskelansatz am Knie solltest Du bei dieser \u00dcbung ber\u00fccksichtigen<\/li>\r\n<\/ul>\r\n<!--\r\n        \t<a href='https:\/\/www.dr-koch.de\/wissen\/index.php\/uebungen\/oberschenkel-innenseite\/' title='Mehr lesen...'>Mehr lesen...<\/a>\r\n        -->\r\n<p><iframe loading=\"lazy\" title=\"aktivierendes Rollen der Oberschenkelau\u00dfenseite\" src=\"https:\/\/www.youtube.com\/embed\/CjRnrypmDlg?feature=oembed\" width=\"715\" height=\"402\" frameborder=\"0\" allowfullscreen=\"allowfullscreen\"><\/iframe><\/p>\r\n<h3>Aktivierung Oberschenkel au\u00dfen<\/h3>\r\n<!--\r\n        \tBy <a href=\"https:\/\/www.dr-koch.de\/wissen\/index.php\/author\/wpadmin\/\">wpadmin<\/a>\r\n        \t | \r\n        \t5 September 2023\r\n        -->\r\n<p>Das Ziel ist es, den K\u00f6rper fl\u00e4chig zu aktivieren. Die Oberschenkel Au\u00dfenseite ist sehr empfindlich, daher mit wenig Druck im Liegen rollen und sich dabei gut abst\u00fctzen. Wichtig ist, in einer Linie auf der Rolle zu liegen und falls zu viel Druck entsteht, eher nach hinten lehnen. Vom Knie aus wird dann nach oben zur H\u00fcfte gerollt und z\u00fcgig \u00fcber etwaige Schmerzpunkte gegangen. Bei der Aktivierung ist es nicht wichtig, die Schmerzpunkte gezielt auszurollen.<\/p>\r\n<!--\r\n        \t<a href='https:\/\/www.dr-koch.de\/wissen\/index.php\/uebungen\/aktivierung-oberschenkel-aussen\/' title='Mehr lesen...'>Mehr lesen...<\/a>\r\n        -->\r\n<p><img decoding=\"async\" src=\"https:\/\/www.dr-koch.de\/wissen\/wp-content\/uploads\/2023\/07\/Seitlicher-Oberschenkel-1024x683.jpg\" sizes=\"(max-width: 1024px) 100vw, 1024px\" srcset=\"https:\/\/www.dr-koch.de\/wissen\/wp-content\/uploads\/2023\/07\/Seitlicher-Oberschenkel-1024x683.jpg 1024w, https:\/\/www.dr-koch.de\/wissen\/wp-content\/uploads\/2023\/07\/Seitlicher-Oberschenkel-300x200.jpg 300w, https:\/\/www.dr-koch.de\/wissen\/wp-content\/uploads\/2023\/07\/Seitlicher-Oberschenkel-768x512.jpg 768w, https:\/\/www.dr-koch.de\/wissen\/wp-content\/uploads\/2023\/07\/Seitlicher-Oberschenkel-1536x1025.jpg 1536w, https:\/\/www.dr-koch.de\/wissen\/wp-content\/uploads\/2023\/07\/Seitlicher-Oberschenkel.jpg 1920w\" alt=\"\" width=\"1024\" height=\"683\" \/><\/p>\r\n<h3>Seitlicher Oberschenkel | relexa Faszienrolle<\/h3>\r\n<!--\r\n        \tBy <a href=\"https:\/\/www.dr-koch.de\/wissen\/index.php\/author\/wpadmin\/\">wpadmin<\/a>\r\n        \t | \r\n        \t12 Juli 2023\r\n        -->\r\n<p>Wirkung: Massiert u.a. das Iliotibialband. Das sehr schmerzhafte Ilio-Tibiale Band-Syndrom (ITBS), auch L\u00e4uferknie genannt, kann mit\u00a0Massagerolle \u00dcbungen\u00a0sehr gut therapiert bzw. diesem vorgebeugt werden.<\/p>\r\n<ul>\r\n<li>Lege Dich mit einem Oberschenkel seitlich auf die relexa Massagerolle<\/li>\r\n<li>Die Arme st\u00fctzen bzw. stabilisieren den Oberk\u00f6rper<\/li>\r\n<li>Stelle das andere Bein vor sich auf den Boden<\/li>\r\n<li>Rolle den Oberschenkel jetzt auf der Massagerolle vor und zur\u00fcck \u2013 von der H\u00fcfte bis zum Knie<\/li>\r\n<\/ul>\r\n<p>Achte dabei ganz besonders auf eine stabile K\u00f6rperposition und auf die komplette Massage des gesamten Oberschenkels, denn die Massage des meist zun\u00e4chst recht schmerzhaften Iliotibialbandes f\u00fchrt h\u00e4ufig zu kleinen Ausweichbewegungen.<\/p>\r\n<!--\r\n        \t<a href='https:\/\/www.dr-koch.de\/wissen\/index.php\/uebungen\/seitlicher-oberschenkel\/' title='Mehr lesen...'>Mehr lesen...<\/a>\r\n        -->\r\n<p><iframe loading=\"lazy\" title=\"aktivierendes Rollen der Oberschenkelvorderseite\" src=\"https:\/\/www.youtube.com\/embed\/gkK9KVSsXBs?feature=oembed\" width=\"715\" height=\"402\" frameborder=\"0\" allowfullscreen=\"allowfullscreen\"><\/iframe><\/p>\r\n<h3>Aktivierung Oberschenkel vorne<\/h3>\r\n<!--\r\n        \tBy <a href=\"https:\/\/www.dr-koch.de\/wissen\/index.php\/author\/wpadmin\/\">wpadmin<\/a>\r\n        \t | \r\n        \t5 September 2023\r\n        -->\r\n<p>Die Oberschenkel Vorderseiten werden idealerweise gleichzeitig ausgerollt. Im Liegen auf die Unterarme st\u00fctzen und von den Knien nach oben rollen. Ab und an kann man die F\u00fc\u00dfe anziehen und dann wieder strecken, um einen zus\u00e4tzlichen Aktivierungs-Effekt durch diese Anspannung zu erzielen.<\/p>\r\n<!--\r\n        \t<a href='https:\/\/www.dr-koch.de\/wissen\/index.php\/uebungen\/aktivierung-oberschenkel-vorne\/' title='Mehr lesen...'>Mehr lesen...<\/a>\r\n        -->\r\n<h2>Passende Produkte<\/h2>\r\n","protected":false},"excerpt":{"rendered":"<p>Oberschenkel Oberschenkel Training f\u00fcr straffe Beine Oberschenkel Training erg\u00e4nzen Am Oberschenkel abnehmen und den Oberschenkel straffen? Faszientraining ist die optimale Erg\u00e4nzung zu Deinen sportlichen Oberschenkel \u00dcbungen. Durch das gezielte Massieren des Bindegewebes rund um den Oberschenkelmuskel werden die Zellen rehydriert, S\u00e4ureherde abgebaut und die Durchblutung gesteigert. Das tr\u00e4gt im Rahmen von sportlichen Aktivit\u00e4ten zur aktiven&hellip;<\/p>\n","protected":false},"author":1,"featured_media":171,"parent":0,"menu_order":0,"comment_status":"closed","ping_status":"closed","template":"","meta":{"_acf_changed":false,"inline_featured_image":false,"footnotes":""},"class_list":["post-335","page","type-page","status-publish","has-post-thumbnail","hentry"],"acf":[],"yoast_head":"<!-- This site is optimized with the Yoast SEO plugin v26.6 - https:\/\/yoast.com\/wordpress\/plugins\/seo\/ -->\r\n<title>Faszientraining Oberschenkel: Verklebte Faszien l\u00f6sen<\/title>\r\n<meta name=\"description\" content=\"Entdecke das Faszientraining im Oberschenkel und l\u00f6se verklebte Faszien. Erlebe sp\u00fcrbare Verbesserungen durch \u00dcbungen mit Faszienrollen.\" \/>\r\n<meta name=\"robots\" content=\"index, follow, max-snippet:-1, max-image-preview:large, max-video-preview:-1\" \/>\r\n<link rel=\"canonical\" href=\"https:\/\/www.dr-koch.de\/wissen\/uebungen-fuer-die-oberschenkel\/\" \/>\r\n<meta property=\"og:locale\" content=\"de_DE\" \/>\r\n<meta property=\"og:type\" content=\"article\" \/>\r\n<meta property=\"og:title\" content=\"Faszientraining Oberschenkel: Verklebte Faszien l\u00f6sen\" \/>\r\n<meta property=\"og:description\" content=\"Entdecke das Faszientraining im Oberschenkel und l\u00f6se verklebte Faszien. Erlebe sp\u00fcrbare Verbesserungen durch \u00dcbungen mit Faszienrollen.\" \/>\r\n<meta property=\"og:url\" content=\"https:\/\/www.dr-koch.de\/wissen\/uebungen-fuer-die-oberschenkel\/\" \/>\r\n<meta property=\"og:site_name\" content=\"Dr. Paul Koch GmbH\" \/>\r\n<meta property=\"article:publisher\" content=\"https:\/\/www.facebook.com\/relexa.fit\/?locale=de_DE\" \/>\r\n<meta property=\"article:modified_time\" content=\"2023-11-14T08:07:28+00:00\" \/>\r\n<meta property=\"og:image\" content=\"https:\/\/www.dr-koch.de\/wissen\/wp-content\/uploads\/2023\/07\/Vorderer-Oberschenkel.jpg\" \/>\r\n\t<meta property=\"og:image:width\" content=\"1920\" \/>\r\n\t<meta property=\"og:image:height\" content=\"1281\" \/>\r\n\t<meta property=\"og:image:type\" content=\"image\/jpeg\" \/>\r\n<meta name=\"twitter:card\" content=\"summary_large_image\" \/>\r\n<meta name=\"twitter:label1\" content=\"Gesch\u00e4tzte Lesezeit\" \/>\n\t<meta name=\"twitter:data1\" content=\"7\u00a0Minuten\" \/>\r\n<script type=\"application\/ld+json\" class=\"yoast-schema-graph\">{\"@context\":\"https:\/\/schema.org\",\"@graph\":[{\"@type\":\"WebPage\",\"@id\":\"https:\/\/www.dr-koch.de\/wissen\/uebungen-fuer-die-oberschenkel\/\",\"url\":\"https:\/\/www.dr-koch.de\/wissen\/uebungen-fuer-die-oberschenkel\/\",\"name\":\"Faszientraining Oberschenkel: Verklebte Faszien l\u00f6sen\",\"isPartOf\":{\"@id\":\"https:\/\/www.dr-koch.de\/wissen\/#website\"},\"primaryImageOfPage\":{\"@id\":\"https:\/\/www.dr-koch.de\/wissen\/uebungen-fuer-die-oberschenkel\/#primaryimage\"},\"image\":{\"@id\":\"https:\/\/www.dr-koch.de\/wissen\/uebungen-fuer-die-oberschenkel\/#primaryimage\"},\"thumbnailUrl\":\"https:\/\/www.dr-koch.de\/wissen\/wp-content\/uploads\/2023\/07\/Vorderer-Oberschenkel.jpg\",\"datePublished\":\"2023-07-26T14:58:01+00:00\",\"dateModified\":\"2023-11-14T08:07:28+00:00\",\"description\":\"Entdecke das Faszientraining im Oberschenkel und l\u00f6se verklebte Faszien. Erlebe sp\u00fcrbare Verbesserungen durch \u00dcbungen mit Faszienrollen.\",\"breadcrumb\":{\"@id\":\"https:\/\/www.dr-koch.de\/wissen\/uebungen-fuer-die-oberschenkel\/#breadcrumb\"},\"inLanguage\":\"de\",\"potentialAction\":[{\"@type\":\"ReadAction\",\"target\":[\"https:\/\/www.dr-koch.de\/wissen\/uebungen-fuer-die-oberschenkel\/\"]}]},{\"@type\":\"ImageObject\",\"inLanguage\":\"de\",\"@id\":\"https:\/\/www.dr-koch.de\/wissen\/uebungen-fuer-die-oberschenkel\/#primaryimage\",\"url\":\"https:\/\/www.dr-koch.de\/wissen\/wp-content\/uploads\/2023\/07\/Vorderer-Oberschenkel.jpg\",\"contentUrl\":\"https:\/\/www.dr-koch.de\/wissen\/wp-content\/uploads\/2023\/07\/Vorderer-Oberschenkel.jpg\",\"width\":1920,\"height\":1281},{\"@type\":\"BreadcrumbList\",\"@id\":\"https:\/\/www.dr-koch.de\/wissen\/uebungen-fuer-die-oberschenkel\/#breadcrumb\",\"itemListElement\":[{\"@type\":\"ListItem\",\"position\":1,\"name\":\"Home\",\"item\":\"https:\/\/www.dr-koch.de\/wissen\/\"},{\"@type\":\"ListItem\",\"position\":2,\"name\":\"\u00dcbungen f\u00fcr die Oberschenkel\"}]},{\"@type\":\"WebSite\",\"@id\":\"https:\/\/www.dr-koch.de\/wissen\/#website\",\"url\":\"https:\/\/www.dr-koch.de\/wissen\/\",\"name\":\"Dr. Paul Koch GmbH\",\"description\":\"\",\"publisher\":{\"@id\":\"https:\/\/www.dr-koch.de\/wissen\/#organization\"},\"potentialAction\":[{\"@type\":\"SearchAction\",\"target\":{\"@type\":\"EntryPoint\",\"urlTemplate\":\"https:\/\/www.dr-koch.de\/wissen\/?s={search_term_string}\"},\"query-input\":{\"@type\":\"PropertyValueSpecification\",\"valueRequired\":true,\"valueName\":\"search_term_string\"}}],\"inLanguage\":\"de\"},{\"@type\":\"Organization\",\"@id\":\"https:\/\/www.dr-koch.de\/wissen\/#organization\",\"name\":\"Dr. Paul Koch GmbH\",\"alternateName\":\"relexa\",\"url\":\"https:\/\/www.dr-koch.de\/wissen\/\",\"logo\":{\"@type\":\"ImageObject\",\"inLanguage\":\"de\",\"@id\":\"https:\/\/www.dr-koch.de\/wissen\/#\/schema\/logo\/image\/\",\"url\":\"https:\/\/www.dr-koch.de\/wissen\/wp-content\/uploads\/2023\/06\/nav-logo-koch.svg\",\"contentUrl\":\"https:\/\/www.dr-koch.de\/wissen\/wp-content\/uploads\/2023\/06\/nav-logo-koch.svg\",\"width\":266,\"height\":60,\"caption\":\"Dr. Paul Koch GmbH\"},\"image\":{\"@id\":\"https:\/\/www.dr-koch.de\/wissen\/#\/schema\/logo\/image\/\"},\"sameAs\":[\"https:\/\/www.facebook.com\/relexa.fit\/?locale=de_DE\",\"https:\/\/www.youtube.com\/channel\/UC9uGb6vJqdZpRrWZDKvKHIw\"]}]}<\/script>\r\n<!-- \/ Yoast SEO plugin. -->","yoast_head_json":{"title":"Faszientraining Oberschenkel: Verklebte Faszien l\u00f6sen","description":"Entdecke das Faszientraining im Oberschenkel und l\u00f6se verklebte Faszien. Erlebe sp\u00fcrbare Verbesserungen durch \u00dcbungen mit Faszienrollen.","robots":{"index":"index","follow":"follow","max-snippet":"max-snippet:-1","max-image-preview":"max-image-preview:large","max-video-preview":"max-video-preview:-1"},"canonical":"https:\/\/www.dr-koch.de\/wissen\/uebungen-fuer-die-oberschenkel\/","og_locale":"de_DE","og_type":"article","og_title":"Faszientraining Oberschenkel: Verklebte Faszien l\u00f6sen","og_description":"Entdecke das Faszientraining im Oberschenkel und l\u00f6se verklebte Faszien. Erlebe sp\u00fcrbare Verbesserungen durch \u00dcbungen mit Faszienrollen.","og_url":"https:\/\/www.dr-koch.de\/wissen\/uebungen-fuer-die-oberschenkel\/","og_site_name":"Dr. Paul Koch GmbH","article_publisher":"https:\/\/www.facebook.com\/relexa.fit\/?locale=de_DE","article_modified_time":"2023-11-14T08:07:28+00:00","og_image":[{"width":1920,"height":1281,"url":"https:\/\/www.dr-koch.de\/wissen\/wp-content\/uploads\/2023\/07\/Vorderer-Oberschenkel.jpg","type":"image\/jpeg"}],"twitter_card":"summary_large_image","twitter_misc":{"Gesch\u00e4tzte Lesezeit":"7\u00a0Minuten"},"schema":{"@context":"https:\/\/schema.org","@graph":[{"@type":"WebPage","@id":"https:\/\/www.dr-koch.de\/wissen\/uebungen-fuer-die-oberschenkel\/","url":"https:\/\/www.dr-koch.de\/wissen\/uebungen-fuer-die-oberschenkel\/","name":"Faszientraining Oberschenkel: Verklebte Faszien l\u00f6sen","isPartOf":{"@id":"https:\/\/www.dr-koch.de\/wissen\/#website"},"primaryImageOfPage":{"@id":"https:\/\/www.dr-koch.de\/wissen\/uebungen-fuer-die-oberschenkel\/#primaryimage"},"image":{"@id":"https:\/\/www.dr-koch.de\/wissen\/uebungen-fuer-die-oberschenkel\/#primaryimage"},"thumbnailUrl":"https:\/\/www.dr-koch.de\/wissen\/wp-content\/uploads\/2023\/07\/Vorderer-Oberschenkel.jpg","datePublished":"2023-07-26T14:58:01+00:00","dateModified":"2023-11-14T08:07:28+00:00","description":"Entdecke das Faszientraining im Oberschenkel und l\u00f6se verklebte Faszien. Erlebe sp\u00fcrbare Verbesserungen durch \u00dcbungen mit Faszienrollen.","breadcrumb":{"@id":"https:\/\/www.dr-koch.de\/wissen\/uebungen-fuer-die-oberschenkel\/#breadcrumb"},"inLanguage":"de","potentialAction":[{"@type":"ReadAction","target":["https:\/\/www.dr-koch.de\/wissen\/uebungen-fuer-die-oberschenkel\/"]}]},{"@type":"ImageObject","inLanguage":"de","@id":"https:\/\/www.dr-koch.de\/wissen\/uebungen-fuer-die-oberschenkel\/#primaryimage","url":"https:\/\/www.dr-koch.de\/wissen\/wp-content\/uploads\/2023\/07\/Vorderer-Oberschenkel.jpg","contentUrl":"https:\/\/www.dr-koch.de\/wissen\/wp-content\/uploads\/2023\/07\/Vorderer-Oberschenkel.jpg","width":1920,"height":1281},{"@type":"BreadcrumbList","@id":"https:\/\/www.dr-koch.de\/wissen\/uebungen-fuer-die-oberschenkel\/#breadcrumb","itemListElement":[{"@type":"ListItem","position":1,"name":"Home","item":"https:\/\/www.dr-koch.de\/wissen\/"},{"@type":"ListItem","position":2,"name":"\u00dcbungen f\u00fcr die Oberschenkel"}]},{"@type":"WebSite","@id":"https:\/\/www.dr-koch.de\/wissen\/#website","url":"https:\/\/www.dr-koch.de\/wissen\/","name":"Dr. Paul Koch GmbH","description":"","publisher":{"@id":"https:\/\/www.dr-koch.de\/wissen\/#organization"},"potentialAction":[{"@type":"SearchAction","target":{"@type":"EntryPoint","urlTemplate":"https:\/\/www.dr-koch.de\/wissen\/?s={search_term_string}"},"query-input":{"@type":"PropertyValueSpecification","valueRequired":true,"valueName":"search_term_string"}}],"inLanguage":"de"},{"@type":"Organization","@id":"https:\/\/www.dr-koch.de\/wissen\/#organization","name":"Dr. Paul Koch GmbH","alternateName":"relexa","url":"https:\/\/www.dr-koch.de\/wissen\/","logo":{"@type":"ImageObject","inLanguage":"de","@id":"https:\/\/www.dr-koch.de\/wissen\/#\/schema\/logo\/image\/","url":"https:\/\/www.dr-koch.de\/wissen\/wp-content\/uploads\/2023\/06\/nav-logo-koch.svg","contentUrl":"https:\/\/www.dr-koch.de\/wissen\/wp-content\/uploads\/2023\/06\/nav-logo-koch.svg","width":266,"height":60,"caption":"Dr. Paul Koch GmbH"},"image":{"@id":"https:\/\/www.dr-koch.de\/wissen\/#\/schema\/logo\/image\/"},"sameAs":["https:\/\/www.facebook.com\/relexa.fit\/?locale=de_DE","https:\/\/www.youtube.com\/channel\/UC9uGb6vJqdZpRrWZDKvKHIw"]}]}},"_links":{"self":[{"href":"https:\/\/www.dr-koch.de\/wissen\/wp-json\/wp\/v2\/pages\/335","targetHints":{"allow":["GET"]}}],"collection":[{"href":"https:\/\/www.dr-koch.de\/wissen\/wp-json\/wp\/v2\/pages"}],"about":[{"href":"https:\/\/www.dr-koch.de\/wissen\/wp-json\/wp\/v2\/types\/page"}],"author":[{"embeddable":true,"href":"https:\/\/www.dr-koch.de\/wissen\/wp-json\/wp\/v2\/users\/1"}],"replies":[{"embeddable":true,"href":"https:\/\/www.dr-koch.de\/wissen\/wp-json\/wp\/v2\/comments?post=335"}],"version-history":[{"count":7,"href":"https:\/\/www.dr-koch.de\/wissen\/wp-json\/wp\/v2\/pages\/335\/revisions"}],"predecessor-version":[{"id":1071,"href":"https:\/\/www.dr-koch.de\/wissen\/wp-json\/wp\/v2\/pages\/335\/revisions\/1071"}],"wp:featuredmedia":[{"embeddable":true,"href":"https:\/\/www.dr-koch.de\/wissen\/wp-json\/wp\/v2\/media\/171"}],"wp:attachment":[{"href":"https:\/\/www.dr-koch.de\/wissen\/wp-json\/wp\/v2\/media?parent=335"}],"curies":[{"name":"wp","href":"https:\/\/api.w.org\/{rel}","templated":true}]}}