{"id":316,"date":"2023-07-26T15:47:41","date_gmt":"2023-07-26T13:47:41","guid":{"rendered":"https:\/\/www.dr-koch.de\/wissen\/?page_id=316"},"modified":"2023-11-14T09:50:57","modified_gmt":"2023-11-14T08:50:57","slug":"uebungen-fuer-bauch-beine-po","status":"publish","type":"page","link":"https:\/\/www.dr-koch.de\/wissen\/uebungen-fuer-bauch-beine-po\/","title":{"rendered":"\u00dcbungen f\u00fcr Bauch, Beine und Po"},"content":{"rendered":"\r\n<p><img decoding=\"async\" title=\"faszientraining-bauch-po-emo\" src=\"https:\/\/www.dr-koch.de\/wissen\/wp-content\/uploads\/2023\/07\/faszientraining-bauch-po-emo.jpg\" alt=\"faszientraining-bauch-po-emo\" width=\"2200\" height=\"951\" \/><\/p>\r\n<h1>Bauch, Beine und Po<\/h1>\r\n<h2>Was haben \u00dcbungen f\u00fcr Rumpf oder Bauch, Beine und Po gemeinsam?<\/h2>\r\n<p>Zun\u00e4chst kennt man die Bauch, Beine, Po Thematik &#8211; in Fachkreisen auch BBP genannt &#8211; sicherlich aus dem klassischen Fitness Studio. Hierbei geht es um gezieltes Bauchtraining, Po \u00dcbungen und Beintraining. Im Rahmen des relexa Faszientrainings geht es uns hierbei aber nicht nur um Muskulatur, sondern vor allem um das Bindegewebe, die Faszien, die die Muskulatur umschlie\u00dfen und unseren K\u00f6rper formen.<\/p>\r\n<p>Ein weiteres, wichtiges Thema rund um Bauch, Beine, Po sind die Wirkungsketten innerhalb unseres K\u00f6rpers.<\/p>\r\n<p>Diese Ketten, die wir vor allen Dingen auf die Faszien beziehen, nehmen definitiv Einfluss auf unser Wohlbefinden, auf K\u00f6rperhaltung, Verspannung oder sogar Schmerzen.<\/p>\r\n<p>Man kann \u00dcbungen rund um Bauch, Beine, Po vom Sch\u00f6nheitsstandpunkt aus betrachten, dann geht es um straffes Bindegewebe und richtige Formen. Man kann aber genauso vom Blickwinkel der Flexibilit\u00e4t und K\u00f6rperhaltung herangehen und dadurch sein Faszientraining noch effektiver gestalten.<\/p>\r\n<p><img decoding=\"async\" title=\"Psoas Muscles\" src=\"https:\/\/www.dr-koch.de\/wissen\/wp-content\/uploads\/2023\/07\/Bauch-Beine-Und-Po.jpg\" alt=\"Psoas Muscles\" width=\"730\" height=\"657\" \/><\/p>\r\n<h2>\u00dcbungen f\u00fcr Bauch, Beine und Po<\/h2>\r\n<p><img decoding=\"async\" src=\"https:\/\/www.dr-koch.de\/wissen\/wp-content\/uploads\/2023\/07\/Po-1024x683.jpg\" sizes=\"(max-width: 1024px) 100vw, 1024px\" srcset=\"https:\/\/www.dr-koch.de\/wissen\/wp-content\/uploads\/2023\/07\/Po-1024x683.jpg 1024w, https:\/\/www.dr-koch.de\/wissen\/wp-content\/uploads\/2023\/07\/Po-300x200.jpg 300w, https:\/\/www.dr-koch.de\/wissen\/wp-content\/uploads\/2023\/07\/Po-768x512.jpg 768w, https:\/\/www.dr-koch.de\/wissen\/wp-content\/uploads\/2023\/07\/Po-1536x1025.jpg 1536w, https:\/\/www.dr-koch.de\/wissen\/wp-content\/uploads\/2023\/07\/Po.jpg 1920w\" alt=\"\" width=\"1024\" height=\"683\" \/><\/p>\r\n<h3>Fl\u00e4chige Ges\u00e4\u00df-\u00dcbung | relexa Faszienrolle<\/h3>\r\n<!--\r\n        \tBy <a href=\"https:\/\/www.dr-koch.de\/wissen\/index.php\/author\/wpadmin\/\">wpadmin<\/a>\r\n        \t | \r\n        \t12 Juli 2023\r\n        -->\r\n<ul>\r\n<li>Setze Dich mit dem Ges\u00e4\u00df auf die Massagerolle<\/li>\r\n<li>St\u00fctze Dich mit den H\u00e4nden seitlich ab<\/li>\r\n<li>Dabei winkelst Du ein Bein so an, dass Du ein sicheres und stabiles Gef\u00fchl hast. Nutze nun das angewinkelte Bein f\u00fcr die Vor- und R\u00fcckbewegung<\/li>\r\n<li>Massiere nun Deine Ges\u00e4\u00df-Muskulatur, indem Du vor- und zur\u00fcckrollst<\/li>\r\n<\/ul>\r\n<!--\r\n        \t<a href='https:\/\/www.dr-koch.de\/wissen\/index.php\/uebungen\/flaechige-po-uebung\/' title='Mehr lesen...'>Mehr lesen...<\/a>\r\n        -->\r\n<p><img decoding=\"async\" src=\"https:\/\/www.dr-koch.de\/wissen\/wp-content\/uploads\/2023\/07\/punktuelle-po-uebung-1024x683.jpg\" sizes=\"(max-width: 1024px) 100vw, 1024px\" srcset=\"https:\/\/www.dr-koch.de\/wissen\/wp-content\/uploads\/2023\/07\/punktuelle-po-uebung-1024x683.jpg 1024w, https:\/\/www.dr-koch.de\/wissen\/wp-content\/uploads\/2023\/07\/punktuelle-po-uebung-300x200.jpg 300w, https:\/\/www.dr-koch.de\/wissen\/wp-content\/uploads\/2023\/07\/punktuelle-po-uebung-768x512.jpg 768w, https:\/\/www.dr-koch.de\/wissen\/wp-content\/uploads\/2023\/07\/punktuelle-po-uebung.jpg 1200w\" alt=\"\" width=\"1024\" height=\"683\" \/><\/p>\r\n<h3>Punktuelle Ges\u00e4\u00df \u00dcbung | relexa Faszienball<\/h3>\r\n<!--\r\n        \tBy <a href=\"https:\/\/www.dr-koch.de\/wissen\/index.php\/author\/wpadmin\/\">wpadmin<\/a>\r\n        \t | \r\n        \t24 Juli 2023\r\n        -->\r\n<p>Die Massage der Ges\u00e4\u00dfmuskeln mit dem relexa\u00a0Massageball f\u00fchrt zur Dehnung und Entspannung der Faszien (Bindegewebe) und der Muskeln selbst. Die Durchblutung wird verbessert und der Abtransport von Stoffwechselprodukten und die Erholung beschleunigt. Die Po \u00dcbung kann mit beiden relexa\u00a0Massageb\u00e4llen (6 und 8 cm Durchmesser) duchgef\u00fchrt werden oder ganz gezielt mit dem Faszienball 6cm:<\/p>\r\n<p>Setze dich zun\u00e4chst mit einer Ges\u00e4\u00dfh\u00e4lfte auf den relexa Ball. St\u00fctze dich dabei mit beiden H\u00e4nden ab. Stelle die\u00a0Beine so auf, dass du sicher und stabil sitzt.<\/p>\r\n<p>Durch Vor- und R\u00fcckw\u00e4rtsbewegung mit den Beinen sowie Kreisbewegungen massierst du\u00a0 jetzt deine Ges\u00e4\u00dfmuskulatur.<\/p>\r\n<p>Als Variante kannst du die \u00dcbung auch mit dem relexa\u00a0Quadruppel durchf\u00fchren. Hierbei wird gezielt das tieferliegende Gewebe durch die Massagenoppen stimuliert.<\/p>\r\n<!--\r\n        \t<a href='https:\/\/www.dr-koch.de\/wissen\/index.php\/uebungen\/punktuelle-po-uebung\/' title='Mehr lesen...'>Mehr lesen...<\/a>\r\n        -->\r\n<p><img decoding=\"async\" src=\"https:\/\/www.dr-koch.de\/wissen\/wp-content\/uploads\/2023\/07\/seitlich-po-uebung-1024x683.jpg\" sizes=\"(max-width: 1024px) 100vw, 1024px\" srcset=\"https:\/\/www.dr-koch.de\/wissen\/wp-content\/uploads\/2023\/07\/seitlich-po-uebung-1024x683.jpg 1024w, https:\/\/www.dr-koch.de\/wissen\/wp-content\/uploads\/2023\/07\/seitlich-po-uebung-300x200.jpg 300w, https:\/\/www.dr-koch.de\/wissen\/wp-content\/uploads\/2023\/07\/seitlich-po-uebung-768x512.jpg 768w, https:\/\/www.dr-koch.de\/wissen\/wp-content\/uploads\/2023\/07\/seitlich-po-uebung.jpg 1200w\" alt=\"\" width=\"1024\" height=\"683\" \/><\/p>\r\n<h3>Seitliche Ges\u00e4\u00df \u00dcbung | relexa Faszienball<\/h3>\r\n<!--\r\n        \tBy <a href=\"https:\/\/www.dr-koch.de\/wissen\/index.php\/author\/wpadmin\/\">wpadmin<\/a>\r\n        \t | \r\n        \t24 Juli 2023\r\n        -->\r\n<p>Mit dieser Po \u00dcbung massierst du das seitliche Fasziengewebe an Ges\u00e4\u00df und Oberschenkel.<\/p>\r\n<p>Lege dich seitlich auf den Boden und st\u00fctze dich mit den H\u00e4nden ab. Strecke das untere Bein aus und setze das obere Bein etwa auf Knieh\u00f6he des unteren Beins vor dir ab.<\/p>\r\n<p>Platziere nun einen der relexa Massageb\u00e4lle unter deinem Ges\u00e4\u00df. Schiebe dich dann mit dem angewinkelten Bein vor und zur\u00fcck.<\/p>\r\n<p>Den Druck kannst du variieren, indem du dich mit den H\u00e4nden und dem angewinkelten Bein st\u00e4rker oder schw\u00e4cher abst\u00fctzt.<\/p>\r\n<!--\r\n        \t<a href='https:\/\/www.dr-koch.de\/wissen\/index.php\/uebungen\/seitliche-po-uebung\/' title='Mehr lesen...'>Mehr lesen...<\/a>\r\n        -->\r\n<p><img decoding=\"async\" src=\"https:\/\/www.dr-koch.de\/wissen\/wp-content\/uploads\/2023\/07\/Vorderer-Oberschenkel-1024x683.jpg\" sizes=\"(max-width: 1024px) 100vw, 1024px\" srcset=\"https:\/\/www.dr-koch.de\/wissen\/wp-content\/uploads\/2023\/07\/Vorderer-Oberschenkel-1024x683.jpg 1024w, https:\/\/www.dr-koch.de\/wissen\/wp-content\/uploads\/2023\/07\/Vorderer-Oberschenkel-300x200.jpg 300w, https:\/\/www.dr-koch.de\/wissen\/wp-content\/uploads\/2023\/07\/Vorderer-Oberschenkel-768x512.jpg 768w, https:\/\/www.dr-koch.de\/wissen\/wp-content\/uploads\/2023\/07\/Vorderer-Oberschenkel-1536x1025.jpg 1536w, https:\/\/www.dr-koch.de\/wissen\/wp-content\/uploads\/2023\/07\/Vorderer-Oberschenkel.jpg 1920w\" alt=\"\" width=\"1024\" height=\"683\" \/><\/p>\r\n<h3>Vorderer Oberschenkel | relexa Faszienrolle<\/h3>\r\n<!--\r\n        \tBy <a href=\"https:\/\/www.dr-koch.de\/wissen\/index.php\/author\/wpadmin\/\">wpadmin<\/a>\r\n        \t | \r\n        \t12 Juli 2023\r\n        -->\r\n<p>Mit dieser Faszienrollen-\u00dcbung kannst Du Muskelkr\u00e4mpfen im Oberschenkel (Quadrizeps) vorbeugen und entgegenwirken:<\/p>\r\n<ul>\r\n<li>Lege Dich zun\u00e4chst b\u00e4uchlings auf die relexa Massagerolle und st\u00fctze Dich dabei mit abgewinkelten Armen ab<\/li>\r\n<li>Die Massagerolle soll dabei unter den vorderen Oberschenkeln (Quadrizeps) zu liegen kommen<\/li>\r\n<li>Rolle nun einzeln jeweils nacheinander mit dem rechten und linken Oberschenkel \u00fcber die Massagerolle<\/li>\r\n<li>Alternativ kannst Du auch mit beiden Oberschenkeln gleichzeitig diese \u00dcbung durchf\u00fchren<\/li>\r\n<\/ul>\r\n<p>Achte darauf, den gesamten K\u00f6rper stabil zu halten und \u00fcber den gesamten Oberschenkel zu rollen<\/p>\r\n<!--\r\n        \t<a href='https:\/\/www.dr-koch.de\/wissen\/index.php\/uebungen\/vorderer-oberschenkel\/' title='Mehr lesen...'>Mehr lesen...<\/a>\r\n        -->\r\n<p><img decoding=\"async\" src=\"https:\/\/www.dr-koch.de\/wissen\/wp-content\/uploads\/2023\/07\/Seitlicher-Oberschenkel-1024x683.jpg\" sizes=\"(max-width: 1024px) 100vw, 1024px\" srcset=\"https:\/\/www.dr-koch.de\/wissen\/wp-content\/uploads\/2023\/07\/Seitlicher-Oberschenkel-1024x683.jpg 1024w, https:\/\/www.dr-koch.de\/wissen\/wp-content\/uploads\/2023\/07\/Seitlicher-Oberschenkel-300x200.jpg 300w, https:\/\/www.dr-koch.de\/wissen\/wp-content\/uploads\/2023\/07\/Seitlicher-Oberschenkel-768x512.jpg 768w, https:\/\/www.dr-koch.de\/wissen\/wp-content\/uploads\/2023\/07\/Seitlicher-Oberschenkel-1536x1025.jpg 1536w, https:\/\/www.dr-koch.de\/wissen\/wp-content\/uploads\/2023\/07\/Seitlicher-Oberschenkel.jpg 1920w\" alt=\"\" width=\"1024\" height=\"683\" \/><\/p>\r\n<h3>Seitlicher Oberschenkel | relexa Faszienrolle<\/h3>\r\n<!--\r\n        \tBy <a href=\"https:\/\/www.dr-koch.de\/wissen\/index.php\/author\/wpadmin\/\">wpadmin<\/a>\r\n        \t | \r\n        \t12 Juli 2023\r\n        -->\r\n<p>Wirkung: Massiert u.a. das Iliotibialband. Das sehr schmerzhafte Ilio-Tibiale Band-Syndrom (ITBS), auch L\u00e4uferknie genannt, kann mit\u00a0Massagerolle \u00dcbungen\u00a0sehr gut therapiert bzw. diesem vorgebeugt werden.<\/p>\r\n<ul>\r\n<li>Lege Dich mit einem Oberschenkel seitlich auf die relexa Massagerolle<\/li>\r\n<li>Die Arme st\u00fctzen bzw. stabilisieren den Oberk\u00f6rper<\/li>\r\n<li>Stelle das andere Bein vor sich auf den Boden<\/li>\r\n<li>Rolle den Oberschenkel jetzt auf der Massagerolle vor und zur\u00fcck \u2013 von der H\u00fcfte bis zum Knie<\/li>\r\n<\/ul>\r\n<p>Achte dabei ganz besonders auf eine stabile K\u00f6rperposition und auf die komplette Massage des gesamten Oberschenkels, denn die Massage des meist zun\u00e4chst recht schmerzhaften Iliotibialbandes f\u00fchrt h\u00e4ufig zu kleinen Ausweichbewegungen.<\/p>\r\n<!--\r\n        \t<a href='https:\/\/www.dr-koch.de\/wissen\/index.php\/uebungen\/seitlicher-oberschenkel\/' title='Mehr lesen...'>Mehr lesen...<\/a>\r\n        -->\r\n<p><img decoding=\"async\" src=\"https:\/\/www.dr-koch.de\/wissen\/wp-content\/uploads\/2023\/07\/Oberschenkel-Innenseite-1024x683.jpg\" sizes=\"(max-width: 1024px) 100vw, 1024px\" srcset=\"https:\/\/www.dr-koch.de\/wissen\/wp-content\/uploads\/2023\/07\/Oberschenkel-Innenseite-1024x683.jpg 1024w, https:\/\/www.dr-koch.de\/wissen\/wp-content\/uploads\/2023\/07\/Oberschenkel-Innenseite-300x200.jpg 300w, https:\/\/www.dr-koch.de\/wissen\/wp-content\/uploads\/2023\/07\/Oberschenkel-Innenseite-768x512.jpg 768w, https:\/\/www.dr-koch.de\/wissen\/wp-content\/uploads\/2023\/07\/Oberschenkel-Innenseite-1536x1025.jpg 1536w, https:\/\/www.dr-koch.de\/wissen\/wp-content\/uploads\/2023\/07\/Oberschenkel-Innenseite.jpg 1920w\" alt=\"\" width=\"1024\" height=\"683\" \/><\/p>\r\n<h3>Oberschenkel Innenseite | relexa Faszienrolle<\/h3>\r\n<!--\r\n        \tBy <a href=\"https:\/\/www.dr-koch.de\/wissen\/index.php\/author\/wpadmin\/\">wpadmin<\/a>\r\n        \t | \r\n        \t12 Juli 2023\r\n        -->\r\n<ul>\r\n<li>Lege Dich zun\u00e4chst auf den Bauch<\/li>\r\n<li>St\u00fctze Dich dabei mit abgewinkelten Armen ab<\/li>\r\n<li>Winkel ein Bein in Richtung Schulter an<\/li>\r\n<li>Lege den Oberschenkel mit der Innenseite auf die relexa<\/li>\r\n<li>Rolle die Innenseite des Oberschenkels auf der Massagerolle vom Knie bis zum Becken<\/li>\r\n<li>Besonders den Muskelansatz am Knie solltest Du bei dieser \u00dcbung ber\u00fccksichtigen<\/li>\r\n<\/ul>\r\n<!--\r\n        \t<a href='https:\/\/www.dr-koch.de\/wissen\/index.php\/uebungen\/oberschenkel-innenseite\/' title='Mehr lesen...'>Mehr lesen...<\/a>\r\n        -->\r\n<h2>Passende Produkte<\/h2>\r\n","protected":false},"excerpt":{"rendered":"<p>Bauch, Beine und Po Was haben \u00dcbungen f\u00fcr Rumpf oder Bauch, Beine und Po gemeinsam? Zun\u00e4chst kennt man die Bauch, Beine, Po Thematik &#8211; in Fachkreisen auch BBP genannt &#8211; sicherlich aus dem klassischen Fitness Studio. Hierbei geht es um gezieltes Bauchtraining, Po \u00dcbungen und Beintraining. Im Rahmen des relexa Faszientrainings geht es uns hierbei&hellip;<\/p>\n","protected":false},"author":1,"featured_media":173,"parent":0,"menu_order":0,"comment_status":"closed","ping_status":"closed","template":"","meta":{"_acf_changed":false,"inline_featured_image":false,"footnotes":""},"class_list":["post-316","page","type-page","status-publish","has-post-thumbnail","hentry"],"acf":[],"yoast_head":"<!-- This site is optimized with the Yoast SEO plugin v26.6 - https:\/\/yoast.com\/wordpress\/plugins\/seo\/ -->\r\n<title>Effektive \u00dcbungen f\u00fcr Bauch Beine Po - Loslegen<\/title>\r\n<meta name=\"description\" content=\"Effektive \u00dcbungen f\u00fcr Bauch, Beine &amp; Po - Erhalte ein straffes und sch\u00f6nes Erscheinungsbild. Entdecke jetzt die besten \u00dcbungen mit der Faszienrolle!\" \/>\r\n<meta name=\"robots\" content=\"index, follow, max-snippet:-1, max-image-preview:large, max-video-preview:-1\" \/>\r\n<link rel=\"canonical\" href=\"https:\/\/www.dr-koch.de\/wissen\/uebungen-fuer-bauch-beine-po\/\" \/>\r\n<meta property=\"og:locale\" content=\"de_DE\" \/>\r\n<meta property=\"og:type\" content=\"article\" \/>\r\n<meta property=\"og:title\" content=\"Effektive \u00dcbungen f\u00fcr Bauch Beine Po - Loslegen\" \/>\r\n<meta property=\"og:description\" content=\"Effektive \u00dcbungen f\u00fcr Bauch, Beine &amp; Po - Erhalte ein straffes und sch\u00f6nes Erscheinungsbild. Entdecke jetzt die besten \u00dcbungen mit der Faszienrolle!\" \/>\r\n<meta property=\"og:url\" content=\"https:\/\/www.dr-koch.de\/wissen\/uebungen-fuer-bauch-beine-po\/\" \/>\r\n<meta property=\"og:site_name\" content=\"Dr. Paul Koch GmbH\" \/>\r\n<meta property=\"article:publisher\" content=\"https:\/\/www.facebook.com\/relexa.fit\/?locale=de_DE\" \/>\r\n<meta property=\"article:modified_time\" content=\"2023-11-14T08:50:57+00:00\" \/>\r\n<meta property=\"og:image\" content=\"https:\/\/www.dr-koch.de\/wissen\/wp-content\/uploads\/2023\/07\/Po.jpg\" \/>\r\n\t<meta property=\"og:image:width\" content=\"1920\" \/>\r\n\t<meta property=\"og:image:height\" content=\"1281\" \/>\r\n\t<meta property=\"og:image:type\" content=\"image\/jpeg\" \/>\r\n<meta name=\"twitter:card\" content=\"summary_large_image\" \/>\r\n<meta name=\"twitter:label1\" content=\"Gesch\u00e4tzte Lesezeit\" \/>\n\t<meta name=\"twitter:data1\" content=\"6\u00a0Minuten\" \/>\r\n<script type=\"application\/ld+json\" class=\"yoast-schema-graph\">{\"@context\":\"https:\/\/schema.org\",\"@graph\":[{\"@type\":\"WebPage\",\"@id\":\"https:\/\/www.dr-koch.de\/wissen\/uebungen-fuer-bauch-beine-po\/\",\"url\":\"https:\/\/www.dr-koch.de\/wissen\/uebungen-fuer-bauch-beine-po\/\",\"name\":\"Effektive \u00dcbungen f\u00fcr Bauch Beine Po - Loslegen\",\"isPartOf\":{\"@id\":\"https:\/\/www.dr-koch.de\/wissen\/#website\"},\"primaryImageOfPage\":{\"@id\":\"https:\/\/www.dr-koch.de\/wissen\/uebungen-fuer-bauch-beine-po\/#primaryimage\"},\"image\":{\"@id\":\"https:\/\/www.dr-koch.de\/wissen\/uebungen-fuer-bauch-beine-po\/#primaryimage\"},\"thumbnailUrl\":\"https:\/\/www.dr-koch.de\/wissen\/wp-content\/uploads\/2023\/07\/Po.jpg\",\"datePublished\":\"2023-07-26T13:47:41+00:00\",\"dateModified\":\"2023-11-14T08:50:57+00:00\",\"description\":\"Effektive \u00dcbungen f\u00fcr Bauch, Beine & Po - Erhalte ein straffes und sch\u00f6nes Erscheinungsbild. Entdecke jetzt die besten \u00dcbungen mit der Faszienrolle!\",\"breadcrumb\":{\"@id\":\"https:\/\/www.dr-koch.de\/wissen\/uebungen-fuer-bauch-beine-po\/#breadcrumb\"},\"inLanguage\":\"de\",\"potentialAction\":[{\"@type\":\"ReadAction\",\"target\":[\"https:\/\/www.dr-koch.de\/wissen\/uebungen-fuer-bauch-beine-po\/\"]}]},{\"@type\":\"ImageObject\",\"inLanguage\":\"de\",\"@id\":\"https:\/\/www.dr-koch.de\/wissen\/uebungen-fuer-bauch-beine-po\/#primaryimage\",\"url\":\"https:\/\/www.dr-koch.de\/wissen\/wp-content\/uploads\/2023\/07\/Po.jpg\",\"contentUrl\":\"https:\/\/www.dr-koch.de\/wissen\/wp-content\/uploads\/2023\/07\/Po.jpg\",\"width\":1920,\"height\":1281},{\"@type\":\"BreadcrumbList\",\"@id\":\"https:\/\/www.dr-koch.de\/wissen\/uebungen-fuer-bauch-beine-po\/#breadcrumb\",\"itemListElement\":[{\"@type\":\"ListItem\",\"position\":1,\"name\":\"Home\",\"item\":\"https:\/\/www.dr-koch.de\/wissen\/\"},{\"@type\":\"ListItem\",\"position\":2,\"name\":\"\u00dcbungen f\u00fcr Bauch, Beine und Po\"}]},{\"@type\":\"WebSite\",\"@id\":\"https:\/\/www.dr-koch.de\/wissen\/#website\",\"url\":\"https:\/\/www.dr-koch.de\/wissen\/\",\"name\":\"Dr. Paul Koch GmbH\",\"description\":\"\",\"publisher\":{\"@id\":\"https:\/\/www.dr-koch.de\/wissen\/#organization\"},\"potentialAction\":[{\"@type\":\"SearchAction\",\"target\":{\"@type\":\"EntryPoint\",\"urlTemplate\":\"https:\/\/www.dr-koch.de\/wissen\/?s={search_term_string}\"},\"query-input\":{\"@type\":\"PropertyValueSpecification\",\"valueRequired\":true,\"valueName\":\"search_term_string\"}}],\"inLanguage\":\"de\"},{\"@type\":\"Organization\",\"@id\":\"https:\/\/www.dr-koch.de\/wissen\/#organization\",\"name\":\"Dr. Paul Koch GmbH\",\"alternateName\":\"relexa\",\"url\":\"https:\/\/www.dr-koch.de\/wissen\/\",\"logo\":{\"@type\":\"ImageObject\",\"inLanguage\":\"de\",\"@id\":\"https:\/\/www.dr-koch.de\/wissen\/#\/schema\/logo\/image\/\",\"url\":\"https:\/\/www.dr-koch.de\/wissen\/wp-content\/uploads\/2023\/06\/nav-logo-koch.svg\",\"contentUrl\":\"https:\/\/www.dr-koch.de\/wissen\/wp-content\/uploads\/2023\/06\/nav-logo-koch.svg\",\"width\":266,\"height\":60,\"caption\":\"Dr. Paul Koch GmbH\"},\"image\":{\"@id\":\"https:\/\/www.dr-koch.de\/wissen\/#\/schema\/logo\/image\/\"},\"sameAs\":[\"https:\/\/www.facebook.com\/relexa.fit\/?locale=de_DE\",\"https:\/\/www.youtube.com\/channel\/UC9uGb6vJqdZpRrWZDKvKHIw\"]}]}<\/script>\r\n<!-- \/ Yoast SEO plugin. -->","yoast_head_json":{"title":"Effektive \u00dcbungen f\u00fcr Bauch Beine Po - Loslegen","description":"Effektive \u00dcbungen f\u00fcr Bauch, Beine & Po - Erhalte ein straffes und sch\u00f6nes Erscheinungsbild. Entdecke jetzt die besten \u00dcbungen mit der Faszienrolle!","robots":{"index":"index","follow":"follow","max-snippet":"max-snippet:-1","max-image-preview":"max-image-preview:large","max-video-preview":"max-video-preview:-1"},"canonical":"https:\/\/www.dr-koch.de\/wissen\/uebungen-fuer-bauch-beine-po\/","og_locale":"de_DE","og_type":"article","og_title":"Effektive \u00dcbungen f\u00fcr Bauch Beine Po - Loslegen","og_description":"Effektive \u00dcbungen f\u00fcr Bauch, Beine & Po - Erhalte ein straffes und sch\u00f6nes Erscheinungsbild. Entdecke jetzt die besten \u00dcbungen mit der Faszienrolle!","og_url":"https:\/\/www.dr-koch.de\/wissen\/uebungen-fuer-bauch-beine-po\/","og_site_name":"Dr. Paul Koch GmbH","article_publisher":"https:\/\/www.facebook.com\/relexa.fit\/?locale=de_DE","article_modified_time":"2023-11-14T08:50:57+00:00","og_image":[{"width":1920,"height":1281,"url":"https:\/\/www.dr-koch.de\/wissen\/wp-content\/uploads\/2023\/07\/Po.jpg","type":"image\/jpeg"}],"twitter_card":"summary_large_image","twitter_misc":{"Gesch\u00e4tzte Lesezeit":"6\u00a0Minuten"},"schema":{"@context":"https:\/\/schema.org","@graph":[{"@type":"WebPage","@id":"https:\/\/www.dr-koch.de\/wissen\/uebungen-fuer-bauch-beine-po\/","url":"https:\/\/www.dr-koch.de\/wissen\/uebungen-fuer-bauch-beine-po\/","name":"Effektive \u00dcbungen f\u00fcr Bauch Beine Po - Loslegen","isPartOf":{"@id":"https:\/\/www.dr-koch.de\/wissen\/#website"},"primaryImageOfPage":{"@id":"https:\/\/www.dr-koch.de\/wissen\/uebungen-fuer-bauch-beine-po\/#primaryimage"},"image":{"@id":"https:\/\/www.dr-koch.de\/wissen\/uebungen-fuer-bauch-beine-po\/#primaryimage"},"thumbnailUrl":"https:\/\/www.dr-koch.de\/wissen\/wp-content\/uploads\/2023\/07\/Po.jpg","datePublished":"2023-07-26T13:47:41+00:00","dateModified":"2023-11-14T08:50:57+00:00","description":"Effektive \u00dcbungen f\u00fcr Bauch, Beine & Po - Erhalte ein straffes und sch\u00f6nes Erscheinungsbild. Entdecke jetzt die besten \u00dcbungen mit der Faszienrolle!","breadcrumb":{"@id":"https:\/\/www.dr-koch.de\/wissen\/uebungen-fuer-bauch-beine-po\/#breadcrumb"},"inLanguage":"de","potentialAction":[{"@type":"ReadAction","target":["https:\/\/www.dr-koch.de\/wissen\/uebungen-fuer-bauch-beine-po\/"]}]},{"@type":"ImageObject","inLanguage":"de","@id":"https:\/\/www.dr-koch.de\/wissen\/uebungen-fuer-bauch-beine-po\/#primaryimage","url":"https:\/\/www.dr-koch.de\/wissen\/wp-content\/uploads\/2023\/07\/Po.jpg","contentUrl":"https:\/\/www.dr-koch.de\/wissen\/wp-content\/uploads\/2023\/07\/Po.jpg","width":1920,"height":1281},{"@type":"BreadcrumbList","@id":"https:\/\/www.dr-koch.de\/wissen\/uebungen-fuer-bauch-beine-po\/#breadcrumb","itemListElement":[{"@type":"ListItem","position":1,"name":"Home","item":"https:\/\/www.dr-koch.de\/wissen\/"},{"@type":"ListItem","position":2,"name":"\u00dcbungen f\u00fcr Bauch, Beine und Po"}]},{"@type":"WebSite","@id":"https:\/\/www.dr-koch.de\/wissen\/#website","url":"https:\/\/www.dr-koch.de\/wissen\/","name":"Dr. Paul Koch GmbH","description":"","publisher":{"@id":"https:\/\/www.dr-koch.de\/wissen\/#organization"},"potentialAction":[{"@type":"SearchAction","target":{"@type":"EntryPoint","urlTemplate":"https:\/\/www.dr-koch.de\/wissen\/?s={search_term_string}"},"query-input":{"@type":"PropertyValueSpecification","valueRequired":true,"valueName":"search_term_string"}}],"inLanguage":"de"},{"@type":"Organization","@id":"https:\/\/www.dr-koch.de\/wissen\/#organization","name":"Dr. Paul Koch GmbH","alternateName":"relexa","url":"https:\/\/www.dr-koch.de\/wissen\/","logo":{"@type":"ImageObject","inLanguage":"de","@id":"https:\/\/www.dr-koch.de\/wissen\/#\/schema\/logo\/image\/","url":"https:\/\/www.dr-koch.de\/wissen\/wp-content\/uploads\/2023\/06\/nav-logo-koch.svg","contentUrl":"https:\/\/www.dr-koch.de\/wissen\/wp-content\/uploads\/2023\/06\/nav-logo-koch.svg","width":266,"height":60,"caption":"Dr. Paul Koch GmbH"},"image":{"@id":"https:\/\/www.dr-koch.de\/wissen\/#\/schema\/logo\/image\/"},"sameAs":["https:\/\/www.facebook.com\/relexa.fit\/?locale=de_DE","https:\/\/www.youtube.com\/channel\/UC9uGb6vJqdZpRrWZDKvKHIw"]}]}},"_links":{"self":[{"href":"https:\/\/www.dr-koch.de\/wissen\/wp-json\/wp\/v2\/pages\/316","targetHints":{"allow":["GET"]}}],"collection":[{"href":"https:\/\/www.dr-koch.de\/wissen\/wp-json\/wp\/v2\/pages"}],"about":[{"href":"https:\/\/www.dr-koch.de\/wissen\/wp-json\/wp\/v2\/types\/page"}],"author":[{"embeddable":true,"href":"https:\/\/www.dr-koch.de\/wissen\/wp-json\/wp\/v2\/users\/1"}],"replies":[{"embeddable":true,"href":"https:\/\/www.dr-koch.de\/wissen\/wp-json\/wp\/v2\/comments?post=316"}],"version-history":[{"count":6,"href":"https:\/\/www.dr-koch.de\/wissen\/wp-json\/wp\/v2\/pages\/316\/revisions"}],"predecessor-version":[{"id":1064,"href":"https:\/\/www.dr-koch.de\/wissen\/wp-json\/wp\/v2\/pages\/316\/revisions\/1064"}],"wp:featuredmedia":[{"embeddable":true,"href":"https:\/\/www.dr-koch.de\/wissen\/wp-json\/wp\/v2\/media\/173"}],"wp:attachment":[{"href":"https:\/\/www.dr-koch.de\/wissen\/wp-json\/wp\/v2\/media?parent=316"}],"curies":[{"name":"wp","href":"https:\/\/api.w.org\/{rel}","templated":true}]}}