{"id":1058,"date":"2023-09-20T07:45:03","date_gmt":"2023-09-20T05:45:03","guid":{"rendered":"https:\/\/www.dr-koch.de\/wissen\/?page_id=1058"},"modified":"2023-11-14T09:09:23","modified_gmt":"2023-11-14T08:09:23","slug":"koerperregionen","status":"publish","type":"page","link":"https:\/\/www.dr-koch.de\/wissen\/koerperregionen\/","title":{"rendered":"\u00dcbungen nach K\u00f6rperregionen"},"content":{"rendered":"\r\n<p><img decoding=\"async\" title=\"faszien-erklaert-emo1\" src=\"https:\/\/www.dr-koch.de\/wissen\/wp-content\/uploads\/2023\/07\/faszien-erklaert-emo1.jpg\" alt=\"faszien-erklaert-emo1\" width=\"1920\" height=\"830\" \/><\/p>\r\n<h1>\u00dcbungen nach K\u00f6rperregionen<\/h1>\r\n<h2>Entdecke die relexa Produkte<\/h2>\r\n<p>Entdecke die Vielfalt der relexa Produktwelt in unserem Shop. Von fl\u00e4chig bis punktuell von schwarz bis bunt &#8211; die relexa Faszien-Produkte bieten dir eine umfassende Auswahl.<\/p>\r\n<p><a href=\"https:\/\/www.dr-koch.de\/relexa\" target=\"_blank\" rel=\"noopener\"> Zum relexa Shop <\/a> <img decoding=\"async\" title=\"faszien-erklaert-emo1\" src=\"https:\/\/www.dr-koch.de\/wissen\/wp-content\/uploads\/2023\/07\/faszien-erklaert-emo1.jpg\" alt=\"faszien-erklaert-emo1\" width=\"1920\" height=\"830\" \/> <img decoding=\"async\" title=\"Doc Weingart Active Drink\" src=\"https:\/\/www.dr-koch.de\/wissen\/wp-content\/uploads\/2023\/09\/DOC-Drink-Konferenz.jpg\" alt=\"Doc Weingart Active Drink\" width=\"1400\" height=\"934\" \/><\/p>\r\n<h2>Eine Marke von Dr. Paul Koch<\/h2>\r\n<p>Bereits seit 1879 k\u00fcmmert sich das Familienunternehmen Dr. Paul Koch um das Thema Gesundheit und zwar mittlerweile in 5. Generation. Die eigene Marke relexa trat 2019 in Erscheinung nach mittlerweile \u00fcber 10 Jahren Erfahrung mit Produkten f\u00fcr das Faszientraining.<\/p>\r\n<p><a href=\"https:\/\/www.dr-koch.de\/Dr-Paul-Koch\" target=\"_blank\" rel=\"noopener\"> Zum Dr. Koch Shop <\/a><\/p>\r\n","protected":false},"excerpt":{"rendered":"<p>\u00dcbungen nach K\u00f6rperregionen Entdecke die relexa Produkte Entdecke die Vielfalt der relexa Produktwelt in unserem Shop. Von fl\u00e4chig bis punktuell von schwarz bis bunt &#8211; die relexa Faszien-Produkte bieten dir eine umfassende Auswahl. Zum relexa Shop Eine Marke von Dr. Paul Koch Bereits seit 1879 k\u00fcmmert sich das Familienunternehmen Dr. Paul Koch um das Thema&hellip;<\/p>\n","protected":false},"author":1,"featured_media":0,"parent":0,"menu_order":0,"comment_status":"closed","ping_status":"closed","template":"","meta":{"_acf_changed":false,"inline_featured_image":false,"footnotes":""},"class_list":["post-1058","page","type-page","status-publish","hentry"],"acf":[],"yoast_head":"<!-- This site is optimized with the Yoast SEO plugin v26.6 - https:\/\/yoast.com\/wordpress\/plugins\/seo\/ -->\r\n<title>K\u00f6rperregionen: Anatomische \u00dcbersicht der Faszien<\/title>\r\n<meta name=\"description\" content=\"Entdecke K\u00f6rperregionen: Umfassende \u00dcbersicht und wertvolle Informationen f\u00fcr eine bessere anatomische Kenntnis und die Wirkung von Faszienrollen.\" \/>\r\n<meta name=\"robots\" content=\"index, follow, max-snippet:-1, max-image-preview:large, max-video-preview:-1\" \/>\r\n<link rel=\"canonical\" href=\"https:\/\/www.dr-koch.de\/wissen\/koerperregionen\/\" \/>\r\n<meta property=\"og:locale\" content=\"de_DE\" \/>\r\n<meta property=\"og:type\" content=\"article\" \/>\r\n<meta property=\"og:title\" content=\"K\u00f6rperregionen: Anatomische \u00dcbersicht der Faszien\" \/>\r\n<meta property=\"og:description\" content=\"Entdecke K\u00f6rperregionen: Umfassende \u00dcbersicht und wertvolle Informationen f\u00fcr eine bessere anatomische Kenntnis und die Wirkung von Faszienrollen.\" \/>\r\n<meta property=\"og:url\" content=\"https:\/\/www.dr-koch.de\/wissen\/koerperregionen\/\" \/>\r\n<meta property=\"og:site_name\" content=\"Dr. Paul Koch GmbH\" \/>\r\n<meta property=\"article:publisher\" content=\"https:\/\/www.facebook.com\/relexa.fit\/?locale=de_DE\" \/>\r\n<meta property=\"article:modified_time\" content=\"2023-11-14T08:09:23+00:00\" \/>\r\n<meta property=\"og:image\" content=\"https:\/\/www.dr-koch.de\/wissen\/wp-content\/uploads\/2023\/07\/faszien-erklaert-emo1.jpg\" \/>\r\n<meta name=\"twitter:card\" content=\"summary_large_image\" \/>\r\n<meta name=\"twitter:label1\" content=\"Gesch\u00e4tzte Lesezeit\" \/>\n\t<meta name=\"twitter:data1\" content=\"2\u00a0Minuten\" \/>\r\n<script type=\"application\/ld+json\" class=\"yoast-schema-graph\">{\"@context\":\"https:\/\/schema.org\",\"@graph\":[{\"@type\":\"WebPage\",\"@id\":\"https:\/\/www.dr-koch.de\/wissen\/koerperregionen\/\",\"url\":\"https:\/\/www.dr-koch.de\/wissen\/koerperregionen\/\",\"name\":\"K\u00f6rperregionen: Anatomische \u00dcbersicht der Faszien\",\"isPartOf\":{\"@id\":\"https:\/\/www.dr-koch.de\/wissen\/#website\"},\"primaryImageOfPage\":{\"@id\":\"https:\/\/www.dr-koch.de\/wissen\/koerperregionen\/#primaryimage\"},\"image\":{\"@id\":\"https:\/\/www.dr-koch.de\/wissen\/koerperregionen\/#primaryimage\"},\"thumbnailUrl\":\"https:\/\/www.dr-koch.de\/wissen\/wp-content\/uploads\/2023\/07\/faszien-erklaert-emo1.jpg\",\"datePublished\":\"2023-09-20T05:45:03+00:00\",\"dateModified\":\"2023-11-14T08:09:23+00:00\",\"description\":\"Entdecke K\u00f6rperregionen: Umfassende \u00dcbersicht und wertvolle Informationen f\u00fcr eine bessere anatomische Kenntnis und die Wirkung von Faszienrollen.\",\"breadcrumb\":{\"@id\":\"https:\/\/www.dr-koch.de\/wissen\/koerperregionen\/#breadcrumb\"},\"inLanguage\":\"de\",\"potentialAction\":[{\"@type\":\"ReadAction\",\"target\":[\"https:\/\/www.dr-koch.de\/wissen\/koerperregionen\/\"]}]},{\"@type\":\"ImageObject\",\"inLanguage\":\"de\",\"@id\":\"https:\/\/www.dr-koch.de\/wissen\/koerperregionen\/#primaryimage\",\"url\":\"https:\/\/www.dr-koch.de\/wissen\/wp-content\/uploads\/2023\/07\/faszien-erklaert-emo1.jpg\",\"contentUrl\":\"https:\/\/www.dr-koch.de\/wissen\/wp-content\/uploads\/2023\/07\/faszien-erklaert-emo1.jpg\",\"width\":1920,\"height\":830},{\"@type\":\"BreadcrumbList\",\"@id\":\"https:\/\/www.dr-koch.de\/wissen\/koerperregionen\/#breadcrumb\",\"itemListElement\":[{\"@type\":\"ListItem\",\"position\":1,\"name\":\"Home\",\"item\":\"https:\/\/www.dr-koch.de\/wissen\/\"},{\"@type\":\"ListItem\",\"position\":2,\"name\":\"\u00dcbungen nach K\u00f6rperregionen\"}]},{\"@type\":\"WebSite\",\"@id\":\"https:\/\/www.dr-koch.de\/wissen\/#website\",\"url\":\"https:\/\/www.dr-koch.de\/wissen\/\",\"name\":\"Dr. Paul Koch GmbH\",\"description\":\"\",\"publisher\":{\"@id\":\"https:\/\/www.dr-koch.de\/wissen\/#organization\"},\"potentialAction\":[{\"@type\":\"SearchAction\",\"target\":{\"@type\":\"EntryPoint\",\"urlTemplate\":\"https:\/\/www.dr-koch.de\/wissen\/?s={search_term_string}\"},\"query-input\":{\"@type\":\"PropertyValueSpecification\",\"valueRequired\":true,\"valueName\":\"search_term_string\"}}],\"inLanguage\":\"de\"},{\"@type\":\"Organization\",\"@id\":\"https:\/\/www.dr-koch.de\/wissen\/#organization\",\"name\":\"Dr. Paul Koch GmbH\",\"alternateName\":\"relexa\",\"url\":\"https:\/\/www.dr-koch.de\/wissen\/\",\"logo\":{\"@type\":\"ImageObject\",\"inLanguage\":\"de\",\"@id\":\"https:\/\/www.dr-koch.de\/wissen\/#\/schema\/logo\/image\/\",\"url\":\"https:\/\/www.dr-koch.de\/wissen\/wp-content\/uploads\/2023\/06\/nav-logo-koch.svg\",\"contentUrl\":\"https:\/\/www.dr-koch.de\/wissen\/wp-content\/uploads\/2023\/06\/nav-logo-koch.svg\",\"width\":266,\"height\":60,\"caption\":\"Dr. Paul Koch GmbH\"},\"image\":{\"@id\":\"https:\/\/www.dr-koch.de\/wissen\/#\/schema\/logo\/image\/\"},\"sameAs\":[\"https:\/\/www.facebook.com\/relexa.fit\/?locale=de_DE\",\"https:\/\/www.youtube.com\/channel\/UC9uGb6vJqdZpRrWZDKvKHIw\"]}]}<\/script>\r\n<!-- \/ Yoast SEO plugin. -->","yoast_head_json":{"title":"K\u00f6rperregionen: Anatomische \u00dcbersicht der Faszien","description":"Entdecke K\u00f6rperregionen: Umfassende \u00dcbersicht und wertvolle Informationen f\u00fcr eine bessere anatomische Kenntnis und die Wirkung von Faszienrollen.","robots":{"index":"index","follow":"follow","max-snippet":"max-snippet:-1","max-image-preview":"max-image-preview:large","max-video-preview":"max-video-preview:-1"},"canonical":"https:\/\/www.dr-koch.de\/wissen\/koerperregionen\/","og_locale":"de_DE","og_type":"article","og_title":"K\u00f6rperregionen: Anatomische \u00dcbersicht der Faszien","og_description":"Entdecke K\u00f6rperregionen: Umfassende \u00dcbersicht und wertvolle Informationen f\u00fcr eine bessere anatomische Kenntnis und die Wirkung von Faszienrollen.","og_url":"https:\/\/www.dr-koch.de\/wissen\/koerperregionen\/","og_site_name":"Dr. Paul Koch GmbH","article_publisher":"https:\/\/www.facebook.com\/relexa.fit\/?locale=de_DE","article_modified_time":"2023-11-14T08:09:23+00:00","og_image":[{"url":"https:\/\/www.dr-koch.de\/wissen\/wp-content\/uploads\/2023\/07\/faszien-erklaert-emo1.jpg","type":"","width":"","height":""}],"twitter_card":"summary_large_image","twitter_misc":{"Gesch\u00e4tzte Lesezeit":"2\u00a0Minuten"},"schema":{"@context":"https:\/\/schema.org","@graph":[{"@type":"WebPage","@id":"https:\/\/www.dr-koch.de\/wissen\/koerperregionen\/","url":"https:\/\/www.dr-koch.de\/wissen\/koerperregionen\/","name":"K\u00f6rperregionen: Anatomische \u00dcbersicht der Faszien","isPartOf":{"@id":"https:\/\/www.dr-koch.de\/wissen\/#website"},"primaryImageOfPage":{"@id":"https:\/\/www.dr-koch.de\/wissen\/koerperregionen\/#primaryimage"},"image":{"@id":"https:\/\/www.dr-koch.de\/wissen\/koerperregionen\/#primaryimage"},"thumbnailUrl":"https:\/\/www.dr-koch.de\/wissen\/wp-content\/uploads\/2023\/07\/faszien-erklaert-emo1.jpg","datePublished":"2023-09-20T05:45:03+00:00","dateModified":"2023-11-14T08:09:23+00:00","description":"Entdecke K\u00f6rperregionen: Umfassende \u00dcbersicht und wertvolle Informationen f\u00fcr eine bessere anatomische Kenntnis und die Wirkung von Faszienrollen.","breadcrumb":{"@id":"https:\/\/www.dr-koch.de\/wissen\/koerperregionen\/#breadcrumb"},"inLanguage":"de","potentialAction":[{"@type":"ReadAction","target":["https:\/\/www.dr-koch.de\/wissen\/koerperregionen\/"]}]},{"@type":"ImageObject","inLanguage":"de","@id":"https:\/\/www.dr-koch.de\/wissen\/koerperregionen\/#primaryimage","url":"https:\/\/www.dr-koch.de\/wissen\/wp-content\/uploads\/2023\/07\/faszien-erklaert-emo1.jpg","contentUrl":"https:\/\/www.dr-koch.de\/wissen\/wp-content\/uploads\/2023\/07\/faszien-erklaert-emo1.jpg","width":1920,"height":830},{"@type":"BreadcrumbList","@id":"https:\/\/www.dr-koch.de\/wissen\/koerperregionen\/#breadcrumb","itemListElement":[{"@type":"ListItem","position":1,"name":"Home","item":"https:\/\/www.dr-koch.de\/wissen\/"},{"@type":"ListItem","position":2,"name":"\u00dcbungen nach K\u00f6rperregionen"}]},{"@type":"WebSite","@id":"https:\/\/www.dr-koch.de\/wissen\/#website","url":"https:\/\/www.dr-koch.de\/wissen\/","name":"Dr. Paul Koch GmbH","description":"","publisher":{"@id":"https:\/\/www.dr-koch.de\/wissen\/#organization"},"potentialAction":[{"@type":"SearchAction","target":{"@type":"EntryPoint","urlTemplate":"https:\/\/www.dr-koch.de\/wissen\/?s={search_term_string}"},"query-input":{"@type":"PropertyValueSpecification","valueRequired":true,"valueName":"search_term_string"}}],"inLanguage":"de"},{"@type":"Organization","@id":"https:\/\/www.dr-koch.de\/wissen\/#organization","name":"Dr. Paul Koch GmbH","alternateName":"relexa","url":"https:\/\/www.dr-koch.de\/wissen\/","logo":{"@type":"ImageObject","inLanguage":"de","@id":"https:\/\/www.dr-koch.de\/wissen\/#\/schema\/logo\/image\/","url":"https:\/\/www.dr-koch.de\/wissen\/wp-content\/uploads\/2023\/06\/nav-logo-koch.svg","contentUrl":"https:\/\/www.dr-koch.de\/wissen\/wp-content\/uploads\/2023\/06\/nav-logo-koch.svg","width":266,"height":60,"caption":"Dr. Paul Koch GmbH"},"image":{"@id":"https:\/\/www.dr-koch.de\/wissen\/#\/schema\/logo\/image\/"},"sameAs":["https:\/\/www.facebook.com\/relexa.fit\/?locale=de_DE","https:\/\/www.youtube.com\/channel\/UC9uGb6vJqdZpRrWZDKvKHIw"]}]}},"_links":{"self":[{"href":"https:\/\/www.dr-koch.de\/wissen\/wp-json\/wp\/v2\/pages\/1058","targetHints":{"allow":["GET"]}}],"collection":[{"href":"https:\/\/www.dr-koch.de\/wissen\/wp-json\/wp\/v2\/pages"}],"about":[{"href":"https:\/\/www.dr-koch.de\/wissen\/wp-json\/wp\/v2\/types\/page"}],"author":[{"embeddable":true,"href":"https:\/\/www.dr-koch.de\/wissen\/wp-json\/wp\/v2\/users\/1"}],"replies":[{"embeddable":true,"href":"https:\/\/www.dr-koch.de\/wissen\/wp-json\/wp\/v2\/comments?post=1058"}],"version-history":[{"count":6,"href":"https:\/\/www.dr-koch.de\/wissen\/wp-json\/wp\/v2\/pages\/1058\/revisions"}],"predecessor-version":[{"id":1132,"href":"https:\/\/www.dr-koch.de\/wissen\/wp-json\/wp\/v2\/pages\/1058\/revisions\/1132"}],"wp:attachment":[{"href":"https:\/\/www.dr-koch.de\/wissen\/wp-json\/wp\/v2\/media?parent=1058"}],"curies":[{"name":"wp","href":"https:\/\/api.w.org\/{rel}","templated":true}]}}